{"id":149,"date":"2023-04-11T18:22:07","date_gmt":"2023-04-11T16:22:07","guid":{"rendered":"https:\/\/amblussemburgo.esteri.it\/visti\/"},"modified":"2024-06-24T10:54:00","modified_gmt":"2024-06-24T08:54:00","slug":"visti","status":"publish","type":"page","link":"https:\/\/amblussemburgo.esteri.it\/fr\/servizi-consolari-e-visti\/servizi-per-il-cittadino-straniero\/visti\/","title":{"rendered":"VISAS"},"content":{"rendered":"<p>VISAS<\/p>\n<p>&nbsp;<\/p>\n<p align=\"justify\">The Visa Office handles the issuance of visas allowing applicants entrance into Italy or the EU. Office personnel are available to the public for consultation on what type of visa to apply for.<\/p>\n<p>La comp\u00e9tence pour les demandes de Visa pour les citoyens \u00e9trangers r\u00e9sidents au Luxembourg est attribu\u00e9e \u00e0 la Chancellerie consulaire de l\u2019Ambassade d\u2019Italie \u00e0 Bruxelles.<\/p>\n<p>Horaires d\u2019ouverture:<\/p>\n<p><a href=\"https:\/\/ambbruxelles.esteri.it\/en\/servizi-consolari-e-visti\/\">https:\/\/ambbruxelles.esteri.it\/en\/servizi-consolari-e-visti\/<\/a><\/p>\n<p><a href=\"mailto:visti.bruxelles@esteri.it\">visti.bruxelles@esteri.it<\/a><\/p>\n<p>Tel. 003225431555<\/p>\n","protected":false},"excerpt":{"rendered":"VISAS &nbsp; The Visa Office handles the issuance of visas allowing applicants entrance into Italy or the EU. Office personnel are available to the public for consultation on what type of visa to apply for. La comp\u00e9tence pour les demandes de Visa pour les citoyens \u00e9trangers r\u00e9sidents au Luxembourg est attribu\u00e9e \u00e0 la Chancellerie consulaire [&hellip;]","protected":false},"author":1,"featured_media":0,"parent":195,"menu_order":0,"comment_status":"closed","ping_status":"closed","template":"","meta":{"footnotes":""},"class_list":["post-149","page","type-page","status-publish","hentry"],"_links":{"self":[{"href":"https:\/\/amblussemburgo.esteri.it\/fr\/wp-json\/wp\/v2\/pages\/149","targetHints":{"allow":["GET"]}}],"collection":[{"href":"https:\/\/amblussemburgo.esteri.it\/fr\/wp-json\/wp\/v2\/pages"}],"about":[{"href":"https:\/\/amblussemburgo.esteri.it\/fr\/wp-json\/wp\/v2\/types\/page"}],"author":[{"embeddable":true,"href":"https:\/\/amblussemburgo.esteri.it\/fr\/wp-json\/wp\/v2\/users\/1"}],"replies":[{"embeddable":true,"href":"https:\/\/amblussemburgo.esteri.it\/fr\/wp-json\/wp\/v2\/comments?post=149"}],"version-history":[{"count":3,"href":"https:\/\/amblussemburgo.esteri.it\/fr\/wp-json\/wp\/v2\/pages\/149\/revisions"}],"predecessor-version":[{"id":2149,"href":"https:\/\/amblussemburgo.esteri.it\/fr\/wp-json\/wp\/v2\/pages\/149\/revisions\/2149"}],"up":[{"embeddable":true,"href":"https:\/\/amblussemburgo.esteri.it\/fr\/wp-json\/wp\/v2\/pages\/195"}],"wp:attachment":[{"href":"https:\/\/amblussemburgo.esteri.it\/fr\/wp-json\/wp\/v2\/media?parent=149"}],"curies":[{"name":"wp","href":"https:\/\/api.w.org\/{rel}","templated":true}]}}