{"id":156,"date":"2023-04-11T17:07:36","date_gmt":"2023-04-11T15:07:36","guid":{"rendered":"https:\/\/amblussemburgo.esteri.it\/chi-siamo\/"},"modified":"2026-01-05T17:16:44","modified_gmt":"2026-01-05T16:16:44","slug":"chi-siamo","status":"publish","type":"page","link":"https:\/\/amblussemburgo.esteri.it\/fr\/chi-siamo\/","title":{"rendered":"Qui nous sommes"},"content":{"rendered":"<header class=\"entry-header\">\n<h1 class=\"entry-title h3\">Qui nous sommes<\/h1>\n<\/header>\n<div class=\"entry-content\">\n<p align=\"justify\"><strong>\u00a05, rue Marie-Ad\u00e9la\u00efde L-2128 Luxembourg<\/strong><\/p>\n<p align=\"justify\"><strong>Standard :\u00a0<\/strong>\u00a0(+352) 44 36 44-1<\/p>\n<p><strong>Chancellerie consulaire :\u00a0<\/strong>\u00a0(+352) 44 36 44-334 ou 1<\/p>\n<p>&nbsp;<\/p>\n<p><strong>HORAIRES D&rsquo;OUVERTURE AU PUBLIC<\/strong><\/p>\n<p>Du lundi au vendredi :\u00a0\u00a0<strong>09h00 \u2013 12h30\u00a0<\/strong><\/p>\n<p>Jeudi apr\u00e8s-midi :\u00a0<strong>\u00a014h00 \u2013 16h30<\/strong><\/p>\n<p><strong>HEURES DE SERVICE T\u00c9L\u00c9PHONIQUE<\/strong><\/p>\n<p>Du lundi au vendredi :\u00a0\u00a0<strong>09h00 \u2013 13h00 et 14h00 \u2013 16h00<\/strong><\/p>\n<p>&nbsp;<\/p>\n<p><strong>Num\u00e9ro de contact :\u00a0<\/strong>\u00a0+352 621 131 566<\/p>\n<p>A utiliser uniquement en cas d&rsquo;\u00a0\u00a0<strong>urgence av\u00e9r\u00e9e<\/strong>\u00a0:<\/p>\n<p>Du lundi au vendredi de 17h \u00e0 22h \u2013 Samedi, dimanche et jours f\u00e9ri\u00e9s de 8h \u00e0 22h<\/p>\n<p>&nbsp;<\/p>\n<p><strong>Calendrier des jours f\u00e9ri\u00e9s 2026 \u2013 (Fermeture du Bureau)<\/strong><\/p>\n<p>\u2022 R\u00e9veillon du Nouvel An : &#8211;\u00a0 1er janvier<\/p>\n<p>\u2022 Lundi de P\u00e2ques : &#8211; 6 avril<\/p>\n<p>\u2022 F\u00eate du Travail : &#8211; 1er mai<\/p>\n<p>\u2022 Ascension : &#8211; 14 mai<\/p>\n<p>\u2022 Lundi de Pentec\u00f4te :\u00a0 &#8211; 25 mai<\/p>\n<p>\u2022 F\u00eate de la R\u00e9publique italienne : &#8211;\u00a0 2 juin<\/p>\n<p>\u2022 F\u00eate nationale luxembourgeoise :\u00a0 &#8211; 23 juin<\/p>\n<p>\u2022 Assomption : &#8211; 15 ao\u00fbt<\/p>\n<p>\u2022 Toussaint\u00a0 :\u00a0 &#8211; 1er novembre<\/p>\n<p>\u2022 No\u00ebl : &#8211; 25 d\u00e9cembre<\/p>\n<p>\u2022 Le lendemain de No\u00ebl : &#8211; 26 d\u00e9cembre<\/p>\n<p><strong>\u00a0<\/strong><\/p>\n<p>&nbsp;<\/p>\n<p><strong>FONCTIONS INSTITUTIONNELLES<\/strong><\/p>\n<p>Selon la Convention de Vienne sur les relations diplomatiques du 18 avril 1961, les fonctions de l&rsquo;Ambassade concernent notamment :<\/p>\n<p>\u2022 repr\u00e9senter l&rsquo;Italie au Grand-Duch\u00e9 ;<\/p>\n<p>\u2022 prot\u00e9ger les int\u00e9r\u00eats de l&rsquo;Italie et de ses citoyens, dans les limites permises par le droit international ;<\/p>\n<p>\u2022 n\u00e9gocier avec le gouvernement du Grand-Duch\u00e9 ;<\/p>\n<p>\u2022 vous informer, par tout moyen licite, des conditions et de l&rsquo;\u00e9volution des \u00e9v\u00e9nements au Grand-Duch\u00e9 et en faire rapport \u00e0 l&rsquo;\u00c9tat italien ;<\/p>\n<p>\u2022 promouvoir les relations amicales et d\u00e9velopper les relations \u00e9conomiques, culturelles et scientifiques entre l&rsquo;Italie et le Grand-Duch\u00e9.<\/p>\n<p>L&rsquo;Ambassade coordonne les activit\u00e9s de promotion de l&rsquo;Italie men\u00e9es au Grand-Duch\u00e9 par les bureaux de l&rsquo;ICE-Agency et de l&rsquo;ENIT, ainsi que par la Chambre de Commerce Italo-Luxembourgeoise.<\/p>\n<p>Le personnel de l&rsquo;Ambassade est compos\u00e9 \u00e0 la fois d&#8217;employ\u00e9s permanents du Minist\u00e8re des Affaires \u00e9trang\u00e8res et de la Coop\u00e9ration internationale et d&#8217;employ\u00e9s contractuels r\u00e9glement\u00e9s par la loi locale ou italienne.<\/p>\n<\/div>\n","protected":false},"excerpt":{"rendered":"Qui nous sommes \u00a05, rue Marie-Ad\u00e9la\u00efde L-2128 Luxembourg Standard :\u00a0\u00a0(+352) 44 36 44-1 Chancellerie consulaire :\u00a0\u00a0(+352) 44 36 44-334 ou 1 &nbsp; HORAIRES D&rsquo;OUVERTURE AU PUBLIC Du lundi au vendredi :\u00a0\u00a009h00 \u2013 12h30\u00a0 Jeudi apr\u00e8s-midi :\u00a0\u00a014h00 \u2013 16h30 HEURES DE SERVICE T\u00c9L\u00c9PHONIQUE Du lundi au vendredi :\u00a0\u00a009h00 \u2013 13h00 et 14h00 \u2013 16h00 &nbsp; Num\u00e9ro [&hellip;]","protected":false},"author":1,"featured_media":0,"parent":0,"menu_order":2,"comment_status":"closed","ping_status":"closed","template":"","meta":{"footnotes":""},"class_list":["post-156","page","type-page","status-publish","hentry"],"_links":{"self":[{"href":"https:\/\/amblussemburgo.esteri.it\/fr\/wp-json\/wp\/v2\/pages\/156","targetHints":{"allow":["GET"]}}],"collection":[{"href":"https:\/\/amblussemburgo.esteri.it\/fr\/wp-json\/wp\/v2\/pages"}],"about":[{"href":"https:\/\/amblussemburgo.esteri.it\/fr\/wp-json\/wp\/v2\/types\/page"}],"author":[{"embeddable":true,"href":"https:\/\/amblussemburgo.esteri.it\/fr\/wp-json\/wp\/v2\/users\/1"}],"replies":[{"embeddable":true,"href":"https:\/\/amblussemburgo.esteri.it\/fr\/wp-json\/wp\/v2\/comments?post=156"}],"version-history":[{"count":5,"href":"https:\/\/amblussemburgo.esteri.it\/fr\/wp-json\/wp\/v2\/pages\/156\/revisions"}],"predecessor-version":[{"id":4195,"href":"https:\/\/amblussemburgo.esteri.it\/fr\/wp-json\/wp\/v2\/pages\/156\/revisions\/4195"}],"wp:attachment":[{"href":"https:\/\/amblussemburgo.esteri.it\/fr\/wp-json\/wp\/v2\/media?parent=156"}],"curies":[{"name":"wp","href":"https:\/\/api.w.org\/{rel}","templated":true}]}}