{"id":174,"date":"2023-04-11T17:08:57","date_gmt":"2023-04-11T15:08:57","guid":{"rendered":"https:\/\/amblussemburgo.esteri.it\/servizi-consolari-e-visti\/"},"modified":"2024-07-24T11:06:16","modified_gmt":"2024-07-24T09:06:16","slug":"servizi-consolari-e-visti","status":"publish","type":"page","link":"https:\/\/amblussemburgo.esteri.it\/fr\/servizi-consolari-e-visti\/","title":{"rendered":"Services consulaires et visas"},"content":{"rendered":"<h4><a class=\"focus--mouse\" href=\"https:\/\/amblussemburgo.esteri.it\/wp-content\/uploads\/2023\/10\/tariffa_consolare_aggiornata__2017.pdf\" data-focus-mouse=\"true\"><span>TABLEAU DES FRAIS CONSULAIRES<\/span><\/a><\/h4>\n<h3><\/h3>\n<h3><a href=\"https:\/\/amblussemburgo.esteri.it\/it\/servizi-consolari-e-visti\/servizi-per-il-cittadino-italiano\/aire\/\"><span>AIRE<\/span><\/a><\/h3>\n<h3><\/h3>\n<h3><a class=\"\" href=\"https:\/\/amblussemburgo.esteri.it\/it\/servizi-consolari-e-visti\/servizi-per-il-cittadino-italiano\/passaporti-e-carte-didentita\/passaporti\/\" data-focus-mouse=\"false\"><span>PASSEPORTS<\/span><\/a><\/h3>\n<h3><\/h3>\n<h3 class=\"entry-title h3\"><a href=\"https:\/\/amblussemburgo.esteri.it\/it\/servizi-consolari-e-visti\/servizi-per-il-cittadino-italiano\/passaporti-e-carte-didentita\/carta-di-identita-elettronica-cie\/\"><span>CARTE D&rsquo;IDENTIT\u00c9 \u00c9LECTRONIQUE (CIE)<\/span><\/a><\/h3>\n<h3><\/h3>\n<h3 class=\"entry-title h3\"><a href=\"https:\/\/amblussemburgo.esteri.it\/it\/servizi-consolari-e-visti\/servizi-per-il-cittadino-italiano\/stato-civile\/\"><span>\u00c9TAT CIVIL<\/span><\/a><\/h3>\n<h3><\/h3>\n<h3 class=\"entry-title h3\"><a href=\"https:\/\/amblussemburgo.esteri.it\/it\/servizi-consolari-e-visti\/servizi-per-il-cittadino-italiano\/servizi-notarili\/notarile-e-sociale\/\"><span>NOTARIAL ET SOCIAL<\/span><\/a><\/h3>\n<h3><\/h3>\n<h3><a href=\"https:\/\/amblussemburgo.esteri.it\/it\/servizi-consolari-e-visti\/servizi-per-il-cittadino-straniero\/cittadinanza\/cittadinanza\/\"><span>CITOYENNET\u00c9<\/span><\/a><\/h3>\n","protected":false},"excerpt":{"rendered":"TABLEAU DES FRAIS CONSULAIRES AIRE PASSEPORTS CARTE D&rsquo;IDENTIT\u00c9 \u00c9LECTRONIQUE (CIE) \u00c9TAT CIVIL NOTARIAL ET SOCIAL CITOYENNET\u00c9","protected":false},"author":1,"featured_media":0,"parent":0,"menu_order":6,"comment_status":"closed","ping_status":"closed","template":"","meta":{"footnotes":""},"class_list":["post-174","page","type-page","status-publish","hentry"],"_links":{"self":[{"href":"https:\/\/amblussemburgo.esteri.it\/fr\/wp-json\/wp\/v2\/pages\/174","targetHints":{"allow":["GET"]}}],"collection":[{"href":"https:\/\/amblussemburgo.esteri.it\/fr\/wp-json\/wp\/v2\/pages"}],"about":[{"href":"https:\/\/amblussemburgo.esteri.it\/fr\/wp-json\/wp\/v2\/types\/page"}],"author":[{"embeddable":true,"href":"https:\/\/amblussemburgo.esteri.it\/fr\/wp-json\/wp\/v2\/users\/1"}],"replies":[{"embeddable":true,"href":"https:\/\/amblussemburgo.esteri.it\/fr\/wp-json\/wp\/v2\/comments?post=174"}],"version-history":[{"count":3,"href":"https:\/\/amblussemburgo.esteri.it\/fr\/wp-json\/wp\/v2\/pages\/174\/revisions"}],"predecessor-version":[{"id":2396,"href":"https:\/\/amblussemburgo.esteri.it\/fr\/wp-json\/wp\/v2\/pages\/174\/revisions\/2396"}],"wp:attachment":[{"href":"https:\/\/amblussemburgo.esteri.it\/fr\/wp-json\/wp\/v2\/media?parent=174"}],"curies":[{"name":"wp","href":"https:\/\/api.w.org\/{rel}","templated":true}]}}