{"id":181,"date":"2023-04-11T17:53:01","date_gmt":"2023-04-11T15:53:01","guid":{"rendered":"https:\/\/amblussemburgo.esteri.it\/chi-siamo\/lambasciatore\/"},"modified":"2024-07-08T09:23:39","modified_gmt":"2024-07-08T07:23:39","slug":"lambasciatore","status":"publish","type":"page","link":"https:\/\/amblussemburgo.esteri.it\/fr\/chi-siamo\/lambasciatore\/","title":{"rendered":"L&rsquo;ambassadeur"},"content":{"rendered":"<p style=\"padding-left: 320px;\"><img loading=\"lazy\" decoding=\"async\" class=\"wp-image-2186 img-fluid aligncenter\" src=\"https:\/\/amblussemburgo.esteri.it\/wp-content\/uploads\/2024\/07\/Foto-Robustelli-300x288.jpeg\" alt=\"\" width=\"221\" height=\"212\" srcset=\"https:\/\/amblussemburgo.esteri.it\/wp-content\/uploads\/2024\/07\/Foto-Robustelli-300x288.jpeg 300w, https:\/\/amblussemburgo.esteri.it\/wp-content\/uploads\/2024\/07\/Foto-Robustelli-768x737.jpeg 768w, https:\/\/amblussemburgo.esteri.it\/wp-content\/uploads\/2024\/07\/Foto-Robustelli.jpeg 819w\" sizes=\"auto, (max-width: 221px) 100vw, 221px\" \/><\/p>\n<p>&nbsp;<\/p>\n<p><strong>\u00a0<\/strong><\/p>\n<h3 style=\"text-align: center;\">Carmine Robustelli,<\/h3>\n<h3 style=\"text-align: center;\">n\u00e9 le 8 septembre 1963 \u00e0 Scafati (Italie)<\/h3>\n<p style=\"text-align: center;\">****<\/p>\n<p style=\"padding-left: 120px;\"><strong>18\/12\/1985<\/strong> Docteur en Sciences politiques aupr\u00e8s de l\u2019Institut Universitaire Orientale de<br \/>\nNaples<br \/>\n<strong>15\/02\/1988<\/strong> Apr\u00e8s un concours, il entre dans la carri\u00e8re diplomatique<br \/>\n<strong>1988\/1992<\/strong> Secr\u00e9taire de L\u00e9gation aupr\u00e8s du Bureau \u00ab Europe orientale \u00bb de la Direction<br \/>\ng\u00e9n\u00e9rale des Affaires \u00e9conomiques du Minist\u00e8re des Affaires \u00e9trang\u00e8res<br \/>\n<strong>15\/08\/1992<\/strong> Promu Premier Secr\u00e9taire de L\u00e9gation<br \/>\n<strong>1992\/1996<\/strong> Premier Secr\u00e9taire \u00e0 l\u2019Ambassade d\u2019Italie \u00e0 Brasilia<br \/>\n<strong>1996\/1999<\/strong> Premier Secr\u00e9taire, puis Conseiller \u00e0 la Repr\u00e9sentation permanente d\u2019Italie<br \/>\naupr\u00e8s de l\u2019UE \u00e0 Bruxelles<br \/>\n<strong>01\/05\/1998<\/strong> Promu Conseiller de L\u00e9gation<br \/>\n<strong>2000\/2004<\/strong> Chef du Bureau \u00ab Justice et Affaires int\u00e9rieures \u00bb aupr\u00e8s de la Direction<br \/>\ng\u00e9n\u00e9rale de l\u2019Int\u00e9gration europ\u00e9enne du Minist\u00e8re des Affaires \u00e9trang\u00e8res<br \/>\n<strong>02\/07\/2003<\/strong> Promu Conseiller d\u2019Ambassade<br \/>\n<strong>2004\/2008<\/strong> Premier Conseiller, Chef du Bureau \u00e9conomique et commercial de<br \/>\nl\u2019Ambassade d\u2019Italie \u00e0 Buenos Aires<br \/>\n<strong>2008\/2010<\/strong> Chef du Centre des visas du Minist\u00e8re des Affaires \u00e9trang\u00e8res<br \/>\n<strong>02\/01\/2010<\/strong> Nomm\u00e9 Ministre Pl\u00e9nipotentiaire<br \/>\n<strong>2011\/2012<\/strong> Vice-Directeur g\u00e9n\u00e9ral des Italiens \u00e0 l\u2019\u00e9tranger et des Politiques migratoires \/<br \/>\nDirecteur central aux questions migratoires et aux visas du Minist\u00e8re des<br \/>\nAffaires \u00e9trang\u00e8res<br \/>\n<strong>2012\/2016<\/strong> Ambassadeur d\u2019Italie aupr\u00e8s de la R\u00e9publique de Cuba<br \/>\n<strong>2017\/2018<\/strong> Collaborateur direct du Directeur g\u00e9n\u00e9ral pour l\u2019UE au Minist\u00e8re des Affaires<br \/>\n\u00e9trang\u00e8res et de la Coop\u00e9ration internationale<br \/>\n<strong>2018\/2024<\/strong> Envoy\u00e9 sp\u00e9cial pour l\u2019Arctique du Minist\u00e8re des Affaires \u00e9trang\u00e8res et de la<br \/>\nCoop\u00e9ration internationale<br \/>\n<strong>Depuis juillet 2024<\/strong> Ambassadeur d\u2019Italie au Grand-Duch\u00e9 de Luxembourg<\/p>\n<p style=\"text-align: center; padding-left: 120px;\">****<\/p>\n<p style=\"text-align: left; padding-left: 120px;\">Mari\u00e9 \u00e0 Maria Irene Burigo depuis 1996<br \/>\nChevalier Officiel de l&rsquo;Ordre du M\u00e9rite de la R\u00e9publique Italienne (2005)<\/p>\n<p style=\"padding-left: 120px;\"><em>\u00a0<\/em><\/p>\n","protected":false},"excerpt":{"rendered":"&nbsp; \u00a0 Carmine Robustelli, n\u00e9 le 8 septembre 1963 \u00e0 Scafati (Italie) **** 18\/12\/1985 Docteur en Sciences politiques aupr\u00e8s de l\u2019Institut Universitaire Orientale de Naples 15\/02\/1988 Apr\u00e8s un concours, il entre dans la carri\u00e8re diplomatique 1988\/1992 Secr\u00e9taire de L\u00e9gation aupr\u00e8s du Bureau \u00ab Europe orientale \u00bb de la Direction g\u00e9n\u00e9rale des Affaires \u00e9conomiques du Minist\u00e8re [&hellip;]","protected":false},"author":1,"featured_media":2186,"parent":156,"menu_order":0,"comment_status":"closed","ping_status":"closed","template":"","meta":{"footnotes":""},"class_list":["post-181","page","type-page","status-publish","has-post-thumbnail","hentry"],"_links":{"self":[{"href":"https:\/\/amblussemburgo.esteri.it\/fr\/wp-json\/wp\/v2\/pages\/181","targetHints":{"allow":["GET"]}}],"collection":[{"href":"https:\/\/amblussemburgo.esteri.it\/fr\/wp-json\/wp\/v2\/pages"}],"about":[{"href":"https:\/\/amblussemburgo.esteri.it\/fr\/wp-json\/wp\/v2\/types\/page"}],"author":[{"embeddable":true,"href":"https:\/\/amblussemburgo.esteri.it\/fr\/wp-json\/wp\/v2\/users\/1"}],"replies":[{"embeddable":true,"href":"https:\/\/amblussemburgo.esteri.it\/fr\/wp-json\/wp\/v2\/comments?post=181"}],"version-history":[{"count":6,"href":"https:\/\/amblussemburgo.esteri.it\/fr\/wp-json\/wp\/v2\/pages\/181\/revisions"}],"predecessor-version":[{"id":2236,"href":"https:\/\/amblussemburgo.esteri.it\/fr\/wp-json\/wp\/v2\/pages\/181\/revisions\/2236"}],"up":[{"embeddable":true,"href":"https:\/\/amblussemburgo.esteri.it\/fr\/wp-json\/wp\/v2\/pages\/156"}],"wp:featuredmedia":[{"embeddable":true,"href":"https:\/\/amblussemburgo.esteri.it\/fr\/wp-json\/wp\/v2\/media\/2186"}],"wp:attachment":[{"href":"https:\/\/amblussemburgo.esteri.it\/fr\/wp-json\/wp\/v2\/media?parent=181"}],"curies":[{"name":"wp","href":"https:\/\/api.w.org\/{rel}","templated":true}]}}