{"id":2335,"date":"2023-09-28T12:54:03","date_gmt":"2023-09-28T10:54:03","guid":{"rendered":"https:\/\/amblussemburgo.esteri.it\/?page_id=2335"},"modified":"2024-07-24T10:57:42","modified_gmt":"2024-07-24T08:57:42","slug":"inscription","status":"publish","type":"page","link":"https:\/\/amblussemburgo.esteri.it\/fr\/servizi-consolari-e-visti\/servizi-per-il-cittadino-italiano\/aire\/inscription\/","title":{"rendered":"INSCRIPTION"},"content":{"rendered":"<p>&nbsp;<\/p>\n<p><strong>AIRE<\/strong><\/p>\n<p><strong>Registre des Italiens R\u00e9sidant \u00e0 l&rsquo;Etranger<\/strong><\/p>\n<p><strong>INSCRIPTION<\/strong><\/p>\n<p><a href=\"https:\/\/amblussemburgo.esteri.it\/wp-admin\/post.php?post=2378&amp;action=edit&amp;lang=fr\"><strong>Cliquez ici<\/strong><\/a><\/p>\n<p><a href=\"https:\/\/amblussemburgo.esteri.it\/fr\/servizi-consolari-e-visti\/servizi-per-il-cittadino-italiano\/aire\/instructions-pour-linsertion-correcte-dune-pratique-aire-sur-le-portail-fast-it\/\"><strong>Instructions pour l&rsquo;insertion correcte d&rsquo;une demande d\u2019inscription AIRE sur le portail FAST-IT.<\/strong><\/a><\/p>\n<p><a href=\"https:\/\/amblussemburgo.esteri.it\/wp-content\/uploads\/2023\/11\/Modulo-iscrizione-AIRE-1.doc\"><strong>Formulaire d&rsquo;inscription en papier<\/strong><\/a><\/p>\n<p><strong>*Pour toutes les d\u00e9marches AIRE (Fast IT and Paper), l&rsquo;attestation de r\u00e9sidence luxembourgeoise dat\u00e9e de 3 mois maximum. *<\/strong><\/p>\n<p>Les personnes qui ne peuvent pas ou ont des difficult\u00e9s \u00e0 utiliser le portail FAST-IT peuvent introduire leur demande d&rsquo;inscription ou de changement d&rsquo;adresse par voie postale. La documentation n\u00e9cessaire est la m\u00eame que celle sp\u00e9cifi\u00e9e dans les instructions imm\u00e9diatement ci-dessus, \u00e0 l&rsquo;exception des formulaires qui peuvent \u00eatre t\u00e9l\u00e9charg\u00e9s \u00e0 partir de la section Formulaires de notre site Web.<\/p>\n<p><strong>Pour utiliser le portail FAST-IT, le couple avec enfants mineurs compos\u00e9 d&rsquo;au moins un parent non-UE, quel que soit son \u00e9tat civil, doit pr\u00e9senter la signature authentifi\u00e9e du parent non-UE, sinon il devra se pr\u00e9senter en personne au service AIRE pendant les heures normales d&rsquo;ouverture au public sur rendez-vous.<\/strong><\/p>\n<p><strong>Ce Service Consulaire s&rsquo;engage \u00e0 traiter les d\u00e9marches dans les plus brefs d\u00e9lais, sachant que le d\u00e9lai l\u00e9gal d&rsquo;inscription et de changement d&rsquo;adresse est fix\u00e9 \u00e0 180 jours \u00e0 compter de la date de d\u00e9p\u00f4t de la demande. La mise \u00e0 jour ult\u00e9rieure de la base de donn\u00e9es du minist\u00e8re de l&rsquo;Int\u00e9rieur peut n\u00e9cessiter des d\u00e9lais variables.<\/strong><\/p>\n<p>Nos bureaux sont ouverts au public du lundi au vendredi de 9h00 \u00e0 12h30 et le jeudi \u00e9galement de 14h00 \u00e0 16h30.<\/p>\n<p>Service AIRE\u00a0:<\/p>\n<p>T\u00e9l. 44 36 44 333<\/p>\n<p>Courriel :\u00a0\u00a0<a href=\"mailto:aire.lux@esteri.it\">aire.lux@esteri.it<\/a><\/p>\n<p>&nbsp;<\/p>\n","protected":false},"excerpt":{"rendered":"&nbsp; AIRE Registre des Italiens R\u00e9sidant \u00e0 l&rsquo;Etranger INSCRIPTION Cliquez ici Instructions pour l&rsquo;insertion correcte d&rsquo;une demande d\u2019inscription AIRE sur le portail FAST-IT. Formulaire d&rsquo;inscription en papier *Pour toutes les d\u00e9marches AIRE (Fast IT and Paper), l&rsquo;attestation de r\u00e9sidence luxembourgeoise dat\u00e9e de 3 mois maximum. * Les personnes qui ne peuvent pas ou ont des [&hellip;]","protected":false},"author":8,"featured_media":0,"parent":2331,"menu_order":0,"comment_status":"closed","ping_status":"closed","template":"","meta":{"footnotes":""},"class_list":["post-2335","page","type-page","status-publish","hentry"],"_links":{"self":[{"href":"https:\/\/amblussemburgo.esteri.it\/fr\/wp-json\/wp\/v2\/pages\/2335","targetHints":{"allow":["GET"]}}],"collection":[{"href":"https:\/\/amblussemburgo.esteri.it\/fr\/wp-json\/wp\/v2\/pages"}],"about":[{"href":"https:\/\/amblussemburgo.esteri.it\/fr\/wp-json\/wp\/v2\/types\/page"}],"author":[{"embeddable":true,"href":"https:\/\/amblussemburgo.esteri.it\/fr\/wp-json\/wp\/v2\/users\/8"}],"replies":[{"embeddable":true,"href":"https:\/\/amblussemburgo.esteri.it\/fr\/wp-json\/wp\/v2\/comments?post=2335"}],"version-history":[{"count":3,"href":"https:\/\/amblussemburgo.esteri.it\/fr\/wp-json\/wp\/v2\/pages\/2335\/revisions"}],"predecessor-version":[{"id":2392,"href":"https:\/\/amblussemburgo.esteri.it\/fr\/wp-json\/wp\/v2\/pages\/2335\/revisions\/2392"}],"up":[{"embeddable":true,"href":"https:\/\/amblussemburgo.esteri.it\/fr\/wp-json\/wp\/v2\/pages\/2331"}],"wp:attachment":[{"href":"https:\/\/amblussemburgo.esteri.it\/fr\/wp-json\/wp\/v2\/media?parent=2335"}],"curies":[{"name":"wp","href":"https:\/\/api.w.org\/{rel}","templated":true}]}}