{"id":2343,"date":"2023-09-28T13:24:26","date_gmt":"2023-09-28T11:24:26","guid":{"rendered":"https:\/\/amblussemburgo.esteri.it\/?page_id=2343"},"modified":"2024-07-24T10:19:44","modified_gmt":"2024-07-24T08:19:44","slug":"changement-dadresse","status":"publish","type":"page","link":"https:\/\/amblussemburgo.esteri.it\/fr\/servizi-consolari-e-visti\/servizi-per-il-cittadino-italiano\/aire\/changement-dadresse\/","title":{"rendered":"CHANGEMENT D&rsquo;ADRESSE"},"content":{"rendered":"<p><strong>AIRE<\/strong><\/p>\n<p><strong>Registre des Italiens R\u00e9sidant \u00e0 l&rsquo;Etranger<\/strong><\/p>\n<p><strong>CHANGEMENT D&rsquo;ADRESSE<\/strong><\/p>\n<p>Pour signaler un changement d&rsquo;adresse au bureau AIRE, les utilisateurs sont invit\u00e9s \u00e0 utiliser en priorit\u00e9 le\u00a0\u00a0<a href=\"https:\/\/serviziconsolarionline.esteri.it\/ScoFE\/index.sco\">Portail FAST IT<\/a>\u00a0.<\/p>\n<p>En alternative, vous pouvez envoyer votre demande par courrier \u00e0 notre adresse.<\/p>\n<p><a href=\"https:\/\/amblussemburgo.esteri.it\/wp-content\/uploads\/2024\/03\/Dichiarazione-di-cambio-indirizzo-trasferimento-rimpatrio.pdf\"><strong>Formulaire papier \u00ab\u00a0D\u00e9claration de changement d&rsquo;adresse\u00a0\u00bb<\/strong><\/a><strong>\u00a0<\/strong><\/p>\n<p><strong>*Pour toutes les d\u00e9marches AIRE (Fast IT and Paper), l&rsquo;attestation de r\u00e9sidence luxembourgeoise dat\u00e9e de 3 mois maximum. *<\/strong><\/p>\n<p>Une copie de la pi\u00e8ce d\u2019identit\u00e9 est \u00e9galement requise.<\/p>\n<p>Nos bureaux sont ouverts au public du lundi au vendredi\u00a0de<strong> 9h00 \u00e0 12h30<\/strong>\u00a0et le jeudi \u00e9galement\u00a0de<strong> 14h00 \u00e0 16h30.<\/strong><\/p>\n<p>Notre adresse est:<\/p>\n<p>5-7, rue Marie Ad\u00e9la\u00efde,<\/p>\n<p>L-2128 Luxembourg.<\/p>\n<p>SERVICE AIRE\u00a0:<\/p>\n<p>T\u00e9l.\u00a0<strong>\u00a0443644333<\/strong><\/p>\n<p>Courriel :\u00a0\u00a0<a href=\"mailto:aire.lux@esteri.it\"><strong>aire.lux@esteri.it<\/strong><\/a><\/p>\n","protected":false},"excerpt":{"rendered":"AIRE Registre des Italiens R\u00e9sidant \u00e0 l&rsquo;Etranger CHANGEMENT D&rsquo;ADRESSE Pour signaler un changement d&rsquo;adresse au bureau AIRE, les utilisateurs sont invit\u00e9s \u00e0 utiliser en priorit\u00e9 le\u00a0\u00a0Portail FAST IT\u00a0. En alternative, vous pouvez envoyer votre demande par courrier \u00e0 notre adresse. Formulaire papier \u00ab\u00a0D\u00e9claration de changement d&rsquo;adresse\u00a0\u00bb\u00a0 *Pour toutes les d\u00e9marches AIRE (Fast IT and Paper), [&hellip;]","protected":false},"author":8,"featured_media":0,"parent":2331,"menu_order":0,"comment_status":"closed","ping_status":"closed","template":"","meta":{"footnotes":""},"class_list":["post-2343","page","type-page","status-publish","hentry"],"_links":{"self":[{"href":"https:\/\/amblussemburgo.esteri.it\/fr\/wp-json\/wp\/v2\/pages\/2343","targetHints":{"allow":["GET"]}}],"collection":[{"href":"https:\/\/amblussemburgo.esteri.it\/fr\/wp-json\/wp\/v2\/pages"}],"about":[{"href":"https:\/\/amblussemburgo.esteri.it\/fr\/wp-json\/wp\/v2\/types\/page"}],"author":[{"embeddable":true,"href":"https:\/\/amblussemburgo.esteri.it\/fr\/wp-json\/wp\/v2\/users\/8"}],"replies":[{"embeddable":true,"href":"https:\/\/amblussemburgo.esteri.it\/fr\/wp-json\/wp\/v2\/comments?post=2343"}],"version-history":[{"count":1,"href":"https:\/\/amblussemburgo.esteri.it\/fr\/wp-json\/wp\/v2\/pages\/2343\/revisions"}],"predecessor-version":[{"id":2345,"href":"https:\/\/amblussemburgo.esteri.it\/fr\/wp-json\/wp\/v2\/pages\/2343\/revisions\/2345"}],"up":[{"embeddable":true,"href":"https:\/\/amblussemburgo.esteri.it\/fr\/wp-json\/wp\/v2\/pages\/2331"}],"wp:attachment":[{"href":"https:\/\/amblussemburgo.esteri.it\/fr\/wp-json\/wp\/v2\/media?parent=2343"}],"curies":[{"name":"wp","href":"https:\/\/api.w.org\/{rel}","templated":true}]}}