{"id":2349,"date":"2023-09-28T13:37:04","date_gmt":"2023-09-28T11:37:04","guid":{"rendered":"https:\/\/amblussemburgo.esteri.it\/?page_id=2349"},"modified":"2024-07-24T10:21:45","modified_gmt":"2024-07-24T08:21:45","slug":"attestation-dinscription-au-registre-consulaire","status":"publish","type":"page","link":"https:\/\/amblussemburgo.esteri.it\/fr\/servizi-consolari-e-visti\/servizi-per-il-cittadino-italiano\/aire\/attestation-dinscription-au-registre-consulaire\/","title":{"rendered":"ATTESTATION D&rsquo;INSCRIPTION AU REGISTRE CONSULAIRE"},"content":{"rendered":"<p><strong>AIRE<\/strong><\/p>\n<p>Registre des Italiens R\u00e9sidant \u00e0 l&rsquo;Etranger<\/p>\n<p><strong>CERTIFICATION D&rsquo;INSCRIPTION AU REGISTRE CONSULAIRE<\/strong><\/p>\n<p>L&rsquo;attestation peut \u00eatre demand\u00e9e et retir\u00e9e directement, en se pr\u00e9sentant avec une pi\u00e8ce d&rsquo;identit\u00e9 aupr\u00e8s de nos bureaux, sans rendez-vous. Au moment de la demande, il faudra indiquer si elle doit \u00eatre pr\u00e9sent\u00e9e en Italie ou \u00e0 l&rsquo;\u00e9tranger et si vous la souhaitez pour un particulier ou pour toute la famille. Il est \u00e0 noter que ce certificat, r\u00e9dig\u00e9 en italien, certifie l&rsquo;inscription au registre consulaire de cette Chancellerie et n&rsquo;a pas de caract\u00e8re historique (pour \u00eatre clair, il n&rsquo;indique pas quand on a \u00e9t\u00e9 inscrit). Le co\u00fbt du document est de 6 euros en esp\u00e8ces.<\/p>\n<p>Le v\u00e9ritable certificat d&rsquo;enregistrement AIRE ou le certificat de r\u00e9sidence historique doit \u00eatre demand\u00e9 aupr\u00e8s de votre municipalit\u00e9 italienne d&rsquo;enregistrement AIRE.<\/p>\n<p><strong>LES CERTIFICATS NE SONT PAS ENVOY\u00c9S PAR EMAIL NI PAR COURRIER ORDINAIRE<\/strong><\/p>\n<p>Nos bureaux sont ouverts au public du lundi au vendredi de 9h00 \u00e0 12h30 et le jeudi \u00e9galement de 14h00 \u00e0 16h30.<\/p>\n<p>Notre adresse est:<\/p>\n<p>5-7, rue Marie Ad\u00e9la\u00efde,<\/p>\n<p>L-2128 Luxembourg.<\/p>\n<p>T\u00e9l. 443644333<\/p>\n<p>Courriel :\u00a0\u00a0<a href=\"mailto:aire.lux@esteri.it\">aire.lux@esteri.it<\/a><\/p>\n<p>&nbsp;<\/p>\n<p>&nbsp;<\/p>\n<p>&nbsp;<\/p>\n","protected":false},"excerpt":{"rendered":"AIRE Registre des Italiens R\u00e9sidant \u00e0 l&rsquo;Etranger CERTIFICATION D&rsquo;INSCRIPTION AU REGISTRE CONSULAIRE L&rsquo;attestation peut \u00eatre demand\u00e9e et retir\u00e9e directement, en se pr\u00e9sentant avec une pi\u00e8ce d&rsquo;identit\u00e9 aupr\u00e8s de nos bureaux, sans rendez-vous. Au moment de la demande, il faudra indiquer si elle doit \u00eatre pr\u00e9sent\u00e9e en Italie ou \u00e0 l&rsquo;\u00e9tranger et si vous la souhaitez [&hellip;]","protected":false},"author":8,"featured_media":0,"parent":2331,"menu_order":0,"comment_status":"closed","ping_status":"closed","template":"","meta":{"footnotes":""},"class_list":["post-2349","page","type-page","status-publish","hentry"],"_links":{"self":[{"href":"https:\/\/amblussemburgo.esteri.it\/fr\/wp-json\/wp\/v2\/pages\/2349","targetHints":{"allow":["GET"]}}],"collection":[{"href":"https:\/\/amblussemburgo.esteri.it\/fr\/wp-json\/wp\/v2\/pages"}],"about":[{"href":"https:\/\/amblussemburgo.esteri.it\/fr\/wp-json\/wp\/v2\/types\/page"}],"author":[{"embeddable":true,"href":"https:\/\/amblussemburgo.esteri.it\/fr\/wp-json\/wp\/v2\/users\/8"}],"replies":[{"embeddable":true,"href":"https:\/\/amblussemburgo.esteri.it\/fr\/wp-json\/wp\/v2\/comments?post=2349"}],"version-history":[{"count":1,"href":"https:\/\/amblussemburgo.esteri.it\/fr\/wp-json\/wp\/v2\/pages\/2349\/revisions"}],"predecessor-version":[{"id":2350,"href":"https:\/\/amblussemburgo.esteri.it\/fr\/wp-json\/wp\/v2\/pages\/2349\/revisions\/2350"}],"up":[{"embeddable":true,"href":"https:\/\/amblussemburgo.esteri.it\/fr\/wp-json\/wp\/v2\/pages\/2331"}],"wp:attachment":[{"href":"https:\/\/amblussemburgo.esteri.it\/fr\/wp-json\/wp\/v2\/media?parent=2349"}],"curies":[{"name":"wp","href":"https:\/\/api.w.org\/{rel}","templated":true}]}}