{"id":2352,"date":"2023-09-28T13:31:43","date_gmt":"2023-09-28T11:31:43","guid":{"rendered":"https:\/\/amblussemburgo.esteri.it\/?page_id=2352"},"modified":"2024-07-24T10:32:03","modified_gmt":"2024-07-24T08:32:03","slug":"membres-de-laire-rapatriement","status":"publish","type":"page","link":"https:\/\/amblussemburgo.esteri.it\/fr\/servizi-consolari-e-visti\/servizi-per-il-cittadino-italiano\/aire\/membres-de-laire-rapatriement\/","title":{"rendered":"MEMBRES DE L&rsquo;AIRE &#8211; RAPATRIEMENT"},"content":{"rendered":"<p>AIRE<\/p>\n<p>Registre des Italiens r\u00e9sidant \u00e0 l&rsquo;\u00e9tranger<\/p>\n<p><strong>RAPATRIEMENT<\/strong><\/p>\n<p>En cas de rapatriement d\u00e9finitif vers l&rsquo;Italie, le compatriote doit proc\u00e9der comme suit :<\/p>\n<ol>\n<li>Informez la commune luxembourgeoise de r\u00e9sidence de votre retour en Italie (conform\u00e9ment \u00e0 la l\u00e9gislation luxembourgeoise).<\/li>\n<li><strong>Pr\u00e9sentez-vous \u00e0 la Commune o\u00f9 vous avez d\u00e9cid\u00e9 de vous installer pour d\u00e9clarer votre nouvelle adresse de r\u00e9sidence en Italie\u00a0<\/strong>(conform\u00e9ment \u00e0 la l\u00e9gislation italienne),\u00a0<strong>en prenant soin de mentionner que vous vous \u00e9tiez pr\u00e9alablement inscrit aupr\u00e8s de l&rsquo;AIRE dont le si\u00e8ge est au Luxembourg.<\/strong><\/li>\n<\/ol>\n<p>Il appartiendra \u00e0 la Commune italienne de nouvelle r\u00e9sidence de communiquer officiellement \u00e0 cette Ambassade la date effective du rapatriement aux fins de radiation du registre consulaire.<\/p>\n<p>Nos bureaux sont ouverts au public du lundi au vendredi de 09h00 \u00e0 12h30 et le jeudi \u00e9galement de 14h00 \u00e0 16h30. Pour toute pr\u00e9cision sur la d\u00e9marche :\u00a0\u00a0<a href=\"mailto:aire.lux@esteri.it\">aire.lux@esteri.it<\/a><\/p>\n","protected":false},"excerpt":{"rendered":"AIRE Registre des Italiens r\u00e9sidant \u00e0 l&rsquo;\u00e9tranger RAPATRIEMENT En cas de rapatriement d\u00e9finitif vers l&rsquo;Italie, le compatriote doit proc\u00e9der comme suit : Informez la commune luxembourgeoise de r\u00e9sidence de votre retour en Italie (conform\u00e9ment \u00e0 la l\u00e9gislation luxembourgeoise). Pr\u00e9sentez-vous \u00e0 la Commune o\u00f9 vous avez d\u00e9cid\u00e9 de vous installer pour d\u00e9clarer votre nouvelle adresse de [&hellip;]","protected":false},"author":8,"featured_media":0,"parent":2331,"menu_order":0,"comment_status":"closed","ping_status":"closed","template":"","meta":{"footnotes":""},"class_list":["post-2352","page","type-page","status-publish","hentry"],"_links":{"self":[{"href":"https:\/\/amblussemburgo.esteri.it\/fr\/wp-json\/wp\/v2\/pages\/2352","targetHints":{"allow":["GET"]}}],"collection":[{"href":"https:\/\/amblussemburgo.esteri.it\/fr\/wp-json\/wp\/v2\/pages"}],"about":[{"href":"https:\/\/amblussemburgo.esteri.it\/fr\/wp-json\/wp\/v2\/types\/page"}],"author":[{"embeddable":true,"href":"https:\/\/amblussemburgo.esteri.it\/fr\/wp-json\/wp\/v2\/users\/8"}],"replies":[{"embeddable":true,"href":"https:\/\/amblussemburgo.esteri.it\/fr\/wp-json\/wp\/v2\/comments?post=2352"}],"version-history":[{"count":1,"href":"https:\/\/amblussemburgo.esteri.it\/fr\/wp-json\/wp\/v2\/pages\/2352\/revisions"}],"predecessor-version":[{"id":2355,"href":"https:\/\/amblussemburgo.esteri.it\/fr\/wp-json\/wp\/v2\/pages\/2352\/revisions\/2355"}],"up":[{"embeddable":true,"href":"https:\/\/amblussemburgo.esteri.it\/fr\/wp-json\/wp\/v2\/pages\/2331"}],"wp:attachment":[{"href":"https:\/\/amblussemburgo.esteri.it\/fr\/wp-json\/wp\/v2\/media?parent=2352"}],"curies":[{"name":"wp","href":"https:\/\/api.w.org\/{rel}","templated":true}]}}