{"id":2361,"date":"2023-09-28T13:34:47","date_gmt":"2023-09-28T11:34:47","guid":{"rendered":"https:\/\/amblussemburgo.esteri.it\/?page_id=2361"},"modified":"2024-07-24T10:34:09","modified_gmt":"2024-07-24T08:34:09","slug":"transfert-vers-un-autre-pays-etranger","status":"publish","type":"page","link":"https:\/\/amblussemburgo.esteri.it\/fr\/servizi-consolari-e-visti\/servizi-per-il-cittadino-italiano\/aire\/transfert-vers-un-autre-pays-etranger\/","title":{"rendered":"TRANSFERT VERS UN AUTRE PAYS \u00c9TRANGER"},"content":{"rendered":"<p>En cas de transfert du Luxembourg vers un autre pays \u00e9tranger, le compatriote doit proc\u00e9der comme suit :<\/p>\n<ol>\n<li>Pr\u00e9venir la commune luxembourgeoise de r\u00e9sidence de votre d\u00e9part du pays.<\/li>\n<li>D\u00e9clarer, dans les 90 jours, le transfert \u00e0 la nouvelle repr\u00e9sentation diplomatique-consulaire italienne comp\u00e9tente, en prenant soin de mentionner que vous vous \u00e9tiez pr\u00e9alablement inscrit aupr\u00e8s de l&rsquo;AIRE dont le si\u00e8ge est \u00e0 Luxembourg.<\/li>\n<\/ol>\n<p>Si vous le souhaitez, vous pouvez envoyer le formulaire de changement d&rsquo;adresse dans la section Formulaires de notre site Internet par courrier ou \u00e0 l&rsquo;adresse e-mail\u00a0\u00a0<a href=\"mailto:aire.lux@esteri.it\">aire.lux@esteri.it<\/a>\u00a0\u00a0, accompagn\u00e9 d&rsquo;une copie de votre pi\u00e8ce d&rsquo;identit\u00e9.<\/p>\n<p>La radiation du registre consulaire aura lieu pour cause de transfert, apr\u00e8s r\u00e9ception de la communication pertinente par la nouvelle repr\u00e9sentation diplomatique-consulaire comp\u00e9tente ou par la municipalit\u00e9 italienne d&rsquo;immatriculation AIRE, ou pour indisponibilit\u00e9, en l&rsquo;absence de ladite communication apr\u00e8s 180 jours \u00e0 compter de la date du transfert.<\/p>\n<p>Nos bureaux sont ouverts au public du lundi au vendredi de 9h00 \u00e0 12h30 et le jeudi \u00e9galement de 14h00 \u00e0 16h30.<\/p>\n<p>Notre adresse est:<\/p>\n<p>5-7, rue Marie Ad\u00e9la\u00efde,<\/p>\n<p>L-2128 Luxembourg.<\/p>\n<p>T\u00e9l. 443644333<\/p>\n<p>Courriel : aire.lux@esteri.it<\/p>\n","protected":false},"excerpt":{"rendered":"En cas de transfert du Luxembourg vers un autre pays \u00e9tranger, le compatriote doit proc\u00e9der comme suit : Pr\u00e9venir la commune luxembourgeoise de r\u00e9sidence de votre d\u00e9part du pays. D\u00e9clarer, dans les 90 jours, le transfert \u00e0 la nouvelle repr\u00e9sentation diplomatique-consulaire italienne comp\u00e9tente, en prenant soin de mentionner que vous vous \u00e9tiez pr\u00e9alablement inscrit aupr\u00e8s [&hellip;]","protected":false},"author":8,"featured_media":0,"parent":2331,"menu_order":0,"comment_status":"closed","ping_status":"closed","template":"","meta":{"footnotes":""},"class_list":["post-2361","page","type-page","status-publish","hentry"],"_links":{"self":[{"href":"https:\/\/amblussemburgo.esteri.it\/fr\/wp-json\/wp\/v2\/pages\/2361","targetHints":{"allow":["GET"]}}],"collection":[{"href":"https:\/\/amblussemburgo.esteri.it\/fr\/wp-json\/wp\/v2\/pages"}],"about":[{"href":"https:\/\/amblussemburgo.esteri.it\/fr\/wp-json\/wp\/v2\/types\/page"}],"author":[{"embeddable":true,"href":"https:\/\/amblussemburgo.esteri.it\/fr\/wp-json\/wp\/v2\/users\/8"}],"replies":[{"embeddable":true,"href":"https:\/\/amblussemburgo.esteri.it\/fr\/wp-json\/wp\/v2\/comments?post=2361"}],"version-history":[{"count":1,"href":"https:\/\/amblussemburgo.esteri.it\/fr\/wp-json\/wp\/v2\/pages\/2361\/revisions"}],"predecessor-version":[{"id":2364,"href":"https:\/\/amblussemburgo.esteri.it\/fr\/wp-json\/wp\/v2\/pages\/2361\/revisions\/2364"}],"up":[{"embeddable":true,"href":"https:\/\/amblussemburgo.esteri.it\/fr\/wp-json\/wp\/v2\/pages\/2331"}],"wp:attachment":[{"href":"https:\/\/amblussemburgo.esteri.it\/fr\/wp-json\/wp\/v2\/media?parent=2361"}],"curies":[{"name":"wp","href":"https:\/\/api.w.org\/{rel}","templated":true}]}}