{"id":2370,"date":"2023-09-28T13:38:58","date_gmt":"2023-09-28T11:38:58","guid":{"rendered":"https:\/\/amblussemburgo.esteri.it\/?page_id=2370"},"modified":"2024-07-24T10:37:24","modified_gmt":"2024-07-24T08:37:24","slug":"changement-de-la-commune-de-reference-aire-en-italie","status":"publish","type":"page","link":"https:\/\/amblussemburgo.esteri.it\/fr\/servizi-consolari-e-visti\/servizi-per-il-cittadino-italiano\/aire\/changement-de-la-commune-de-reference-aire-en-italie\/","title":{"rendered":"CHANGEMENT DE LA COMMUNE DE R\u00c9F\u00c9RENCE AIRE EN ITALIE"},"content":{"rendered":"<p style=\"margin-top: 0cm; background: white;\"><span style=\"font-size: 13.5pt; font-family: 'Tahoma',sans-serif; color: #1a1a1a;\">AIRE<\/span><\/p>\n<p style=\"margin-top: 0cm; background: white;\"><span style=\"font-size: 13.5pt; font-family: 'Tahoma',sans-serif; color: #1a1a1a;\">Registre des Italiens r\u00e9sidant \u00e0 l&rsquo;\u00e9tranger<\/span><\/p>\n<p style=\"margin-top: 0cm; background: white;\"><strong><span style=\"font-size: 13.5pt; font-family: 'Tahoma',sans-serif; color: #1a1a1a;\">CHANGER LA COMMUNE DE R\u00c9F\u00c9RENCE AIRE EN ITALIE<\/span><\/strong><\/p>\n<p style=\"margin-top: 0cm; background: white;\"><span style=\"font-size: 13.5pt; font-family: 'Tahoma',sans-serif; color: #1a1a1a;\">Vous pouvez changer la r\u00e9f\u00e9rence de la commune italienne de l&rsquo;AIRE :<\/span><\/p>\n<p style=\"margin-top: 0cm; background: white;\"><span style=\"font-size: 13.5pt; font-family: 'Tahoma',sans-serif; color: #1a1a1a;\">1) pour raisons familiales, c&rsquo;est-\u00e0-dire demander le transfert \u00e0 l\u2019AIRE d&rsquo;un membre au premier degr\u00e9 de la famille (parent, conjoint, enfants) d\u00e9j\u00e0 inscrit ou r\u00e9sidant dans la Commune;<\/span><\/p>\n<p style=\"margin-top: 0cm; background: white;\"><span style=\"font-size: 13.5pt; font-family: 'Tahoma',sans-serif; color: #1a1a1a;\">2) inscription aupr\u00e8s de votre commune de naissance.<\/span><\/p>\n<p style=\"margin-top: 0cm; background: white;\"><strong><span style=\"font-size: 13.5pt; font-family: 'Tahoma',sans-serif; color: #1a1a1a;\">Aucun autre cas n&rsquo;est pr\u00e9vu.<\/span><\/strong><\/p>\n<p style=\"margin-top: 0cm; background: white;\"><span style=\"font-size: 13.5pt; font-family: 'Tahoma',sans-serif; color: #1a1a1a;\">Il n&rsquo;y a aucun formulaire \u00e0 remplir. Vous devez faire la demande sur papier libre, la motiver, l\u2019accompagner d&rsquo;une copie de votre pi\u00e8ce d&rsquo;identit\u00e9 et la remettre \u00e0 nos bureaux.<\/span><\/p>\n<p style=\"margin-top: 0cm; background: white;\"><span style=\"font-size: 13.5pt; font-family: 'Tahoma',sans-serif; color: #1a1a1a;\">Nos bureaux sont ouverts au public du lundi au vendredi de 9h00 \u00e0 12h30 et le jeudi \u00e9galement de 14h00 \u00e0 16h30.<\/span><\/p>\n<p style=\"margin-top: 0cm; background: white;\"><span style=\"font-size: 13.5pt; font-family: 'Tahoma',sans-serif; color: #1a1a1a;\">Notre adresse est:<\/span><\/p>\n<p style=\"margin-top: 0cm; background: white;\"><span style=\"font-size: 13.5pt; font-family: 'Tahoma',sans-serif; color: #1a1a1a;\">5-7, rue Marie Ad\u00e9la\u00efde,<\/span><\/p>\n<p style=\"margin-top: 0cm; background: white;\"><span style=\"font-size: 13.5pt; font-family: 'Tahoma',sans-serif; color: #1a1a1a;\">L-2128 Luxembourg.<\/span><\/p>\n<p style=\"margin-top: 0cm; background: white;\"><span style=\"font-size: 13.5pt; font-family: 'Tahoma',sans-serif; color: #1a1a1a;\">T\u00e9l. 443644333<\/span><\/p>\n<p style=\"margin-top: 0cm; background: white;\"><span style=\"font-size: 13.5pt; font-family: 'Tahoma',sans-serif; color: #1a1a1a;\">Courriel :\u00a0\u00a0<\/span><a href=\"mailto:aire.lux@esteri.it\"><span style=\"font-size: 13.5pt; font-family: 'Tahoma',sans-serif;\">aire.lux@esteri.it<\/span><\/a><\/p>\n","protected":false},"excerpt":{"rendered":"AIRE Registre des Italiens r\u00e9sidant \u00e0 l&rsquo;\u00e9tranger CHANGER LA COMMUNE DE R\u00c9F\u00c9RENCE AIRE EN ITALIE Vous pouvez changer la r\u00e9f\u00e9rence de la commune italienne de l&rsquo;AIRE : 1) pour raisons familiales, c&rsquo;est-\u00e0-dire demander le transfert \u00e0 l\u2019AIRE d&rsquo;un membre au premier degr\u00e9 de la famille (parent, conjoint, enfants) d\u00e9j\u00e0 inscrit ou r\u00e9sidant dans la Commune; [&hellip;]","protected":false},"author":8,"featured_media":0,"parent":2331,"menu_order":0,"comment_status":"closed","ping_status":"closed","template":"","meta":{"footnotes":""},"class_list":["post-2370","page","type-page","status-publish","hentry"],"_links":{"self":[{"href":"https:\/\/amblussemburgo.esteri.it\/fr\/wp-json\/wp\/v2\/pages\/2370","targetHints":{"allow":["GET"]}}],"collection":[{"href":"https:\/\/amblussemburgo.esteri.it\/fr\/wp-json\/wp\/v2\/pages"}],"about":[{"href":"https:\/\/amblussemburgo.esteri.it\/fr\/wp-json\/wp\/v2\/types\/page"}],"author":[{"embeddable":true,"href":"https:\/\/amblussemburgo.esteri.it\/fr\/wp-json\/wp\/v2\/users\/8"}],"replies":[{"embeddable":true,"href":"https:\/\/amblussemburgo.esteri.it\/fr\/wp-json\/wp\/v2\/comments?post=2370"}],"version-history":[{"count":1,"href":"https:\/\/amblussemburgo.esteri.it\/fr\/wp-json\/wp\/v2\/pages\/2370\/revisions"}],"predecessor-version":[{"id":2372,"href":"https:\/\/amblussemburgo.esteri.it\/fr\/wp-json\/wp\/v2\/pages\/2370\/revisions\/2372"}],"up":[{"embeddable":true,"href":"https:\/\/amblussemburgo.esteri.it\/fr\/wp-json\/wp\/v2\/pages\/2331"}],"wp:attachment":[{"href":"https:\/\/amblussemburgo.esteri.it\/fr\/wp-json\/wp\/v2\/media?parent=2370"}],"curies":[{"name":"wp","href":"https:\/\/api.w.org\/{rel}","templated":true}]}}