{"id":2378,"date":"2023-09-28T13:00:16","date_gmt":"2023-09-28T11:00:16","guid":{"rendered":"https:\/\/amblussemburgo.esteri.it\/?page_id=2378"},"modified":"2024-07-24T10:49:01","modified_gmt":"2024-07-24T08:49:01","slug":"fast-it-le-portail-en-ligne-des-services-consulaires","status":"publish","type":"page","link":"https:\/\/amblussemburgo.esteri.it\/fr\/servizi-consolari-e-visti\/servizi-per-il-cittadino-italiano\/aire\/fast-it-le-portail-en-ligne-des-services-consulaires\/","title":{"rendered":"FAST IT : le portail en ligne des services consulaires"},"content":{"rendered":"<header class=\"entry-header\">\n<h1 class=\"entry-title h3\"><strong style=\"font-size: 16px;\"><a href=\"https:\/\/amblussemburgo.esteri.it\/it\/amministrazione-trasparente\/consulenti-e-collaboratori\/aire\/istruzioni-per-il-corretto-inserimento-di-una-pratica-aire-sul-portale-fast-it\/\">***VEUILLEZ LIRE LES INSTRUCTIONS AVANT D&rsquo;ACC\u00c9DER AU PORTAIL***<\/a><\/strong><\/h1>\n<\/header>\n<div class=\"entry-content\">\n<p>L&rsquo;inscription \u00e0 AIRE peut \u00eatre demand\u00e9e via le\u00a0<strong>\u00a0<\/strong>portail\u00a0<strong>\u00a0\u00ab Fast It \u00bb\u00a0<\/strong>\u00a0(num\u00e9rique, rapide, s\u00e9curis\u00e9 et en constante \u00e9volution)\u00a0\u00a0<strong>apr\u00e8s avoir enregistr\u00e9 l&rsquo;utilisateur sur le lien suivant :\u00a0\u00a0<a href=\"https:\/\/serviziconsolarionline.esteri.it\/\">https:\/\/serviziconsolarionline.esteri.it<\/a><\/strong><\/p>\n<p>En plus de la\u00a0\u00a0<strong>premi\u00e8re inscription AIRE<\/strong>\u00a0, le portail Fast It permet de communiquer aussi bien le\u00a0<strong>\u00a0changement d&rsquo;adresse au Luxembourg<\/strong>\u00a0\u00a0que le\u00a0\u00a0<strong>transfert d&rsquo;une autre circonscription consulaire<\/strong>\u00a0\u00a0(par exemple de Bruxelles, Charleroi, Francfort, Metz) vers celle du Luxembourg.<\/p>\n<p><strong><img loading=\"lazy\" decoding=\"async\" src=\"https:\/\/amblussemburgo.esteri.it\/ambasciata_lussemburgo\/resource\/template\/img_servizi\/danger.gif\" alt=\"danger\" width=\"51\" height=\"53\" \/>\u00a0 Aux fins d&rsquo;un d\u00e9p\u00f4t correct et complet de la candidature, il est n\u00e9cessaire de consulter les\u00a0\u00a0<a href=\"https:\/\/amblussemburgo.esteri.it\/it\/amministrazione-trasparente\/consulenti-e-collaboratori\/aire\/istruzioni-per-il-corretto-inserimento-di-una-pratica-aire-sul-portale-fast-it\/\">INSTRUCTIONS<\/a>\u00a0en prenant soin de toutes les respecter scrupuleusement,\u00a0<\/strong>\u00a0sous peine d&rsquo;\u00eatre renvoy\u00e9 pour les corrections n\u00e9cessaires ou de rejet de la candidature.<\/p>\n<p>Pour utiliser le portail Fast it, les couples avec enfants mineurs compos\u00e9s d&rsquo;au moins un parent non-UE, quel que soit leur \u00e9tat civil, doivent pr\u00e9senter la signature authentifi\u00e9e du parent non-UE, sinon il sera n\u00e9cessaire de se pr\u00e9senter en personne \u00e0 au Bureau AIRE aux heures normales d&rsquo;ouverture au public sur rendez-vous.<\/p>\n<p><strong>Ce Bureau Consulaire s&rsquo;engage \u00e0 traiter les d\u00e9marches dans les plus brefs d\u00e9lais<\/strong>\u00a0, sachant que le\u00a0<strong>\u00a0d\u00e9lai l\u00e9gal d&rsquo;inscription et de changement d&rsquo;adresse\u00a0<\/strong>\u00a0est fix\u00e9 \u00e0\u00a0<strong>\u00a0180 jours \u00e0 compter de la date de d\u00e9p\u00f4t de la demande.\u00a0<\/strong>\u00a0La mise \u00e0 jour ult\u00e9rieure de la base de donn\u00e9es du minist\u00e8re de l&rsquo;Int\u00e9rieur peut n\u00e9cessiter des d\u00e9lais variables.<\/p>\n<p>Pour toute assistance concernant tout ce qui concerne le Luxembourg, veuillez contacter le bureau AIRE au +352 44 36 44 333 ou par e-mail \u00e0 :\u00a0\u00a0<a href=\"mailto:aire.lux@esteri.it\">aire.lux@esteri.it<\/a>\u00a0.<\/p>\n<p>&nbsp;<\/p>\n<p>&nbsp;<\/p>\n<p><iframe loading=\"lazy\" src=\"https:\/\/www.youtube.com\/embed\/S7FR2SXF6YA\" width=\"560\" height=\"315\" frameborder=\"0\" allowfullscreen=\"allowfullscreen\" data-mce-fragment=\"1\"><\/iframe><\/p>\n<p><strong>Fast It \u2013 Le nouveau portail pour les Italiens de l&rsquo;\u00e9tranger<\/strong><\/p>\n<p>\u00c0 partir d&rsquo;aujourd&rsquo;hui, vous pouvez utiliser vos\u00a0\u00a0<strong>identifiants SPID<\/strong>\u00a0\u00a0pour acc\u00e9der \u00e9galement aux services consulaires en ligne sur le portail Fast It\u00a0:<\/p>\n<p><a href=\"https:\/\/serviziconsolari.esteri.it\/ScoFE\/index.sco\">https:\/\/serviziconsolariononline.esteri.it<\/a>\u00a0.<\/p>\n<p>Pour plus d&rsquo;informations sur la fa\u00e7on d&rsquo;obtenir les informations d&rsquo;identification SPID\u00a0:\u00a0\u00a0<a href=\"https:\/\/www.spid.gov.it\/\">https:\/\/www.spid.gov.it\/<\/a>\u00a0.<\/p>\n<p><strong>\u00c0 partir du 1er janvier 2023<\/strong>\u00a0, conform\u00e9ment au \u00ab D\u00e9cret de simplification \u00bb,\u00a0\u00a0<strong>il sera possible d&rsquo;acc\u00e9der au portail Fast It avec uniquement<\/strong>\u00a0\u00a0les identifiants SPID (Public Digital Identity System). Toutefois, ceux qui se sont inscrits avant cette date pourront continuer \u00e0 utiliser les identifiants d&rsquo;acc\u00e8s mis \u00e0 leur disposition jusqu&rsquo;au 31 mars 2023. Les utilisateurs sont donc invit\u00e9s \u00e0 se procurer les identifiants SPID : pour savoir comment les obtenir, nous vous recommandons de consulter le site\u00a0\u00a0<a href=\"http:\/\/www.spid.gov.it\/\">www.\u00a0<\/a>spid.gov.it.\u00a0Les dates initiales du 28\/02\/2021 et du 30\/09\/2021 ont \u00e9t\u00e9 prolong\u00e9es, comme indiqu\u00e9 ici, par le d\u00e9cret l\u00e9gislatif n\u00b0 183 du 21\/12\/2020 et par la loi n\u00b0 26 f\u00e9vrier 2021. 21.<\/p>\n<\/div>\n","protected":false},"excerpt":{"rendered":"***VEUILLEZ LIRE LES INSTRUCTIONS AVANT D&rsquo;ACC\u00c9DER AU PORTAIL*** L&rsquo;inscription \u00e0 AIRE peut \u00eatre demand\u00e9e via le\u00a0\u00a0portail\u00a0\u00a0\u00ab Fast It \u00bb\u00a0\u00a0(num\u00e9rique, rapide, s\u00e9curis\u00e9 et en constante \u00e9volution)\u00a0\u00a0apr\u00e8s avoir enregistr\u00e9 l&rsquo;utilisateur sur le lien suivant :\u00a0\u00a0https:\/\/serviziconsolarionline.esteri.it En plus de la\u00a0\u00a0premi\u00e8re inscription AIRE\u00a0, le portail Fast It permet de communiquer aussi bien le\u00a0\u00a0changement d&rsquo;adresse au Luxembourg\u00a0\u00a0que le\u00a0\u00a0transfert d&rsquo;une autre [&hellip;]","protected":false},"author":8,"featured_media":0,"parent":2331,"menu_order":0,"comment_status":"closed","ping_status":"closed","template":"","meta":{"footnotes":""},"class_list":["post-2378","page","type-page","status-publish","hentry"],"_links":{"self":[{"href":"https:\/\/amblussemburgo.esteri.it\/fr\/wp-json\/wp\/v2\/pages\/2378","targetHints":{"allow":["GET"]}}],"collection":[{"href":"https:\/\/amblussemburgo.esteri.it\/fr\/wp-json\/wp\/v2\/pages"}],"about":[{"href":"https:\/\/amblussemburgo.esteri.it\/fr\/wp-json\/wp\/v2\/types\/page"}],"author":[{"embeddable":true,"href":"https:\/\/amblussemburgo.esteri.it\/fr\/wp-json\/wp\/v2\/users\/8"}],"replies":[{"embeddable":true,"href":"https:\/\/amblussemburgo.esteri.it\/fr\/wp-json\/wp\/v2\/comments?post=2378"}],"version-history":[{"count":2,"href":"https:\/\/amblussemburgo.esteri.it\/fr\/wp-json\/wp\/v2\/pages\/2378\/revisions"}],"predecessor-version":[{"id":2384,"href":"https:\/\/amblussemburgo.esteri.it\/fr\/wp-json\/wp\/v2\/pages\/2378\/revisions\/2384"}],"up":[{"embeddable":true,"href":"https:\/\/amblussemburgo.esteri.it\/fr\/wp-json\/wp\/v2\/pages\/2331"}],"wp:attachment":[{"href":"https:\/\/amblussemburgo.esteri.it\/fr\/wp-json\/wp\/v2\/media?parent=2378"}],"curies":[{"name":"wp","href":"https:\/\/api.w.org\/{rel}","templated":true}]}}