{"id":2388,"date":"2023-09-28T13:01:33","date_gmt":"2023-09-28T11:01:33","guid":{"rendered":"https:\/\/amblussemburgo.esteri.it\/?page_id=2388"},"modified":"2024-07-24T10:56:33","modified_gmt":"2024-07-24T08:56:33","slug":"instructions-pour-linsertion-correcte-dune-pratique-aire-sur-le-portail-fast-it","status":"publish","type":"page","link":"https:\/\/amblussemburgo.esteri.it\/fr\/servizi-consolari-e-visti\/servizi-per-il-cittadino-italiano\/aire\/instructions-pour-linsertion-correcte-dune-pratique-aire-sur-le-portail-fast-it\/","title":{"rendered":"Instructions pour l&rsquo;insertion correcte d&rsquo;une pratique  AIRE sur le portail FAST-IT."},"content":{"rendered":"<header class=\"entry-header\">\n<h1 class=\"entry-title h3\"><strong style=\"font-size: 16px;\">Documentation n\u00e9cessaire \u00e0 l&rsquo;inscription \u00e0 l&rsquo;AIRE :<\/strong><\/h1>\n<\/header>\n<div class=\"entry-content\">\n<p><span>\u2013 pour les adultes s&rsquo;installant seuls au Luxembourg : document italien valide, certificat de s\u00e9jour d\u00e9livr\u00e9 par la commune luxembourgeoise de r\u00e9sidence \u00e0 une date ne d\u00e9passant pas 3 mois \u00e0 compter du d\u00e9p\u00f4t de la demande, demande g\u00e9n\u00e9r\u00e9e automatiquement par le syst\u00e8me avec signature d\u00e9dicac\u00e9e \u00e9gale \u00e0 celui indiqu\u00e9 sur la pi\u00e8ce d&rsquo;identit\u00e9\u00a0;<\/span><\/p>\n<p><span>\u2013 pour les familles s&rsquo;installant ensemble au Luxembourg : documents italiens valables pour tous les membres de la famille, certificat de r\u00e9sidence d\u00e9livr\u00e9 par la commune luxembourgeoise de r\u00e9sidence au plus t\u00f4t 3 mois \u00e0 compter du d\u00e9p\u00f4t de la demande (le plus simple est de demander un certificat de r\u00e9sidence \u00e9largi), une demande g\u00e9n\u00e9r\u00e9e automatiquement par le syst\u00e8me avec la signature manuscrite des deux parents \u00e9gale \u00e0 celle figurant sur les pi\u00e8ces d&rsquo;identit\u00e9.<\/span><\/p>\n<p><strong><span>Si l&rsquo;un des parents est de nationalit\u00e9 \u00e9trang\u00e8re, veuillez joindre une copie du document correspondant\u00a0;<\/span><\/strong><\/p>\n<p><span>\u2013 pour les mineurs qui s&rsquo;installent au Luxembourg avec un seul parent : les documents n\u00e9cessaires aux unit\u00e9s familiales, ainsi que le consentement de l&rsquo;autre parent \u00e0 l&rsquo;enregistrement du mineur concern\u00e9 aupr\u00e8s de l&rsquo;AIRE et la pi\u00e8ce d&rsquo;identit\u00e9 de l&rsquo;autre parent.<\/span><\/p>\n<p><strong><span>Documents requis pour un changement d&rsquo;adresse :<\/span><\/strong><\/p>\n<p><span>\u2013 pour les majeurs qui changent d&rsquo;adresse au Luxembourg seuls : document italien valide, demande g\u00e9n\u00e9r\u00e9e automatiquement par le syst\u00e8me avec signature manuscrite \u00e9gale \u00e0 celle figurant sur la pi\u00e8ce d&rsquo;identit\u00e9 ;<\/span><\/p>\n<p><span>\u2013 pour les familles qui changent ensemble d&rsquo;adresse au Luxembourg : document italien valide du d\u00e9clarant, demande g\u00e9n\u00e9r\u00e9e automatiquement par le syst\u00e8me avec signature manuscrite du d\u00e9clarant \u00e9gale \u00e0 celle figurant sur la pi\u00e8ce d&rsquo;identit\u00e9 ;<\/span><\/p>\n<p><span>\u2013 pour les mineurs qui changent d&rsquo;adresse au Luxembourg avec un seul parent : les documents n\u00e9cessaires aux unit\u00e9s familiales, ainsi que le consentement de l&rsquo;autre parent au changement d&rsquo;adresse du mineur concern\u00e9 et la pi\u00e8ce d&rsquo;identit\u00e9 de l&rsquo;autre parent.<\/span><\/p>\n<p><strong><span>****Il est conseill\u00e9 aux utilisateurs qui rencontrent des difficult\u00e9s pour effectuer un changement de domicile d&rsquo;un autre bureau consulaire \u00e0 celui du Luxembourg de supprimer le compte du bureau consulaire pr\u00e9c\u00e9dent, de proc\u00e9der \u00e0 la cr\u00e9ation d&rsquo;un nouvel utilisateur FAST-IT au bureau \u00ab Ambassade de L&rsquo;Italie au Luxembourg \u00bb.****<\/span><\/strong><\/p>\n<p><strong><span>*Remarque\u00a0: la suppression d&rsquo;un compte FAST IT n&rsquo;est qu&rsquo;une op\u00e9ration informatique, c&rsquo;est-\u00e0-dire qu&rsquo;elle n&rsquo;implique pas une suppression d&rsquo;AIRE*<\/span><\/strong><\/p>\n<p><img loading=\"lazy\" decoding=\"async\" src=\"https:\/\/amblussemburgo.esteri.it\/ambasciata_lussemburgo\/resource\/img\/2023\/03\/fast_it_schermata_def_1.jpg\" alt=\"rapide, \u00e9cran def 1\" width=\"747\" height=\"387\" \/><\/p>\n<p><strong><span>R\u00e8gles g\u00e9n\u00e9rales pour remplir le dossier pour tous types de pratiques<\/span><\/strong><span>\u00a0:<\/span><\/p>\n<p><span>\u2013 ceux qui envoient leur passeport comme pi\u00e8ce d&rsquo;identit\u00e9 doivent joindre les pages 2, 3, 4 et 5 ;<\/span><\/p>\n<p><span>\u2013 les noms et pr\u00e9noms doivent \u00eatre \u00e9crits exactement tels qu\u2019ils sont indiqu\u00e9s sur les documents d\u2019identification, avec uniquement des initiales majuscules ;<\/span><\/p>\n<p><span>\u2013 par rapport \u00e0 la rubrique \u00ab R\u00e9sidence \u00e9trang\u00e8re \u00bb, le champ \u00ab Adresse \u00bb devra \u00eatre renseign\u00e9 exactement comme indiqu\u00e9 sur l&rsquo;attestation de s\u00e9jour, ainsi par exemple il faudra \u00e9crire \u00ab 1a, Route d&rsquo;Arlon \u00bb et non \u00ab 1a Route d&rsquo;Arlon \u00bb ou \u00ab 1 Route d&rsquo;Arlon \u00bb ou \u00ab Route d&rsquo;Arlon 1 \u00bb, etc.<\/span><\/p>\n<p><span>Les noms de quartiers, de r\u00e9sidences, d&rsquo;\u00e9tages, etc. ne doivent pas y figurer. et dans le champ \u00ab Localit\u00e9 \u00bb il faut indiquer le nom de la commune indiqu\u00e9 \u00e0 c\u00f4t\u00e9 de l&rsquo;indicatif du pays. Toute personne r\u00e9sidant \u00e0 Luxembourg-ville doit \u00e9crire \u00ab Luxembourg \u00bb et non \u00ab Luxembourg \u00bb ou \u00ab Luxembourg Ville \u00bb ou \u00ab Luxembourg Ville \u00bb, etc. Seul le num\u00e9ro du code postal doit \u00eatre inscrit dans le champ code postal, vous devrez donc inscrire \u00ab 1234 \u00bb et non \u00ab L-1234 \u00bb. Les documents doivent \u00eatre t\u00e9l\u00e9charg\u00e9s au format PDF et doivent \u00eatre parfaitement lisibles.<\/span><\/p>\n<\/div>\n","protected":false},"excerpt":{"rendered":"Documentation n\u00e9cessaire \u00e0 l&rsquo;inscription \u00e0 l&rsquo;AIRE : \u2013 pour les adultes s&rsquo;installant seuls au Luxembourg : document italien valide, certificat de s\u00e9jour d\u00e9livr\u00e9 par la commune luxembourgeoise de r\u00e9sidence \u00e0 une date ne d\u00e9passant pas 3 mois \u00e0 compter du d\u00e9p\u00f4t de la demande, demande g\u00e9n\u00e9r\u00e9e automatiquement par le syst\u00e8me avec signature d\u00e9dicac\u00e9e \u00e9gale \u00e0 [&hellip;]","protected":false},"author":8,"featured_media":0,"parent":2331,"menu_order":0,"comment_status":"closed","ping_status":"closed","template":"","meta":{"footnotes":""},"class_list":["post-2388","page","type-page","status-publish","hentry"],"_links":{"self":[{"href":"https:\/\/amblussemburgo.esteri.it\/fr\/wp-json\/wp\/v2\/pages\/2388","targetHints":{"allow":["GET"]}}],"collection":[{"href":"https:\/\/amblussemburgo.esteri.it\/fr\/wp-json\/wp\/v2\/pages"}],"about":[{"href":"https:\/\/amblussemburgo.esteri.it\/fr\/wp-json\/wp\/v2\/types\/page"}],"author":[{"embeddable":true,"href":"https:\/\/amblussemburgo.esteri.it\/fr\/wp-json\/wp\/v2\/users\/8"}],"replies":[{"embeddable":true,"href":"https:\/\/amblussemburgo.esteri.it\/fr\/wp-json\/wp\/v2\/comments?post=2388"}],"version-history":[{"count":1,"href":"https:\/\/amblussemburgo.esteri.it\/fr\/wp-json\/wp\/v2\/pages\/2388\/revisions"}],"predecessor-version":[{"id":2389,"href":"https:\/\/amblussemburgo.esteri.it\/fr\/wp-json\/wp\/v2\/pages\/2388\/revisions\/2389"}],"up":[{"embeddable":true,"href":"https:\/\/amblussemburgo.esteri.it\/fr\/wp-json\/wp\/v2\/pages\/2331"}],"wp:attachment":[{"href":"https:\/\/amblussemburgo.esteri.it\/fr\/wp-json\/wp\/v2\/media?parent=2388"}],"curies":[{"name":"wp","href":"https:\/\/api.w.org\/{rel}","templated":true}]}}