{"id":2415,"date":"2023-09-28T13:53:49","date_gmt":"2023-09-28T11:53:49","guid":{"rendered":"https:\/\/amblussemburgo.esteri.it\/?page_id=2415"},"modified":"2024-09-26T14:52:34","modified_gmt":"2024-09-26T12:52:34","slug":"passeports","status":"publish","type":"page","link":"https:\/\/amblussemburgo.esteri.it\/fr\/servizi-consolari-e-visti\/servizi-per-il-cittadino-italiano\/passaporti-e-carte-didentita\/passeports\/","title":{"rendered":"PASSEPORTS"},"content":{"rendered":"<header class=\"entry-header\">\n<h1 class=\"entry-title h3\"><span style=\"font-size: 16px;\">Nos compatriotes sont inform\u00e9s qu&rsquo;\u00e0 partir du 4 mars 2024 le passeport est d\u00e9livr\u00e9 sur rendez-vous \u00e0 demander exclusivement via la plateforme <\/span><strong style=\"font-size: 16px;\"><a href=\"https:\/\/prenotami.esteri.it\/\">Prenot@mi<\/a><\/strong><span style=\"font-size: 16px;\">\u00a0(les autres modes de demande de rendez-vous sont donc exclus, par exemple par e-mail, t\u00e9l\u00e9phone ou au guichet ) .<\/span><\/h1>\n<\/header>\n<div class=\"entry-content\">\n<div class=\"row\"><\/div>\n<div>\n<p><strong>En cas d&rsquo;urgence av\u00e9r\u00e9e<\/strong>\u00a0, qui sera toujours \u00e9valu\u00e9e par le chef du Bureau, le citoyen italien inscrit \u00e0 l&rsquo;AIRE dans cette circonscription pourra demander un passeport en \u00e9crivant un email \u00e0\u00a0<a href=\"mailto:passaporti.lux@esteri.it\">passaporti.lux@esteri.it<\/a> , en indiquant en objet \u00ab PROC\u00c9DURE D\u2019URGENCE DEMANDE DE PASSEPORT \u00bb et en d\u00e9crivant votre cas, en joignant les justificatifs appropri\u00e9s.<\/p>\n<p><strong>L&rsquo;urgence doit n\u00e9cessairement \u00eatre justifi\u00e9e par<\/strong>\u00a0:<\/p>\n<ul>\n<li><strong><em>raisons familiales ou personnelles graves de sant\u00e9<\/em><\/strong>\u00a0, certifi\u00e9es par les structures ou autorit\u00e9s publiques ou priv\u00e9es comp\u00e9tentes. Si l&rsquo;urgence consiste \u00e0 porter assistance \u00e0 un membre de la famille, ce besoin doit ressortir de l&rsquo;attestation. Le demandeur doit pr\u00e9senter la r\u00e9servation de vol ou tout autre document de voyage au comptoir\u00a0;<\/li>\n<li><strong><em>besoins de travail urgents<\/em><\/strong>\u00a0, prouv\u00e9s par une demande motiv\u00e9e<u>\u00a0sign\u00e9e par la personne occupant les fonctions de direction<\/u>\u00a0(compl\u00e9t\u00e9e par le nom, la fonction et le num\u00e9ro de t\u00e9l\u00e9phone du signataire) et r\u00e9dig\u00e9e sur papier \u00e0 en-t\u00eate de l&#8217;employeur. De plus, le demandeur doit pr\u00e9senter la r\u00e9servation de vol ou tout autre document de voyage au comptoir.<\/li>\n<\/ul>\n<p>Nous rappelons que le b\u00e9n\u00e9fice de la proc\u00e9dure d&rsquo;urgence pour raisons professionnelles et de sant\u00e9 NE PEUT en aucun cas \u00eatre \u00e9tendu aux membres de la famille du propri\u00e9taire.<\/p>\n<p>Veuillez noter que\u00a0<strong>les TESTS URGENT\/URGENCE NE SERONT PAS CONSID\u00c9R\u00c9S VALABLES<\/strong>\u00a0:<\/p>\n<p>\u2013 Lettres ou communications g\u00e9n\u00e9riques qui n&rsquo;indiquent pas clairement la n\u00e9cessit\u00e9 de retourner en Italie pour assister un membre de la famille, ou pour d&rsquo;autres engagements officiels ou pour des raisons graves ;<\/p>\n<p>\u2013 Poss\u00e9der des billets d\u2019avion ou r\u00e9server des vacances ;<\/p>\n<p>\u2013 D\u00e9monstration d&rsquo;engagements de travail urgents signal\u00e9s dans les messages re\u00e7us par courrier \u00e9lectronique ou sur les appareils mobiles\u00a0;<\/p>\n<p>\u2013 Autocertifications du demandeur sur des situations d\u2019urgence non prouv\u00e9es par des pi\u00e8ces justificatives ad\u00e9quates\u00a0;<\/p>\n<p>\u2014\u2014\u2014\u2014\u2014\u2014\u2014\u2014\u2014\u2014\u2014\u2014\u2014\u2014\u2014\u2014\u2013<\/p>\n<p>Il est rappel\u00e9 \u00e0 nos compatriotes qu&rsquo;\u00e0 ce Bureau Consulaire il est \u00e9galement possible d&rsquo;effectuer des paiements par carte de d\u00e9bit (\u00a0<strong>circuit Luxembourg V PAY<\/strong>\u00a0).<\/p>\n<p><strong>ATTENTION :<\/strong>\u00a0\u00a0Pour des raisons comptables internes,\u00a0\u00a0<strong>le dernier jour ouvrable de chaque trimestre<\/strong>\u00a0\u00a0(\u00a0<strong>29 mars 2024<\/strong>\u00a0;\u00a0\u00a0<strong>28 juin 2024<\/strong>\u00a0;\u00a0\u00a0<strong>30 septembre 2024 ; 31 d\u00e9cembre 2024<\/strong>\u00a0), le paiement n&rsquo;est\u00a0\u00a0<strong>autoris\u00e9 qu&rsquo;en esp\u00e8ces<\/strong>\u00a0.<\/p>\n<p>Toutefois, le paiement en esp\u00e8ces reste possible, au choix de l&rsquo;utilisateur, pour toutes les prestations consulaires.<\/p>\n<p><strong>PASSEPORTS<\/strong><\/p>\n<p><strong>IMPORTANT ***Nous informons nos aimables utilisateurs que pour proc\u00e9der \u00e0 toute proc\u00e9dure, l&rsquo;adresse doit \u00eatre mise \u00e0 jour dans le registre consulaire (AIRE). Merci de communiquer \u00e0 temps via FAST IT ou par courrier***<\/strong><\/p>\n<p>Le passeport est \u00e0 la fois un\u00a0 document\u00a0<strong>de voyage et d&rsquo;identification<\/strong>\u00a0.<\/p>\n<p><strong>**Normalement, la demande de passeport doit \u00eatre soumise au bureau consulaire du lieu de r\u00e9sidence du demandeur.**<\/strong><\/p>\n<p>Depuis le 24 juin 2014, des frais administratifs de 73,50 euros ont \u00e9t\u00e9 introduits pour la d\u00e9livrance du passeport ordinaire, en plus du prix du livret (\u00e9quivalent \u00e0 42,50 euros).\u00a0\u00a0<strong>Le total (116 euros) est \u00e0 r\u00e9gler lors du d\u00e9p\u00f4t de la demande directement au guichet (Bureau des passeports).<\/strong><\/p>\n<p><strong>Pour plus d&rsquo;informations sur les documents n\u00e9cessaires \u00e0 la d\u00e9livrance du passeport et la proc\u00e9dure de d\u00e9livrance associ\u00e9e, s\u00e9lectionnez l&rsquo;un des \u00e9l\u00e9ments de la liste.<\/strong><\/p>\n<p>&nbsp;<\/p>\n<p><a href=\"https:\/\/amblussemburgo.esteri.it\/fr\/servizi-consolari-e-visti\/servizi-per-il-cittadino-italiano\/passaporti-e-carte-didentita\/passeports\/documentation-necessaire-a-la-delivrance-du-passeport\/\"><strong>DOCUMENTATION N\u00c9CESSAIRE \u00c0 LA D\u00c9LIVRANCE DU PASSEPORT<\/strong><\/a><\/p>\n<p><a href=\"https:\/\/amblussemburgo.esteri.it\/fr\/servizi-consolari-e-visti\/servizi-per-il-cittadino-italiano\/passaporti-e-carte-didentita\/passeports\/frais-de-passeport\/\"><strong>FRAIS DE PASSEPORT<\/strong><\/a><\/p>\n<p><a href=\"https:\/\/amblussemburgo.esteri.it\/fr\/servizi-consolari-e-visti\/servizi-per-il-cittadino-italiano\/passaporti-e-carte-didentita\/passeports\/vol-ou-perte\/\"><strong>VOL OU PERTE<\/strong><\/a><\/p>\n<p><a href=\"https:\/\/amblussemburgo.esteri.it\/fr\/servizi-consolari-e-visti\/servizi-per-il-cittadino-italiano\/passaporti-e-carte-didentita\/passeports\/titre-de-voyage-temporaire-etd-emergency-travel-document\/\"><strong>DOCUMENT DE VOYAGE TEMPORAIRE (ETD \u2013 DOCUMENT DE VOYAGE D&rsquo;URGENCE)<\/strong><\/a><\/p>\n<p>&nbsp;<\/p>\n<p>Pour plus d&rsquo;informations, veuillez appeler le : (+352)\u00a0<strong>\u00a0443644-336<\/strong>\u00a0, de pr\u00e9f\u00e9rence du lundi au vendredi de 13h \u00e0 15h.<\/p>\n<p>Alternativement, vous pouvez \u00e9crire \u00e0 :\u00a0\u00a0<a href=\"mailto:passaporti.lux@esteri.it\">passaporti.lux@esteri.it<\/a><\/p>\n<\/div>\n<\/div>\n","protected":false},"excerpt":{"rendered":"Nos compatriotes sont inform\u00e9s qu&rsquo;\u00e0 partir du 4 mars 2024 le passeport est d\u00e9livr\u00e9 sur rendez-vous \u00e0 demander exclusivement via la plateforme Prenot@mi\u00a0(les autres modes de demande de rendez-vous sont donc exclus, par exemple par e-mail, t\u00e9l\u00e9phone ou au guichet ) . En cas d&rsquo;urgence av\u00e9r\u00e9e\u00a0, qui sera toujours \u00e9valu\u00e9e par le chef du Bureau, [&hellip;]","protected":false},"author":8,"featured_media":0,"parent":183,"menu_order":0,"comment_status":"closed","ping_status":"closed","template":"","meta":{"footnotes":""},"class_list":["post-2415","page","type-page","status-publish","hentry"],"_links":{"self":[{"href":"https:\/\/amblussemburgo.esteri.it\/fr\/wp-json\/wp\/v2\/pages\/2415","targetHints":{"allow":["GET"]}}],"collection":[{"href":"https:\/\/amblussemburgo.esteri.it\/fr\/wp-json\/wp\/v2\/pages"}],"about":[{"href":"https:\/\/amblussemburgo.esteri.it\/fr\/wp-json\/wp\/v2\/types\/page"}],"author":[{"embeddable":true,"href":"https:\/\/amblussemburgo.esteri.it\/fr\/wp-json\/wp\/v2\/users\/8"}],"replies":[{"embeddable":true,"href":"https:\/\/amblussemburgo.esteri.it\/fr\/wp-json\/wp\/v2\/comments?post=2415"}],"version-history":[{"count":5,"href":"https:\/\/amblussemburgo.esteri.it\/fr\/wp-json\/wp\/v2\/pages\/2415\/revisions"}],"predecessor-version":[{"id":2758,"href":"https:\/\/amblussemburgo.esteri.it\/fr\/wp-json\/wp\/v2\/pages\/2415\/revisions\/2758"}],"up":[{"embeddable":true,"href":"https:\/\/amblussemburgo.esteri.it\/fr\/wp-json\/wp\/v2\/pages\/183"}],"wp:attachment":[{"href":"https:\/\/amblussemburgo.esteri.it\/fr\/wp-json\/wp\/v2\/media?parent=2415"}],"curies":[{"name":"wp","href":"https:\/\/api.w.org\/{rel}","templated":true}]}}