{"id":2424,"date":"2023-09-28T13:59:46","date_gmt":"2023-09-28T11:59:46","guid":{"rendered":"https:\/\/amblussemburgo.esteri.it\/?page_id=2424"},"modified":"2024-07-24T11:25:06","modified_gmt":"2024-07-24T09:25:06","slug":"documentation-necessaire-a-la-delivrance-du-passeport","status":"publish","type":"page","link":"https:\/\/amblussemburgo.esteri.it\/fr\/servizi-consolari-e-visti\/servizi-per-il-cittadino-italiano\/passaporti-e-carte-didentita\/passeports\/documentation-necessaire-a-la-delivrance-du-passeport\/","title":{"rendered":"DOCUMENTATION N\u00c9CESSAIRE \u00c0 LA D\u00c9LIVRANCE DU PASSEPORT"},"content":{"rendered":"<p><strong>Le passeport est \u00e0 la fois un document de voyage et d&rsquo;identification. Il est valable 10 ans,\u00a0\u00e0 l&rsquo;expiration duquel vous devrez demander un nouveau livret, la prolongation n&rsquo;\u00e9tant plus possible.<\/strong><\/p>\n<p>Le co\u00fbt est\u00a0de<strong> 116 euros<\/strong>, \u00e0 payer (en esp\u00e8ces ou par carte de d\u00e9bit) lors du d\u00e9p\u00f4t de la demande au guichet (Bureau des Passeports) de la Chancellerie Consulaire de cette Ambassade.<\/p>\n<p><strong><u>A partir du 4 mars 2024, le passeport sera d\u00e9livr\u00e9 suite \u00e0 un rendez-vous<\/u><\/strong>\u00a0\u00e0 demander exclusivement via la plateforme Prenot@mi (les autres modes de demande de rendez-vous sont donc exclus, par exemple par e-mail, t\u00e9l\u00e9phone ou au guichet).<\/p>\n<p><strong>NB\u00a0: le formulaire de demande\u00a0<\/strong>(\u00ab\u00a0d\u00e9claration tenant lieu d&rsquo;affidavit\u201d)\u00a0sera<strong> rempli et sign\u00e9 par le demandeur devant l\u2019op\u00e9rateur,\u00a0qui<\/strong> t\u00e9l\u00e9chargera les donn\u00e9es dans le syst\u00e8me, il n&rsquo;y a donc aucune possibilit\u00e9 de le remplir ou de le t\u00e9l\u00e9charger \u00e0 partir de ce site Web.<\/p>\n<p>Concernant les\u00a0<strong>documents compl\u00e9mentaires<\/strong>\u00a0(\u00e0 pr\u00e9senter \u00e0 l&rsquo;op\u00e9rateur au moment de la demande, le jour du rendez-vous) pour la d\u00e9livrance du passeport dans diff\u00e9rentes situations :<\/p>\n<p><strong>MINEURS D&rsquo;\u00c2GE<\/strong><\/p>\n<p>Le passeport est \u00e9galement d\u00e9livr\u00e9\u00a0aux<strong> mineurs de moins de 18 ans<\/strong>.<\/p>\n<p><strong>\u2013 la validit\u00e9<\/strong>\u00a0du passeport pour les mineurs est\u00a0de<strong> trois ans<\/strong>\u00a0pour les enfants de 0 \u00e0 3 ans :\u00a0\u00a0<strong>de cinq ans<\/strong>\u00a0pour ceux de 3 \u00e0 18 ans ;<\/p>\n<p>\u2013 la demande doit \u00eatre sign\u00e9e\u00a0\u00a0<strong>par les deux parents<\/strong>\u00a0et accompagn\u00e9e d&rsquo;une copie des pi\u00e8ces d&rsquo;identit\u00e9 pertinentes, sur lesquelles la signature est clairement visible ; si l&rsquo;un des parents ne peut \u00eatre pr\u00e9sent, il devra signer le document de consentement\u00a0<a href=\"https:\/\/amblussemburgo.esteri.it\/wp-content\/uploads\/2024\/02\/form1_-_atto_di_assenso_in_favore_dei_figli_minori-4.docx\">(selon le mod\u00e8le ci-joint)<\/a>\u00a0. Dans le cas o\u00f9 il n&rsquo;est pas possible d&rsquo;obtenir cet acte de consentement, le parent demandeur peut pr\u00e9senter une demande sp\u00e9cifique au\u00a0Chef<strong> du Bureau Consulaire,<\/strong>\u00a0qui exerce les fonctions de\u00a0Juge<strong> des Tutelles<\/strong>\u00a0\u00e0 l&rsquo;\u00e9tranger et peut \u00e0 ce titre, dans l&rsquo;int\u00e9r\u00eat exclusif du mineur, autoriser la d\u00e9livrance du passeport;<\/p>\n<p>\u2013\u00a0\u00a0<strong>la pr\u00e9sence de mineurs\u00a0est requise<\/strong>\u00a0\u00a0\u00a0lors de la demande de passeport ;<\/p>\n<p>\u2013\u00a0\u00a0<strong>la pr\u00e9sence<\/strong>\u00a0est toujours\u00a0obligatoire\u00a0pour les mineurs \u00e2g\u00e9s de\u00a0<strong>12 ans ou<\/strong>\u00a0plus ;<\/p>\n<p>\u2013\u00a0\u00a0<strong>les nouveau-n\u00e9s<\/strong>\u00a0ne pourront se voir d\u00e9livrer un passeport qu\u2019apr\u00e8s avoir commenc\u00e9, et de pr\u00e9f\u00e9rence compl\u00e9t\u00e9, le processus de\u00a0transcription<strong> de l\u2019acte de naissance<\/strong>\u00a0et, le cas \u00e9ch\u00e9ant, d\u2019inscription aupr\u00e8s de l\u2019AIRE.<\/p>\n<p>Veuillez noter que\u00a0<strong>les mineurs de moins de 14 ans<\/strong>\u00a0peuvent voyager en compagnie de l&rsquo;un de leurs parents ou tuteurs, ou s&rsquo;ils sont en possession d&rsquo;une d\u00e9claration d&rsquo;accompagnement sp\u00e9cifique, d\u00e9livr\u00e9e par l&rsquo;autorit\u00e9 italienne ou luxembourgeoise comp\u00e9tente, certifiant le nom de la personne\/l&rsquo;organisation. \/soci\u00e9t\u00e9 de transport \u00e0 laquelle sont confi\u00e9s les mineurs ;<\/p>\n<p><strong>COMMENT DEMANDER UN PASSEPORT<\/strong><\/p>\n<p><strong>Le passeport \u00e9lectronique contient les donn\u00e9es biom\u00e9triques du titulaire (empreintes digitales et photographie).<\/strong>\u00a0\u00a0Le compatriote demandant la d\u00e9livrance d&rsquo;un passeport, apr\u00e8s avoir pris rendez-vous sur le portail Prenot@mi, doit donc se pr\u00e9senter en personne au Registre Consulaire pour produire les documents n\u00e9cessaires, les empreintes digitales et se faire identifier par l&rsquo;op\u00e9rateur consulaire d\u00e9l\u00e9gu\u00e9.<\/p>\n<p><strong>Avant de prendre rendez-vous<\/strong>\u00a0avec le Bureau des Passeports, il est n\u00e9cessaire de s&rsquo;assurer que votre\u00a0<strong>dossier consulaire est \u00e0 jour<\/strong>\u00a0et que tous les changements de donn\u00e9es personnelles (adresse, \u00e9tat civil, naissance d&rsquo;enfants, mariages, divorces, etc.) ont d\u00e9j\u00e0 \u00e9t\u00e9 communiqu\u00e9s \u00e0ux bureaux comp\u00e9tents de cette Chancellerie Consulaire (AIRE et Etat Civil).<\/p>\n<p><strong>DOCUMENTATION REQUISE<\/strong><\/p>\n<p>\u2013\u00a0<strong>Formulaire de demande<\/strong>\u00a0(qui sera rempli par le demandeur devant l&rsquo;op\u00e9rateur le jour du rendez-vous) ;<\/p>\n<p><strong>\u2013 ACTE DE CONSENTEMENT<\/strong>\u00a0dans le cas d\u2019un demandeur mineur non accompagn\u00e9 des deux parents ;<\/p>\n<p>\u2013 Passeport italien dont vous \u00eates d\u00e9j\u00e0 en possession ou, en son absence, une photocopie d&rsquo;un autre document d&rsquo;identification (par exemple, carte d&rsquo;identit\u00e9 italienne ou d&rsquo;un autre \u00c9tat, en cas de double nationalit\u00e9).<\/p>\n<p>\u2013 Uniquement en cas de perte ou de vol du passeport pr\u00e9c\u00e9dent, constat d\u00e9pos\u00e9 \u00e0 la Pr\u00e9sence de Police ;<\/p>\n<p><strong>\u2013 Pour les mineurs<\/strong>\u00a0de moins de 18 ans, formulaire de demande sp\u00e9cifique sign\u00e9\u00a0par<strong> les deux parents<\/strong>\u00a0;<\/p>\n<p><strong>Veuillez noter qu&rsquo;il sera possible de prendre une photo directement au comptoir.<\/strong><\/p>\n<p><strong>Cependant,\u00a0<u>pour les mineurs de moins de 12 ans<\/u>\u00a0il est n\u00e9cessaire d&rsquo;apporter 1 photo d&rsquo;identit\u00e9 r\u00e9cente<\/strong>\u00a0(de moins de 6 mois), format OACI (biom\u00e9trique), en couleur, sur fond clair, d&rsquo;expression neutre ;<\/p>\n<p>&nbsp;<\/p>\n<p>&nbsp;<\/p>\n","protected":false},"excerpt":{"rendered":"Le passeport est \u00e0 la fois un document de voyage et d&rsquo;identification. Il est valable 10 ans,\u00a0\u00e0 l&rsquo;expiration duquel vous devrez demander un nouveau livret, la prolongation n&rsquo;\u00e9tant plus possible. Le co\u00fbt est\u00a0de 116 euros, \u00e0 payer (en esp\u00e8ces ou par carte de d\u00e9bit) lors du d\u00e9p\u00f4t de la demande au guichet (Bureau des Passeports) [&hellip;]","protected":false},"author":8,"featured_media":0,"parent":2415,"menu_order":0,"comment_status":"closed","ping_status":"closed","template":"","meta":{"footnotes":""},"class_list":["post-2424","page","type-page","status-publish","hentry"],"_links":{"self":[{"href":"https:\/\/amblussemburgo.esteri.it\/fr\/wp-json\/wp\/v2\/pages\/2424","targetHints":{"allow":["GET"]}}],"collection":[{"href":"https:\/\/amblussemburgo.esteri.it\/fr\/wp-json\/wp\/v2\/pages"}],"about":[{"href":"https:\/\/amblussemburgo.esteri.it\/fr\/wp-json\/wp\/v2\/types\/page"}],"author":[{"embeddable":true,"href":"https:\/\/amblussemburgo.esteri.it\/fr\/wp-json\/wp\/v2\/users\/8"}],"replies":[{"embeddable":true,"href":"https:\/\/amblussemburgo.esteri.it\/fr\/wp-json\/wp\/v2\/comments?post=2424"}],"version-history":[{"count":1,"href":"https:\/\/amblussemburgo.esteri.it\/fr\/wp-json\/wp\/v2\/pages\/2424\/revisions"}],"predecessor-version":[{"id":2427,"href":"https:\/\/amblussemburgo.esteri.it\/fr\/wp-json\/wp\/v2\/pages\/2424\/revisions\/2427"}],"up":[{"embeddable":true,"href":"https:\/\/amblussemburgo.esteri.it\/fr\/wp-json\/wp\/v2\/pages\/2415"}],"wp:attachment":[{"href":"https:\/\/amblussemburgo.esteri.it\/fr\/wp-json\/wp\/v2\/media?parent=2424"}],"curies":[{"name":"wp","href":"https:\/\/api.w.org\/{rel}","templated":true}]}}