{"id":2428,"date":"2023-09-28T14:14:59","date_gmt":"2023-09-28T12:14:59","guid":{"rendered":"https:\/\/amblussemburgo.esteri.it\/?page_id=2428"},"modified":"2024-07-24T11:30:17","modified_gmt":"2024-07-24T09:30:17","slug":"frais-de-passeport","status":"publish","type":"page","link":"https:\/\/amblussemburgo.esteri.it\/fr\/servizi-consolari-e-visti\/servizi-per-il-cittadino-italiano\/passaporti-e-carte-didentita\/passeports\/frais-de-passeport\/","title":{"rendered":"FRAIS DE PASSEPORT"},"content":{"rendered":"<p>Le paiement s&rsquo;effectue (en esp\u00e8ces ou par carte de d\u00e9bit \u00e0 partir du 1er f\u00e9vrier 2021) au bureau des passeports du registre consulaire au moment du d\u00e9p\u00f4t de la demande et du t\u00e9l\u00e9chargement des donn\u00e9es.<\/p>\n<p>Le co\u00fbt du passeport est de\u00a0<strong>116 euros<\/strong>.<\/p>\n<p>&nbsp;<\/p>\n","protected":false},"excerpt":{"rendered":"Le paiement s&rsquo;effectue (en esp\u00e8ces ou par carte de d\u00e9bit \u00e0 partir du 1er f\u00e9vrier 2021) au bureau des passeports du registre consulaire au moment du d\u00e9p\u00f4t de la demande et du t\u00e9l\u00e9chargement des donn\u00e9es. Le co\u00fbt du passeport est de\u00a0116 euros. &nbsp;","protected":false},"author":8,"featured_media":0,"parent":2415,"menu_order":0,"comment_status":"closed","ping_status":"closed","template":"","meta":{"footnotes":""},"class_list":["post-2428","page","type-page","status-publish","hentry"],"_links":{"self":[{"href":"https:\/\/amblussemburgo.esteri.it\/fr\/wp-json\/wp\/v2\/pages\/2428","targetHints":{"allow":["GET"]}}],"collection":[{"href":"https:\/\/amblussemburgo.esteri.it\/fr\/wp-json\/wp\/v2\/pages"}],"about":[{"href":"https:\/\/amblussemburgo.esteri.it\/fr\/wp-json\/wp\/v2\/types\/page"}],"author":[{"embeddable":true,"href":"https:\/\/amblussemburgo.esteri.it\/fr\/wp-json\/wp\/v2\/users\/8"}],"replies":[{"embeddable":true,"href":"https:\/\/amblussemburgo.esteri.it\/fr\/wp-json\/wp\/v2\/comments?post=2428"}],"version-history":[{"count":1,"href":"https:\/\/amblussemburgo.esteri.it\/fr\/wp-json\/wp\/v2\/pages\/2428\/revisions"}],"predecessor-version":[{"id":2431,"href":"https:\/\/amblussemburgo.esteri.it\/fr\/wp-json\/wp\/v2\/pages\/2428\/revisions\/2431"}],"up":[{"embeddable":true,"href":"https:\/\/amblussemburgo.esteri.it\/fr\/wp-json\/wp\/v2\/pages\/2415"}],"wp:attachment":[{"href":"https:\/\/amblussemburgo.esteri.it\/fr\/wp-json\/wp\/v2\/media?parent=2428"}],"curies":[{"name":"wp","href":"https:\/\/api.w.org\/{rel}","templated":true}]}}