{"id":2437,"date":"2023-09-28T14:46:44","date_gmt":"2023-09-28T12:46:44","guid":{"rendered":"https:\/\/amblussemburgo.esteri.it\/?page_id=2437"},"modified":"2024-07-24T11:34:22","modified_gmt":"2024-07-24T09:34:22","slug":"vol-ou-perte","status":"publish","type":"page","link":"https:\/\/amblussemburgo.esteri.it\/fr\/servizi-consolari-e-visti\/servizi-per-il-cittadino-italiano\/passaporti-e-carte-didentita\/passeports\/vol-ou-perte\/","title":{"rendered":"VOL OU PERTE"},"content":{"rendered":"<p>Les passeports vol\u00e9s ou perdus dans cette circonscription consulaire et retrouv\u00e9s ult\u00e9rieurement par les autorit\u00e9s locales sont restitu\u00e9s au bureau consulaire.<\/p>\n<p>Ceux qui ont r\u00e9cemment \u00e9t\u00e9 victimes d&rsquo;un vol\/perte et souhaitent v\u00e9rifier si leurs documents de voyage ont \u00e9t\u00e9 retrouv\u00e9s sont donc invit\u00e9s \u00e0 contacter ce Bureau pour plus d&rsquo;informations \u00e0 ce sujet, de pr\u00e9f\u00e9rence \u00e0 l&rsquo;adresse e-mail\u00a0\u00a0<a href=\"mailto:passaporti.lux@esteri.it\">passaporti.lux@esteri.it<\/a><\/p>\n<p>Veuillez noter qu&rsquo;apr\u00e8s le d\u00e9lai maximum d&rsquo;un an de conservation au bureau consulaire, \u00e0 compter de la date \u00e0 laquelle les autorit\u00e9s locales restituent les documents de voyage vol\u00e9s ou perdus, sans que ceux-ci aient \u00e9t\u00e9 r\u00e9clam\u00e9s par les propri\u00e9taires l\u00e9gitimes, il sera proc\u00e9d\u00e9 \u00e0 leur destruction sans autre communication.<\/p>\n<p><a href=\"https:\/\/amblussemburgo.esteri.it\/it\/amministrazione-trasparente\/consulenti-e-collaboratori\/aire\/documento-di-viaggio-provvisorio-etd-emergency-travel-document\/\"><strong>Document de voyage provisoire (ETD \u2013 Documentation de voyage d\u2019urgence provisoire (ETD \u2013 Document de voyage d\u2019urgence<\/strong><\/a><\/p>\n<p>&nbsp;<\/p>\n","protected":false},"excerpt":{"rendered":"Les passeports vol\u00e9s ou perdus dans cette circonscription consulaire et retrouv\u00e9s ult\u00e9rieurement par les autorit\u00e9s locales sont restitu\u00e9s au bureau consulaire. Ceux qui ont r\u00e9cemment \u00e9t\u00e9 victimes d&rsquo;un vol\/perte et souhaitent v\u00e9rifier si leurs documents de voyage ont \u00e9t\u00e9 retrouv\u00e9s sont donc invit\u00e9s \u00e0 contacter ce Bureau pour plus d&rsquo;informations \u00e0 ce sujet, de pr\u00e9f\u00e9rence [&hellip;]","protected":false},"author":8,"featured_media":0,"parent":2415,"menu_order":0,"comment_status":"closed","ping_status":"closed","template":"","meta":{"footnotes":""},"class_list":["post-2437","page","type-page","status-publish","hentry"],"_links":{"self":[{"href":"https:\/\/amblussemburgo.esteri.it\/fr\/wp-json\/wp\/v2\/pages\/2437","targetHints":{"allow":["GET"]}}],"collection":[{"href":"https:\/\/amblussemburgo.esteri.it\/fr\/wp-json\/wp\/v2\/pages"}],"about":[{"href":"https:\/\/amblussemburgo.esteri.it\/fr\/wp-json\/wp\/v2\/types\/page"}],"author":[{"embeddable":true,"href":"https:\/\/amblussemburgo.esteri.it\/fr\/wp-json\/wp\/v2\/users\/8"}],"replies":[{"embeddable":true,"href":"https:\/\/amblussemburgo.esteri.it\/fr\/wp-json\/wp\/v2\/comments?post=2437"}],"version-history":[{"count":1,"href":"https:\/\/amblussemburgo.esteri.it\/fr\/wp-json\/wp\/v2\/pages\/2437\/revisions"}],"predecessor-version":[{"id":2438,"href":"https:\/\/amblussemburgo.esteri.it\/fr\/wp-json\/wp\/v2\/pages\/2437\/revisions\/2438"}],"up":[{"embeddable":true,"href":"https:\/\/amblussemburgo.esteri.it\/fr\/wp-json\/wp\/v2\/pages\/2415"}],"wp:attachment":[{"href":"https:\/\/amblussemburgo.esteri.it\/fr\/wp-json\/wp\/v2\/media?parent=2437"}],"curies":[{"name":"wp","href":"https:\/\/api.w.org\/{rel}","templated":true}]}}