{"id":2439,"date":"2023-09-28T14:48:35","date_gmt":"2023-09-28T12:48:35","guid":{"rendered":"https:\/\/amblussemburgo.esteri.it\/?page_id=2439"},"modified":"2024-07-24T11:40:23","modified_gmt":"2024-07-24T09:40:23","slug":"titre-de-voyage-temporaire-etd-emergency-travel-document","status":"publish","type":"page","link":"https:\/\/amblussemburgo.esteri.it\/fr\/servizi-consolari-e-visti\/servizi-per-il-cittadino-italiano\/passaporti-e-carte-didentita\/passeports\/titre-de-voyage-temporaire-etd-emergency-travel-document\/","title":{"rendered":"Titre de voyage temporaire (ETD \u2013 Emergency Travel Document)"},"content":{"rendered":"<p><span>La d\u00e9livrance est pr\u00e9vue exclusivement en cas de perte ou de vol du passeport ou de la carte d&rsquo;identit\u00e9 de citoyens non r\u00e9sidents au Luxembourg. Le document de voyage provisoire (ETD) ne peut \u00eatre d\u00e9livr\u00e9 que dans les cas suivants :<\/span><\/p>\n<p><span>\u2013 retour en Italie<\/span><\/p>\n<p><span>\u2013 retourner dans le pays de r\u00e9sidence permanente.<\/span><\/p>\n<p><strong><span>Pour obtenir l\u2019ETD, les documents suivants doivent \u00eatre pr\u00e9sent\u00e9s :<\/span><\/strong><\/p>\n<p><span>\u2013 signaler la perte\/le vol de votre passeport ou autre document de voyage aux autorit\u00e9s polici\u00e8res locales\u00a0;<\/span><\/p>\n<p><span>\u2013 n. 2 photographies (identiques, frontales, format couleur 35 x 40 mm) ;<\/span><\/p>\n<p><span>\u2013 tout document utile pour faciliter l\u2019identification (par exemple une photocopie d\u2019une pi\u00e8ce d\u2019identit\u00e9) ;<\/span><\/p>\n<p><span>\u2013 document de voyage, si disponible.<\/span><\/p>\n<p><span>Le co\u00fbt de l&rsquo;ETD est de 1,55 euros et est valable 3 jours.<\/span><\/p>\n","protected":false},"excerpt":{"rendered":"La d\u00e9livrance est pr\u00e9vue exclusivement en cas de perte ou de vol du passeport ou de la carte d&rsquo;identit\u00e9 de citoyens non r\u00e9sidents au Luxembourg. Le document de voyage provisoire (ETD) ne peut \u00eatre d\u00e9livr\u00e9 que dans les cas suivants : \u2013 retour en Italie \u2013 retourner dans le pays de r\u00e9sidence permanente. Pour obtenir [&hellip;]","protected":false},"author":8,"featured_media":0,"parent":2415,"menu_order":0,"comment_status":"closed","ping_status":"closed","template":"","meta":{"footnotes":""},"class_list":["post-2439","page","type-page","status-publish","hentry"],"_links":{"self":[{"href":"https:\/\/amblussemburgo.esteri.it\/fr\/wp-json\/wp\/v2\/pages\/2439","targetHints":{"allow":["GET"]}}],"collection":[{"href":"https:\/\/amblussemburgo.esteri.it\/fr\/wp-json\/wp\/v2\/pages"}],"about":[{"href":"https:\/\/amblussemburgo.esteri.it\/fr\/wp-json\/wp\/v2\/types\/page"}],"author":[{"embeddable":true,"href":"https:\/\/amblussemburgo.esteri.it\/fr\/wp-json\/wp\/v2\/users\/8"}],"replies":[{"embeddable":true,"href":"https:\/\/amblussemburgo.esteri.it\/fr\/wp-json\/wp\/v2\/comments?post=2439"}],"version-history":[{"count":1,"href":"https:\/\/amblussemburgo.esteri.it\/fr\/wp-json\/wp\/v2\/pages\/2439\/revisions"}],"predecessor-version":[{"id":2442,"href":"https:\/\/amblussemburgo.esteri.it\/fr\/wp-json\/wp\/v2\/pages\/2439\/revisions\/2442"}],"up":[{"embeddable":true,"href":"https:\/\/amblussemburgo.esteri.it\/fr\/wp-json\/wp\/v2\/pages\/2415"}],"wp:attachment":[{"href":"https:\/\/amblussemburgo.esteri.it\/fr\/wp-json\/wp\/v2\/media?parent=2439"}],"curies":[{"name":"wp","href":"https:\/\/api.w.org\/{rel}","templated":true}]}}