{"id":2452,"date":"2023-09-28T15:46:56","date_gmt":"2023-09-28T13:46:56","guid":{"rendered":"https:\/\/amblussemburgo.esteri.it\/?page_id=2452"},"modified":"2024-07-24T13:03:43","modified_gmt":"2024-07-24T11:03:43","slug":"notarial-et-social","status":"publish","type":"page","link":"https:\/\/amblussemburgo.esteri.it\/fr\/servizi-consolari-e-visti\/servizi-per-il-cittadino-italiano\/servizi-notarili\/notarial-et-social\/","title":{"rendered":"NOTARIAL ET SOCIAL"},"content":{"rendered":"<p>Il est rappel\u00e9 \u00e0 nos compatriotes qu&rsquo;\u00e0 ce Bureau Consulaire il est \u00e9galement possible d&rsquo;effectuer des paiements par carte de d\u00e9bit (<strong>circuit Luxembourg V PAY<\/strong>).<\/p>\n<p><strong>ATTENTION : Pour des raisons comptables internes, le dernier jour ouvrable de chaque trimestre (vendredi 29 mars 2024 ; vendredi 28 juin 2024 ; lundi 30 septembre 2024 ; mardi 31 d\u00e9cembre 2024),<\/strong>\u00a0le paiement n&rsquo;est\u00a0<strong><u>autoris\u00e9 qu&rsquo;en esp\u00e8ces<\/u><\/strong>.<\/p>\n<p>Le paiement en esp\u00e8ces reste possible, au choix de l&rsquo;utilisateur, pour toutes les prestations consulaires.<\/p>\n<p><strong>***Seules les fonctions indiqu\u00e9es dans le lien peuvent \u00eatre demand\u00e9es***<\/strong><\/p>\n<p><a href=\"https:\/\/amblussemburgo.esteri.it\/fr\/servizi-consolari-e-visti\/servizi-per-il-cittadino-italiano\/servizi-notarili\/notarial-et-social\/suppression-du-pra-nouveau-reglement-en-vigueur-au-1er-janvier-2020\/\"><strong>SUPPRESSION DU PRA \u2013 NOUVELLE R\u00c8GLEMENT EN VIGUEUR AU 1ER JANVIER 2020<\/strong><\/a><\/p>\n<p><a href=\"https:\/\/amblussemburgo.esteri.it\/fr\/servizi-consolari-e-visti\/servizi-per-il-cittadino-italiano\/servizi-notarili\/notarial-et-social\/assistance-aux-citoyens-sante-rapatriement-corps-ou-cendres\/\"><strong>Assistance aux citoyens &#8211; Soins de sant\u00e9 &#8211; Rapatriement de corps ou de cendres<\/strong><\/a><\/p>\n<p><a href=\"https:\/\/amblussemburgo.esteri.it\/fr\/servizi-consolari-e-visti\/servizi-per-il-cittadino-italiano\/servizi-notarili\/notarial-et-social\/cel-certification-dexecution-des-travaux-realises-a-letranger\/\"><strong>CEL \u2013 Certification d\u2019Ex\u00e9cution des travaux r\u00e9alis\u00e9s \u00e0 l\u2019\u00e9tranger<\/strong><\/a><\/p>\n<p><a href=\"https:\/\/amblussemburgo.esteri.it\/fr\/servizi-consolari-e-visti\/servizi-per-il-cittadino-italiano\/servizi-notarili\/notarial-et-social\/voyage-des-enfants-de-moins-de-14-ans\/\"><strong>D\u00e9claration d&rsquo;accompagnement<\/strong><\/a><\/p>\n<p><a href=\"https:\/\/amblussemburgo.esteri.it\/fr\/servizi-consolari-e-visti\/servizi-per-il-cittadino-italiano\/servizi-notarili\/notarial-et-social\/certificat-de-casier-criminel\/\"><strong>Extrait de casier judiciaire<\/strong><\/a><\/p>\n<p><a href=\"https:\/\/amblussemburgo.esteri.it\/fr\/servizi-consolari-e-visti\/servizi-per-il-cittadino-italiano\/servizi-notarili\/notarial-et-social\/code-fiscal-code-pin-incitations-fiscales\/\"><strong>Code fiscal \u2013 Code PIN \u2013 Incitations fiscales\u00a0<\/strong><\/a><\/p>\n<p><a href=\"https:\/\/amblussemburgo.esteri.it\/fr\/servizi-consolari-e-visti\/servizi-per-il-cittadino-italiano\/servizi-notarili\/notarial-et-social\/spid-systeme-public-didentite-numerique\/\"><strong>SPID \u2013 Syst\u00e8me public d\u2019identit\u00e9 num\u00e9rique<\/strong><\/a><\/p>\n<p><a href=\"https:\/\/amblussemburgo.esteri.it\/fr\/servizi-consolari-e-visti\/servizi-per-il-cittadino-italiano\/servizi-notarili\/notarial-et-social\/declaration-de-valeur\/\"><strong>D\u00e9claration de valeur<\/strong><\/a><\/p>\n<p><a href=\"https:\/\/amblussemburgo.esteri.it\/fr\/servizi-consolari-e-visti\/servizi-per-il-cittadino-italiano\/servizi-notarili\/notarial-et-social\/traductions-legalisations-authentiques\/\"><strong>Traductions \u2013 L\u00e9galisations \u2013 Authentiques<\/strong><\/a><\/p>\n<p><a href=\"https:\/\/amblussemburgo.esteri.it\/wp-content\/uploads\/2024\/04\/LISTA-DEGLI-AVVOCATI-ultima-versione-alpha.pdf\"><strong>Liste des avocats\u00a0<\/strong><\/a><\/p>\n<p>T\u00e9l. (+352) 443644 \u2013 339<\/p>\n<p>E-mail :\u00a0\u00a0<a href=\"mailto:notarile.lux@esteri.it\">notarile.lux@esteri.it<\/a><\/p>\n","protected":false},"excerpt":{"rendered":"Il est rappel\u00e9 \u00e0 nos compatriotes qu&rsquo;\u00e0 ce Bureau Consulaire il est \u00e9galement possible d&rsquo;effectuer des paiements par carte de d\u00e9bit (circuit Luxembourg V PAY). ATTENTION : Pour des raisons comptables internes, le dernier jour ouvrable de chaque trimestre (vendredi 29 mars 2024 ; vendredi 28 juin 2024 ; lundi 30 septembre 2024 ; mardi [&hellip;]","protected":false},"author":8,"featured_media":0,"parent":188,"menu_order":0,"comment_status":"closed","ping_status":"closed","template":"","meta":{"footnotes":""},"class_list":["post-2452","page","type-page","status-publish","hentry"],"_links":{"self":[{"href":"https:\/\/amblussemburgo.esteri.it\/fr\/wp-json\/wp\/v2\/pages\/2452","targetHints":{"allow":["GET"]}}],"collection":[{"href":"https:\/\/amblussemburgo.esteri.it\/fr\/wp-json\/wp\/v2\/pages"}],"about":[{"href":"https:\/\/amblussemburgo.esteri.it\/fr\/wp-json\/wp\/v2\/types\/page"}],"author":[{"embeddable":true,"href":"https:\/\/amblussemburgo.esteri.it\/fr\/wp-json\/wp\/v2\/users\/8"}],"replies":[{"embeddable":true,"href":"https:\/\/amblussemburgo.esteri.it\/fr\/wp-json\/wp\/v2\/comments?post=2452"}],"version-history":[{"count":6,"href":"https:\/\/amblussemburgo.esteri.it\/fr\/wp-json\/wp\/v2\/pages\/2452\/revisions"}],"predecessor-version":[{"id":2507,"href":"https:\/\/amblussemburgo.esteri.it\/fr\/wp-json\/wp\/v2\/pages\/2452\/revisions\/2507"}],"up":[{"embeddable":true,"href":"https:\/\/amblussemburgo.esteri.it\/fr\/wp-json\/wp\/v2\/pages\/188"}],"wp:attachment":[{"href":"https:\/\/amblussemburgo.esteri.it\/fr\/wp-json\/wp\/v2\/media?parent=2452"}],"curies":[{"name":"wp","href":"https:\/\/api.w.org\/{rel}","templated":true}]}}