{"id":2456,"date":"2023-09-29T11:48:31","date_gmt":"2023-09-29T09:48:31","guid":{"rendered":"https:\/\/amblussemburgo.esteri.it\/?page_id=2456"},"modified":"2024-07-24T11:54:24","modified_gmt":"2024-07-24T09:54:24","slug":"suppression-du-pra-nouveau-reglement-en-vigueur-au-1er-janvier-2020","status":"publish","type":"page","link":"https:\/\/amblussemburgo.esteri.it\/fr\/servizi-consolari-e-visti\/servizi-per-il-cittadino-italiano\/servizi-notarili\/notarial-et-social\/suppression-du-pra-nouveau-reglement-en-vigueur-au-1er-janvier-2020\/","title":{"rendered":"SUPPRESSION DU PRA \u2013 NOUVEAU R\u00c8GLEMENT EN VIGUEUR AU 1ER JANVIER 2020"},"content":{"rendered":"<p><strong>L&rsquo;Automobile Club d&rsquo;Italie (ACI)<\/strong>\u00a0a inform\u00e9 que, suite \u00e0 un changement r\u00e9glementaire, \u00e0 partir du 1er janvier 2020, un nouveau r\u00e8glement entrera en vigueur qui r\u00e9glemente la suppression des v\u00e9hicules du Registre Public Automobile (PRA) pour l&rsquo;exportation d\u00e9finitive \u00e0 l&rsquo;\u00e9tranger.<\/p>\n<p>Le nouvel art. 103 du Code de la route pr\u00e9voit que l&rsquo;annulation de la PRA pour l&rsquo;exportation d\u00e9finitive \u00e0 l&rsquo;\u00e9tranger de v\u00e9hicules automobiles, automobiles ou remorques est accord\u00e9e \u00e0 la condition que ceux-ci aient \u00e9t\u00e9 soumis \u00e0 un contr\u00f4le positif \u00e0 une date ne d\u00e9passant pas six mois \u00e0 compter de la date de demande de radiation. Ainsi, \u00e0 partir du 1er janvier 2020, la radiation devra \u00eatre demand\u00e9e AVANT l&rsquo;exportation du v\u00e9hicule, afin de permettre de v\u00e9rifier que le contr\u00f4le technique a eu lieu dans les d\u00e9lais fix\u00e9s par la loi. Une fois l&rsquo;annulation effectu\u00e9e, le v\u00e9hicule annul\u00e9 ne pourra circuler sur la route pour rejoindre les postes frontaliers d&rsquo;exportation que s&rsquo;il est muni du permis de circulation et de la plaque d&rsquo;immatriculation temporaire exig\u00e9s par l&rsquo;art. 99 du Code de la route. Lors de la premi\u00e8re application de la nouvelle r\u00e9glementation, le v\u00e9hicule radi\u00e9 sera \u00e9galement \u00e9quip\u00e9 du certificat d&rsquo;immatriculation original annul\u00e9 pour cause d&rsquo;exportation et non valable pour la circulation.<\/p>\n<p>&nbsp;<\/p>\n<p>&nbsp;<\/p>\n","protected":false},"excerpt":{"rendered":"L&rsquo;Automobile Club d&rsquo;Italie (ACI)\u00a0a inform\u00e9 que, suite \u00e0 un changement r\u00e9glementaire, \u00e0 partir du 1er janvier 2020, un nouveau r\u00e8glement entrera en vigueur qui r\u00e9glemente la suppression des v\u00e9hicules du Registre Public Automobile (PRA) pour l&rsquo;exportation d\u00e9finitive \u00e0 l&rsquo;\u00e9tranger. Le nouvel art. 103 du Code de la route pr\u00e9voit que l&rsquo;annulation de la PRA pour [&hellip;]","protected":false},"author":8,"featured_media":0,"parent":2452,"menu_order":0,"comment_status":"closed","ping_status":"closed","template":"","meta":{"footnotes":""},"class_list":["post-2456","page","type-page","status-publish","hentry"],"_links":{"self":[{"href":"https:\/\/amblussemburgo.esteri.it\/fr\/wp-json\/wp\/v2\/pages\/2456","targetHints":{"allow":["GET"]}}],"collection":[{"href":"https:\/\/amblussemburgo.esteri.it\/fr\/wp-json\/wp\/v2\/pages"}],"about":[{"href":"https:\/\/amblussemburgo.esteri.it\/fr\/wp-json\/wp\/v2\/types\/page"}],"author":[{"embeddable":true,"href":"https:\/\/amblussemburgo.esteri.it\/fr\/wp-json\/wp\/v2\/users\/8"}],"replies":[{"embeddable":true,"href":"https:\/\/amblussemburgo.esteri.it\/fr\/wp-json\/wp\/v2\/comments?post=2456"}],"version-history":[{"count":1,"href":"https:\/\/amblussemburgo.esteri.it\/fr\/wp-json\/wp\/v2\/pages\/2456\/revisions"}],"predecessor-version":[{"id":2459,"href":"https:\/\/amblussemburgo.esteri.it\/fr\/wp-json\/wp\/v2\/pages\/2456\/revisions\/2459"}],"up":[{"embeddable":true,"href":"https:\/\/amblussemburgo.esteri.it\/fr\/wp-json\/wp\/v2\/pages\/2452"}],"wp:attachment":[{"href":"https:\/\/amblussemburgo.esteri.it\/fr\/wp-json\/wp\/v2\/media?parent=2456"}],"curies":[{"name":"wp","href":"https:\/\/api.w.org\/{rel}","templated":true}]}}