{"id":2470,"date":"2023-09-29T11:54:06","date_gmt":"2023-09-29T09:54:06","guid":{"rendered":"https:\/\/amblussemburgo.esteri.it\/?page_id=2470"},"modified":"2024-07-24T12:29:09","modified_gmt":"2024-07-24T10:29:09","slug":"cel-certification-dexecution-des-travaux-realises-a-letranger","status":"publish","type":"page","link":"https:\/\/amblussemburgo.esteri.it\/fr\/servizi-consolari-e-visti\/servizi-per-il-cittadino-italiano\/servizi-notarili\/notarial-et-social\/cel-certification-dexecution-des-travaux-realises-a-letranger\/","title":{"rendered":"CEL \u2013 CERTIFICATION D\u2019EX\u00c9CUTION DES TRAVAUX R\u00c9ALIS\u00c9S \u00c0 L\u2019\u00c9TRANGER"},"content":{"rendered":"<p><strong>\u00c9TABLISSEMENT DE LA LISTE DES TECHNICIENS DE CONFIANCE POUR LA MISE EN \u0152UVRE DE L&rsquo;ART. 84 du d\u00e9cret pr\u00e9sidentiel 207\/2010<\/strong><\/p>\n<p>Conform\u00e9ment \u00e0 l&rsquo;art. 84 du d\u00e9cret pr\u00e9sidentiel du 5 octobre 2010, n. 207, la liste des techniciens de confiance de la Chancellerie Consulaire de l&rsquo;Ambassade d&rsquo;Italie au Luxembourg est \u00e9tablie, uniquement pour les activit\u00e9s qui y sont pr\u00e9vues.<br \/>\nLes personnes en possession des exigences peuvent demander l&rsquo;inscription, uniquement aux fins li\u00e9es \u00e0 la d\u00e9livrance des certificats de travail vis\u00e9s \u00e0 l&rsquo;art. 84 du d\u00e9cret pr\u00e9sidentiel du 5 octobre 2010, n. 207, selon les modalit\u00e9s pr\u00e9cis\u00e9es ci-dessous.<br \/>\nCet avis n&rsquo;expire pas. Les candidatures peuvent \u00eatre d\u00e9pos\u00e9es \u00e0 tout moment et l\u2019inscription est valable en permanence, jusqu\u2019\u00e0 ce que l\u2019une des causes d\u2019annulation pr\u00e9cis\u00e9es ci-dessous survienne. Les membres doivent \u00e9galement s&rsquo;engager \u00e0 communiquer tout changement relatif \u00e0 leur statut et \u00e0 leurs coordonn\u00e9es.<br \/>\nApr\u00e8s v\u00e9rification du caract\u00e8re complet de la demande, le nom du membre, accompagn\u00e9 du d\u00e9p\u00f4t de la signature et du cachet d&rsquo;enregistrement de l&rsquo;association professionnelle \u00e0 laquelle il appartient, est ajout\u00e9 \u00e0 la \u00ab Liste des techniciens de confiance de la chancellerie consulaire \u00bb de l&rsquo;Ambassade d&rsquo;Italie au Luxembourg pour la mise en \u0153uvre de l&rsquo;art. 84 du d\u00e9cret pr\u00e9sidentiel du 5 octobre 2010, n. 207\u00bb, qui est envoy\u00e9 \u00e0 chaque entreprise demandant la certification des travaux r\u00e9alis\u00e9s sur le territoire de cette circonscription consulaire.<br \/>\nLe soussign\u00e9 se r\u00e9serve le droit de proc\u00e9der \u00e0 des contr\u00f4les sur les informations communiqu\u00e9es tant au moment de l&rsquo;inscription que jointes \u00e0 chaque certificat, et d&rsquo;activer la proc\u00e9dure correspondante aupr\u00e8s des autorit\u00e9s comp\u00e9tentes au Luxembourg et en Italie en cas de fausses d\u00e9clarations ou d&rsquo;omissions et d\u2019informations pr\u00e9judiciables \u00e0 la d\u00e9livrance du document.<\/p>\n","protected":false},"excerpt":{"rendered":"\u00c9TABLISSEMENT DE LA LISTE DES TECHNICIENS DE CONFIANCE POUR LA MISE EN \u0152UVRE DE L&rsquo;ART. 84 du d\u00e9cret pr\u00e9sidentiel 207\/2010 Conform\u00e9ment \u00e0 l&rsquo;art. 84 du d\u00e9cret pr\u00e9sidentiel du 5 octobre 2010, n. 207, la liste des techniciens de confiance de la Chancellerie Consulaire de l&rsquo;Ambassade d&rsquo;Italie au Luxembourg est \u00e9tablie, uniquement pour les activit\u00e9s qui [&hellip;]","protected":false},"author":8,"featured_media":0,"parent":2452,"menu_order":0,"comment_status":"closed","ping_status":"closed","template":"","meta":{"footnotes":""},"class_list":["post-2470","page","type-page","status-publish","hentry"],"_links":{"self":[{"href":"https:\/\/amblussemburgo.esteri.it\/fr\/wp-json\/wp\/v2\/pages\/2470","targetHints":{"allow":["GET"]}}],"collection":[{"href":"https:\/\/amblussemburgo.esteri.it\/fr\/wp-json\/wp\/v2\/pages"}],"about":[{"href":"https:\/\/amblussemburgo.esteri.it\/fr\/wp-json\/wp\/v2\/types\/page"}],"author":[{"embeddable":true,"href":"https:\/\/amblussemburgo.esteri.it\/fr\/wp-json\/wp\/v2\/users\/8"}],"replies":[{"embeddable":true,"href":"https:\/\/amblussemburgo.esteri.it\/fr\/wp-json\/wp\/v2\/comments?post=2470"}],"version-history":[{"count":1,"href":"https:\/\/amblussemburgo.esteri.it\/fr\/wp-json\/wp\/v2\/pages\/2470\/revisions"}],"predecessor-version":[{"id":2473,"href":"https:\/\/amblussemburgo.esteri.it\/fr\/wp-json\/wp\/v2\/pages\/2470\/revisions\/2473"}],"up":[{"embeddable":true,"href":"https:\/\/amblussemburgo.esteri.it\/fr\/wp-json\/wp\/v2\/pages\/2452"}],"wp:attachment":[{"href":"https:\/\/amblussemburgo.esteri.it\/fr\/wp-json\/wp\/v2\/media?parent=2470"}],"curies":[{"name":"wp","href":"https:\/\/api.w.org\/{rel}","templated":true}]}}