{"id":2475,"date":"2023-09-29T11:56:01","date_gmt":"2023-09-29T09:56:01","guid":{"rendered":"https:\/\/amblussemburgo.esteri.it\/?page_id=2475"},"modified":"2024-07-24T12:54:16","modified_gmt":"2024-07-24T10:54:16","slug":"voyage-des-enfants-de-moins-de-14-ans","status":"publish","type":"page","link":"https:\/\/amblussemburgo.esteri.it\/fr\/servizi-consolari-e-visti\/servizi-per-il-cittadino-italiano\/servizi-notarili\/notarial-et-social\/voyage-des-enfants-de-moins-de-14-ans\/","title":{"rendered":"VOYAGE DES ENFANTS DE MOINS DE 14 ANS"},"content":{"rendered":"<p>En cas de voyage \u00e0 l&rsquo;\u00e9tranger de mineurs italiens de moins de quatorze ans non accompagn\u00e9s de l&rsquo;un des deux parents (ou d&rsquo;un tuteur), il est n\u00e9cessaire de demander une mention sur le passeport italien ou une d\u00e9claration d&rsquo;accompagnement.<\/p>\n<p>Les parents ou les personnes exer\u00e7ant la tutelle doivent pr\u00e9senter une d\u00e9claration \u00e0 l&rsquo;autorit\u00e9 charg\u00e9e de d\u00e9livrer le passeport, qui est normalement celle dans laquelle r\u00e9side le demandeur (pr\u00e9fecture de police ou consulat), dans laquelle ils indiquent le nom de la ou des personnes ou de l\u2019institution \u00e0 laquelle le mineur est confi\u00e9, en demandant que cette mention soit port\u00e9e sur le passeport du mineur ou dans un certificat s\u00e9par\u00e9.<\/p>\n<p>Les documents suivants doivent \u00eatre joints\u00a0\u00e0 la d\u00e9claration\u00a0<a href=\"https:\/\/amblussemburgo.esteri.it\/wp-content\/uploads\/2023\/09\/modello-DICHIARAZIONE-ACCOMPAGNAMENTO.doc\">(\u00a0<strong>FORMULAIRE<\/strong>\u00a0)<\/a><br \/>\n: \u2013 copie de la pi\u00e8ce d&rsquo;identit\u00e9 que le mineur utilisera pour le voyage ;<br \/>\n\u2013 copie des pi\u00e8ces d&rsquo;identit\u00e9 des parents (ou de ceux exer\u00e7ant la tutelle) ;<br \/>\n\u2013 copie des pi\u00e8ces d&rsquo;identit\u00e9 des accompagnants ;<br \/>\n\u2013 r\u00e9servation ou titre de transport (avec indication de l\u2019itin\u00e9raire).<\/p>\n<p>L&rsquo;office r\u00e9cepteur exige, dans l&rsquo;int\u00e9r\u00eat sup\u00e9rieur du mineur, la pr\u00e9sence physique des personnes exer\u00e7ant l&rsquo;autorit\u00e9 parentale.<\/p>\n<p>La d\u00e9claration est gratuite.<\/p>\n<p>La d\u00e9claration est normalement valable pour un seul voyage (entendu aller et\/ou retour) hors du pays de r\u00e9sidence du mineur de moins de quatorze ans, avec une destination d\u00e9termin\u00e9e. La dur\u00e9e maximale de validit\u00e9 de la d\u00e9claration (dans laquelle doivent \u00eatre incluses les dates de d\u00e9part et de retour) est de 6 mois. Toutefois, la validit\u00e9 ne peut exc\u00e9der la date d&rsquo;expiration du passeport du mineur.<\/p>\n<p>Dans le cas de voyages impliquant la travers\u00e9e de plusieurs \u00c9tats, il appartient aux op\u00e9rateurs ayant la responsabilit\u00e9 parentale ou de tutelle d&rsquo;\u00e9valuer &#8211; en fonction des modalit\u00e9s du voyage lui-m\u00eame &#8211; s&rsquo;il convient d&rsquo;indiquer uniquement le pays de destination finale ou tous les pays individuels visit\u00e9s.<\/p>\n<p>&nbsp;<\/p>\n<p>&nbsp;<\/p>\n","protected":false},"excerpt":{"rendered":"En cas de voyage \u00e0 l&rsquo;\u00e9tranger de mineurs italiens de moins de quatorze ans non accompagn\u00e9s de l&rsquo;un des deux parents (ou d&rsquo;un tuteur), il est n\u00e9cessaire de demander une mention sur le passeport italien ou une d\u00e9claration d&rsquo;accompagnement. Les parents ou les personnes exer\u00e7ant la tutelle doivent pr\u00e9senter une d\u00e9claration \u00e0 l&rsquo;autorit\u00e9 charg\u00e9e de [&hellip;]","protected":false},"author":8,"featured_media":0,"parent":2452,"menu_order":0,"comment_status":"closed","ping_status":"closed","template":"","meta":{"footnotes":""},"class_list":["post-2475","page","type-page","status-publish","hentry"],"_links":{"self":[{"href":"https:\/\/amblussemburgo.esteri.it\/fr\/wp-json\/wp\/v2\/pages\/2475","targetHints":{"allow":["GET"]}}],"collection":[{"href":"https:\/\/amblussemburgo.esteri.it\/fr\/wp-json\/wp\/v2\/pages"}],"about":[{"href":"https:\/\/amblussemburgo.esteri.it\/fr\/wp-json\/wp\/v2\/types\/page"}],"author":[{"embeddable":true,"href":"https:\/\/amblussemburgo.esteri.it\/fr\/wp-json\/wp\/v2\/users\/8"}],"replies":[{"embeddable":true,"href":"https:\/\/amblussemburgo.esteri.it\/fr\/wp-json\/wp\/v2\/comments?post=2475"}],"version-history":[{"count":1,"href":"https:\/\/amblussemburgo.esteri.it\/fr\/wp-json\/wp\/v2\/pages\/2475\/revisions"}],"predecessor-version":[{"id":2478,"href":"https:\/\/amblussemburgo.esteri.it\/fr\/wp-json\/wp\/v2\/pages\/2475\/revisions\/2478"}],"up":[{"embeddable":true,"href":"https:\/\/amblussemburgo.esteri.it\/fr\/wp-json\/wp\/v2\/pages\/2452"}],"wp:attachment":[{"href":"https:\/\/amblussemburgo.esteri.it\/fr\/wp-json\/wp\/v2\/media?parent=2475"}],"curies":[{"name":"wp","href":"https:\/\/api.w.org\/{rel}","templated":true}]}}