{"id":2482,"date":"2023-09-29T12:09:38","date_gmt":"2023-09-29T10:09:38","guid":{"rendered":"https:\/\/amblussemburgo.esteri.it\/?page_id=2482"},"modified":"2024-07-24T12:55:51","modified_gmt":"2024-07-24T10:55:51","slug":"certificat-de-casier-criminel","status":"publish","type":"page","link":"https:\/\/amblussemburgo.esteri.it\/fr\/servizi-consolari-e-visti\/servizi-per-il-cittadino-italiano\/servizi-notarili\/notarial-et-social\/certificat-de-casier-criminel\/","title":{"rendered":"CERTIFICAT DE CASIER CRIMINEL"},"content":{"rendered":"<p>Si vous avez la nationalit\u00e9 italienne, vous pouvez demander la citoyennet\u00e9 europ\u00e9enne extraite du syst\u00e8me ECRIS au greffe du tribunal de Luxembourg.\u00a0<a href=\"https:\/\/guichet.public.lu\/fr\/citoyens\/justice\/certificats-copies-actes-casier-judicaire\/extrait-casier-judicaire\/casier-judiciaire-pers-physique.html\"><strong>Vois ici.\u00a0<\/strong><\/a><strong>\u00a0<\/strong><\/p>\n<p>PS Si vous n&rsquo;avez pas la nationalit\u00e9 italienne, vous pouvez vous adresser au parquet de Bolzano en allemand.\u00a0<a href=\"https:\/\/www.procura.bolzano.it\/index.php\/it\/uffici-it\/16-contatti-it\/40-casellario-giudiziale-it\"><strong>Vois ici.<\/strong><\/a><\/p>\n","protected":false},"excerpt":{"rendered":"Si vous avez la nationalit\u00e9 italienne, vous pouvez demander la citoyennet\u00e9 europ\u00e9enne extraite du syst\u00e8me ECRIS au greffe du tribunal de Luxembourg.\u00a0Vois ici.\u00a0\u00a0 PS Si vous n&rsquo;avez pas la nationalit\u00e9 italienne, vous pouvez vous adresser au parquet de Bolzano en allemand.\u00a0Vois ici.","protected":false},"author":8,"featured_media":0,"parent":2452,"menu_order":0,"comment_status":"closed","ping_status":"closed","template":"","meta":{"footnotes":""},"class_list":["post-2482","page","type-page","status-publish","hentry"],"_links":{"self":[{"href":"https:\/\/amblussemburgo.esteri.it\/fr\/wp-json\/wp\/v2\/pages\/2482","targetHints":{"allow":["GET"]}}],"collection":[{"href":"https:\/\/amblussemburgo.esteri.it\/fr\/wp-json\/wp\/v2\/pages"}],"about":[{"href":"https:\/\/amblussemburgo.esteri.it\/fr\/wp-json\/wp\/v2\/types\/page"}],"author":[{"embeddable":true,"href":"https:\/\/amblussemburgo.esteri.it\/fr\/wp-json\/wp\/v2\/users\/8"}],"replies":[{"embeddable":true,"href":"https:\/\/amblussemburgo.esteri.it\/fr\/wp-json\/wp\/v2\/comments?post=2482"}],"version-history":[{"count":1,"href":"https:\/\/amblussemburgo.esteri.it\/fr\/wp-json\/wp\/v2\/pages\/2482\/revisions"}],"predecessor-version":[{"id":2483,"href":"https:\/\/amblussemburgo.esteri.it\/fr\/wp-json\/wp\/v2\/pages\/2482\/revisions\/2483"}],"up":[{"embeddable":true,"href":"https:\/\/amblussemburgo.esteri.it\/fr\/wp-json\/wp\/v2\/pages\/2452"}],"wp:attachment":[{"href":"https:\/\/amblussemburgo.esteri.it\/fr\/wp-json\/wp\/v2\/media?parent=2482"}],"curies":[{"name":"wp","href":"https:\/\/api.w.org\/{rel}","templated":true}]}}