{"id":2492,"date":"2023-10-04T09:51:52","date_gmt":"2023-10-04T07:51:52","guid":{"rendered":"https:\/\/amblussemburgo.esteri.it\/?page_id=2492"},"modified":"2024-07-24T12:58:14","modified_gmt":"2024-07-24T10:58:14","slug":"spid-systeme-public-didentite-numerique","status":"publish","type":"page","link":"https:\/\/amblussemburgo.esteri.it\/fr\/servizi-consolari-e-visti\/servizi-per-il-cittadino-italiano\/servizi-notarili\/notarial-et-social\/spid-systeme-public-didentite-numerique\/","title":{"rendered":"SPID \u2013 Syst\u00e8me public d\u2019identit\u00e9 num\u00e9rique"},"content":{"rendered":"<p>SPID, le Syst\u00e8me Public d&rsquo;Identit\u00e9 Num\u00e9rique, est la solution qui permet d&rsquo;acc\u00e9der aux services en ligne de l&rsquo;Administration Publique et des entit\u00e9s priv\u00e9es participantes avec une seule Identit\u00e9 Num\u00e9rique (nom d&rsquo;utilisateur et mot de passe) utilisable depuis des ordinateurs, des tablettes et des smartphones.<\/p>\n<p>L\u2019utilisation du SPID est gratuite.<\/p>\n<p>La demande de SPID est \u00e9galement gratuite, mais certaines formes de reconnaissance par les op\u00e9rateurs peuvent n\u00e9cessiter des frais.<\/p>\n<p>SPID, c&rsquo;est simple : r\u00e9servations de soins de sant\u00e9, inscriptions scolaires, acc\u00e8s au r\u00e9seau Wi-Fi public, pratiques commerciales, etc. avec un seul mot de passe.<\/p>\n<p>SPID est s\u00fbr : Le syst\u00e8me SPID assure une protection compl\u00e8te de vos donn\u00e9es personnelles, aucun type de profilage n&rsquo;est autoris\u00e9 ; votre vie priv\u00e9e est garantie.<\/p>\n<p>SPID est rapide : vous pouvez acc\u00e9der rapidement aux services en ligne de l&rsquo;administration publique et des entit\u00e9s priv\u00e9es participantes o\u00f9 que vous soyez et depuis n&rsquo;importe quel appareil.<\/p>\n<p>&nbsp;<\/p>\n<p><strong>Demander un SPID<\/strong><\/p>\n<p>Pour demander et obtenir vos identifiants SPID, le syst\u00e8me public d&rsquo;identit\u00e9 num\u00e9rique, vous devez \u00eatre majeur.<\/p>\n<p>Tu auras besoin de:<\/p>\n<ul>\n<li>une adresse e-mail<br \/>\n\u2022 le num\u00e9ro de t\u00e9l\u00e9phone portable que vous utilisez habituellement (m\u00eame \u00e9tranger)<br \/>\n\u2022 une pi\u00e8ce d&rsquo;identit\u00e9 italienne en cours de validit\u00e9 (l&rsquo;une des cartes d&rsquo;identit\u00e9 ou passeport). Un permis de conduire peut \u00e9galement \u00eatre accept\u00e9. Lors de l&rsquo;inscription il peut \u00eatre n\u00e9cessaire de les photographier et de les joindre au formulaire que vous remplirez<br \/>\n\u2022 le code des imp\u00f4ts (en l&rsquo;absence de code des imp\u00f4ts, il est possible d&rsquo;en faire la demande au bureau consulaire. La fiche Agence des Revenus vis\u00e9e par l&rsquo;administration fiscale et le bureau consulaire pr\u00e9vaudra).\u00a0\u00a0<strong>Si vous r\u00e9sidez au Luxembourg et \u00eates inscrit \u00e0 l&rsquo;AIRE, pour obtenir votre code fiscal,\u00a0<\/strong><a href=\"https:\/\/amblussemburgo.esteri.it\/it\/servizi-consolari-e-visti\/servizi-per-il-cittadino-italiano\/servizi-notarili\/notarile-e-sociale\/codice-fiscale-pin-code-incentivi-fiscali\/\"><strong>cliquez ICI.<\/strong><\/a><\/li>\n<\/ul>\n<p><strong>Que faire pour obtenir SPID<\/strong><\/p>\n<p>Choisissez l&rsquo;un des fournisseurs d&rsquo;identit\u00e9 (\u00a0<a href=\"https:\/\/www.spid.gov.it\/richiedi-spid\">https:\/\/www.spid.gov.it\/richiedi-spid<\/a>\u00a0) et inscrivez-vous sur leur site.<\/p>\n<p>L&rsquo;inscription comprend 3 \u00e9tapes :<br \/>\n1. Saisissez vos donn\u00e9es personnelles ;<br \/>\n2. Cr\u00e9ez vos informations d&rsquo;identification SPID\u00a0;<br \/>\n3. Effectuez la reconnaissance en choisissant entre : en personne (uniquement en Italie) \/ en ligne \/ via\u00a0\u00a0<strong>CIE<\/strong>\u00a0, CNS,\u00a0\u00a0<strong>passeport<\/strong>\u00a0\u00a0ou signature num\u00e9rique.<\/p>\n<p>Les d\u00e9lais de lib\u00e9ration de l&rsquo;identit\u00e9 num\u00e9rique d\u00e9pendent des diff\u00e9rents fournisseurs d&rsquo;identit\u00e9.<\/p>\n<p><strong>Comment choisir entre les diff\u00e9rents fournisseurs d&rsquo;identit\u00e9<\/strong><\/p>\n<p>Les fournisseurs d&rsquo;identit\u00e9 proposent diff\u00e9rentes m\u00e9thodes d&rsquo;enregistrement, gratuitement ou moyennant des frais, et leurs SPID respectifs ont diff\u00e9rents niveaux de s\u00e9curit\u00e9.<\/p>\n<p>Le tableau pr\u00e9sent\u00e9 ici (\u00a0<a href=\"https:\/\/www.spid.gov.it\/richiedi-spid\">https:\/\/www.spid.gov.it\/richiedi-spid<\/a>\u00a0) donne une image actualis\u00e9e de la situation. Nous recommandons en particulier de se concentrer sur les param\u00e8tres suivants.<\/p>\n<ul>\n<li>Choisissez la m\u00e9thode de reconnaissance qui vous convient le mieux (en personne, via Carte d&rsquo;Identit\u00e9 Electronique (CIE), Carte Nationale de Services (CNS), passeport biom\u00e9trique, signature num\u00e9rique ou via webcam)<br \/>\n\u2022 Choisissez en fonction du niveau de s\u00e9curit\u00e9 du SPID dont vous avez besoin<br \/>\n\u2022 Si vous \u00eates d\u00e9j\u00e0 client de l&rsquo;un des fournisseurs d&rsquo;identit\u00e9, vous pouvez b\u00e9n\u00e9ficier d&rsquo;un processus d&rsquo;inscription simplifi\u00e9.<\/li>\n<li><strong>Si vous \u00eates un citoyen italien r\u00e9sidant \u00e0 l&rsquo;\u00e9tranger, faites attention \u00e0 qui propose le service \u00e0 l&rsquo;\u00e9tranger : choisissez le fournisseur d&rsquo;identit\u00e9 qui affiche l&rsquo;ic\u00f4ne \u00ab Monde \u00bb ou \u00ab UE \u00bb.<\/strong><\/li>\n<li>N&rsquo;oubliez pas que m\u00eame en utilisant le CIE, le CNS, le passeport biom\u00e9trique et la signature num\u00e9rique, vous pouvez obtenir le SPID \u00e0 distance. Visitez les sites Internet des diff\u00e9rents op\u00e9rateurs pour v\u00e9rifier les conditions de sortie et choisir celle qui vous convient le mieux.<\/li>\n<\/ul>\n<p><strong>O\u00f9 vous pouvez utiliser SPID<\/strong><\/p>\n<p>Sur ce lien, vous pouvez effectuer une recherche parmi les services compatibles SPID de plus de 4000 administrations et trouver la liste des prestataires de services priv\u00e9s. Vous pouvez acc\u00e9der au portail \u00ab\u00a0Fast It\u00a0\u00bb de la Farnesina d\u00e9di\u00e9 aux services consulaires avec les informations d&rsquo;identification SPID (\u00a0<a href=\"https:\/\/serviziconsolarionline.esteri.it\/\">https:\/\/serviziconsolarionline.esteri.it<\/a>\u00a0)<\/p>\n<p><strong>Questions fr\u00e9quemment pos\u00e9es\u00a0:\u00a0<\/strong>\u00a0<a href=\"https:\/\/www.spid.gov.it\/domande-frequenti\">https:\/\/www.spid.gov.it\/domande-frequenti<\/a><\/p>\n<p><strong>Tutoriel vid\u00e9o :<\/strong>\u00a0\u00a0visitez le site institutionnel\u00a0\u00a0<a href=\"http:\/\/www.spid.gov.it\/\">www.spid.gov.it<\/a>\u00a0\u00a0pour des didacticiels vid\u00e9o sur la reconnaissance par webcam, la reconnaissance de personnes et la reconnaissance en ligne.<\/p>\n<p><strong>Pour les mises \u00e0 jour et plus d\u2019informations :\u00a0<\/strong>\u00a0<a href=\"http:\/\/www.spid.gov.it\/\">www.spid.gov.it<\/a><\/p>\n","protected":false},"excerpt":{"rendered":"SPID, le Syst\u00e8me Public d&rsquo;Identit\u00e9 Num\u00e9rique, est la solution qui permet d&rsquo;acc\u00e9der aux services en ligne de l&rsquo;Administration Publique et des entit\u00e9s priv\u00e9es participantes avec une seule Identit\u00e9 Num\u00e9rique (nom d&rsquo;utilisateur et mot de passe) utilisable depuis des ordinateurs, des tablettes et des smartphones. L\u2019utilisation du SPID est gratuite. La demande de SPID est \u00e9galement [&hellip;]","protected":false},"author":8,"featured_media":0,"parent":2452,"menu_order":0,"comment_status":"closed","ping_status":"closed","template":"","meta":{"footnotes":""},"class_list":["post-2492","page","type-page","status-publish","hentry"],"_links":{"self":[{"href":"https:\/\/amblussemburgo.esteri.it\/fr\/wp-json\/wp\/v2\/pages\/2492","targetHints":{"allow":["GET"]}}],"collection":[{"href":"https:\/\/amblussemburgo.esteri.it\/fr\/wp-json\/wp\/v2\/pages"}],"about":[{"href":"https:\/\/amblussemburgo.esteri.it\/fr\/wp-json\/wp\/v2\/types\/page"}],"author":[{"embeddable":true,"href":"https:\/\/amblussemburgo.esteri.it\/fr\/wp-json\/wp\/v2\/users\/8"}],"replies":[{"embeddable":true,"href":"https:\/\/amblussemburgo.esteri.it\/fr\/wp-json\/wp\/v2\/comments?post=2492"}],"version-history":[{"count":1,"href":"https:\/\/amblussemburgo.esteri.it\/fr\/wp-json\/wp\/v2\/pages\/2492\/revisions"}],"predecessor-version":[{"id":2494,"href":"https:\/\/amblussemburgo.esteri.it\/fr\/wp-json\/wp\/v2\/pages\/2492\/revisions\/2494"}],"up":[{"embeddable":true,"href":"https:\/\/amblussemburgo.esteri.it\/fr\/wp-json\/wp\/v2\/pages\/2452"}],"wp:attachment":[{"href":"https:\/\/amblussemburgo.esteri.it\/fr\/wp-json\/wp\/v2\/media?parent=2492"}],"curies":[{"name":"wp","href":"https:\/\/api.w.org\/{rel}","templated":true}]}}