{"id":101,"date":"2023-04-11T18:24:57","date_gmt":"2023-04-11T16:24:57","guid":{"rendered":"https:\/\/ambasciatapraga.esteri.it\/?page_id=101"},"modified":"2023-10-04T11:28:03","modified_gmt":"2023-10-04T09:28:03","slug":"lingua-e-cultura-italiana","status":"publish","type":"page","link":"https:\/\/amblussemburgo.esteri.it\/it\/italia-e-lussemburgo\/diplomazia-culturale\/lingua-e-cultura-italiana\/","title":{"rendered":"Lingua e Cultura italiana"},"content":{"rendered":"<p align=\"JUSTIFY\">Le relazioni culturali tra Italia e Lussemburgo sono regolate dall\u2019Accordo firmato il 3 maggio 1956 e dal XV\u00b0 programma esecutivo firmato a Lussemburgo il 22 febbraio 1999<strong>.<\/strong><\/p>\n<p align=\"JUSTIFY\">Negli ultimi anni, l\u2019importanza culturale del Lussemburgo \u00e8 particolarmente cresciuta. Grazie all\u2019impegno delle autorit\u00e0 lussemburghesi in occasione della nomina di Lussemburgo a Capitale europea della Cultura nel 2007, la Citt\u00e0 \u00e8 divenuta sede di istituzioni culturali di grande prestigio e importanza tra cui si ricordano la Philarmonie, l\u2019Abbaye de Neum\u00fcnster, il Museo d\u2019arte contemporanea MUDAM. La vita culturale in tutto il Granducato \u00e8 particolarmente ricca &#8211;\u00a0<strong>come dimostra anche la recente\u00a0designazione di Esch-sur-Alzette a Capitale Europea delle Cultura nel\u00a02022 &#8211;<\/strong>\u00a0e rivolta a un pubblico sempre pi\u00f9 esigente e cosmopolita. Una presenza della cultura italiana ai pi\u00f9 alti livelli qualitativi \u00e8 imprescindibile e da un<strong>\u00a0forte contributo alla promozione del Made in Italy e del turismo diretto al nostro Paese.<\/strong><\/p>\n<p align=\"JUSTIFY\">L\u2019Ambasciata d\u2019Italia in Lussemburgo si occupa attivamente della promozione della lingua e della cultura italiane nel Granducato,\u00a0 promuovendo eventi in collaborazione con tutte le principali istituzioni culturali lussemburghesi.<\/p>\n<p align=\"JUSTIFY\">In seguito alla chiusura dell\u2019Istituto Italiano di Cultura nel 2014, presso l\u2019Ambasciata \u00e8 stato istituito l\u2019Ufficio Culturale, che continua a promuovere e a sostenere la diffusione della lingua e della cultura italiana in Lussemburgo, sotto molteplici forme. Grazie al costante impegno di\u00a0varie associazioni ed enti\u00a0di diritto lussemburghese,\u00a0sono tuttora\u00a0presenti in Lussemburgo corsi di lingua italiana\u00a0di vari\u00a0livelli, rivolti sia a bambini e ragazzi sia ad un pubblico adulto.<\/p>\n<p align=\"JUSTIFY\">Presso l\u2019Universit\u00e0 del Lussemburgo \u00e8 avviata dall\u2019anno accademico 2015\/2016, una &#8220;<strong>Formation Continue&#8221;<\/strong>\u00a0in Lingua e cultura italiane, un corso universitario che prevede la partecipazione di docenti locali e grandi personalit\u00e0 della cultura italiana come C. Magris, Ph. Daverio, M. Gramellini.\u00a0<strong>La &#8220;Formation Continue&#8221; \u00e8 tornata ad avvalersi, dal novembre 2018, anche di un &#8220;Lettorato di ruolo&#8221; offerto dal Ministero degli Affari Esteri e della Cooperazione Internazionale<\/strong>\u00a0per sostenere l&#8217;insegnamento della lingua e cultura italiana in ambito accademico.<\/p>\n<p align=\"JUSTIFY\">I corsi di lingua e cultura italiana ed altre iniziative scolastiche in Lussemburgo realizzate degli\u00a0&#8220;enti gestori e promotori&#8221; (il cui albo consolare \u00e8 stato istituito dall&#8217;Ambasciata nel febbraio 2021 e\u00a0del quale fa parte\u00a0il\u00a0<strong>Comitato lussemburghese della Societ\u00e0\u00a0Dante Alighieri<\/strong>\u00a0a seguito di apposita procedura amministrativa) e la formazione universitaria possono ricevere finanziamenti, per il tramite dell\u2019Ambasciata,\u00a0in base ai fondi\u00a0disponibili presso la Direzione Generale per il Sistema Paese della\u00a0Farnesina, previa verifica dei requisiti nell&#8217;ambito dei programmi ministeriali previsti.<\/p>\n<p align=\"JUSTIFY\">L\u2019organizzazione di concerti, rassegne cinematografiche, conferenze, spettacoli teatrali ed esposizioni \u00e8 resa possibile anche\u00a0da un\u2019efficace cooperazione tra l\u2019Ambasciata e la\u00a0<strong>Fondazione Cavour<\/strong>, ente di diritto lussemburghese che sostiene, promuove e organizza\u00a0eventi culturali in Lussemburgo.<\/p>\n<p align=\"JUSTIFY\">Il Lussemburgo \u00e8 anche sede dell\u2019Istituto Europeo per gli Itinerari culturali del Consiglio d\u2019Europa.<\/p>\n<p align=\"JUSTIFY\">\n<p>Qui di seguito l\u2019indirizzo di posta elettronica della Sezione culturale dell&#8217;Ambasciata<\/p>\n<p>5, rue Marie-ad\u00e9la\u00efde, L-2128 Lussemburgo<br \/>\nT\u00e9l. (+352)\u00a0443644-1<\/p>\n<p>E-mail:\u00a0<a href=\"mailto:culturale.lussemburgo@esteri.it\">culturale.lussemburgo@esteri.it<\/a><\/p>\n<p>Sito:\u00a0<a href=\"http:\/\/www.amblussemburgo.esteri.it\/\">www.amblussemburgo.esteri.it<\/a><\/p>\n<p>&nbsp;<\/p>\n<p>Il Sito Internet della Societ\u00e0 Dante Alighieri:<\/p>\n<p><a href=\"http:\/\/www.ladante.lu\/\">www.ladante.lu<\/a><\/p>\n<p>&nbsp;<\/p>\n<p>Il Sito Internet della Fondazione Cavour:<\/p>\n<p><a href=\"http:\/\/www.fondationcavour.lu\/\">www.fondationcavour.lu<\/a><\/p>\n","protected":false},"excerpt":{"rendered":"Le relazioni culturali tra Italia e Lussemburgo sono regolate dall\u2019Accordo firmato il 3 maggio 1956 e dal XV\u00b0 programma esecutivo firmato a Lussemburgo il 22 febbraio 1999. Negli ultimi anni, l\u2019importanza culturale del Lussemburgo \u00e8 particolarmente cresciuta. Grazie all\u2019impegno delle autorit\u00e0 lussemburghesi in occasione della nomina di Lussemburgo a Capitale europea della Cultura nel 2007, [&hellip;]","protected":false},"author":1,"featured_media":0,"parent":44,"menu_order":0,"comment_status":"closed","ping_status":"closed","template":"","meta":{"footnotes":""},"class_list":["post-101","page","type-page","status-publish","hentry"],"_links":{"self":[{"href":"https:\/\/amblussemburgo.esteri.it\/it\/wp-json\/wp\/v2\/pages\/101","targetHints":{"allow":["GET"]}}],"collection":[{"href":"https:\/\/amblussemburgo.esteri.it\/it\/wp-json\/wp\/v2\/pages"}],"about":[{"href":"https:\/\/amblussemburgo.esteri.it\/it\/wp-json\/wp\/v2\/types\/page"}],"author":[{"embeddable":true,"href":"https:\/\/amblussemburgo.esteri.it\/it\/wp-json\/wp\/v2\/users\/1"}],"replies":[{"embeddable":true,"href":"https:\/\/amblussemburgo.esteri.it\/it\/wp-json\/wp\/v2\/comments?post=101"}],"version-history":[{"count":4,"href":"https:\/\/amblussemburgo.esteri.it\/it\/wp-json\/wp\/v2\/pages\/101\/revisions"}],"predecessor-version":[{"id":434,"href":"https:\/\/amblussemburgo.esteri.it\/it\/wp-json\/wp\/v2\/pages\/101\/revisions\/434"}],"up":[{"embeddable":true,"href":"https:\/\/amblussemburgo.esteri.it\/it\/wp-json\/wp\/v2\/pages\/44"}],"wp:attachment":[{"href":"https:\/\/amblussemburgo.esteri.it\/it\/wp-json\/wp\/v2\/media?parent=101"}],"curies":[{"name":"wp","href":"https:\/\/api.w.org\/{rel}","templated":true}]}}