{"id":14,"date":"2023-04-11T17:08:52","date_gmt":"2023-04-11T15:08:52","guid":{"rendered":"https:\/\/ambasciatapraga.esteri.it\/?page_id=14"},"modified":"2023-09-18T16:02:00","modified_gmt":"2023-09-18T14:02:00","slug":"italia-e-lussemburgo","status":"publish","type":"page","link":"https:\/\/amblussemburgo.esteri.it\/it\/italia-e-lussemburgo\/","title":{"rendered":"Italia e Lussemburgo"},"content":{"rendered":"<p align=\"JUSTIFY\">I rapporti tra l\u2019Italia e il Lussemburgo, entrambi membri fondatori dell\u2019Unione Europea, sono caratterizzati dall\u2019impegno comune nel consolidamento dell\u2019integrazione europea.<\/p>\n<p align=\"JUSTIFY\">Sul legame tra i due Paesi incide la presenza di un\u2019importante collettivit\u00e0 italiana (circa il 5% della popolazione residente), che, oltre ad essere la pi\u00f9 numerosa dopo quella portoghese e francese, \u00e8 la pi\u00f9 antica e la meglio integrata nel tessuto politico-economico-sociale del Paese.<\/p>\n","protected":false},"excerpt":{"rendered":"I rapporti tra l\u2019Italia e il Lussemburgo, entrambi membri fondatori dell\u2019Unione Europea, sono caratterizzati dall\u2019impegno comune nel consolidamento dell\u2019integrazione europea. Sul legame tra i due Paesi incide la presenza di un\u2019importante collettivit\u00e0 italiana (circa il 5% della popolazione residente), che, oltre ad essere la pi\u00f9 numerosa dopo quella portoghese e francese, \u00e8 la pi\u00f9 antica [&hellip;]","protected":false},"author":1,"featured_media":0,"parent":0,"menu_order":4,"comment_status":"closed","ping_status":"closed","template":"","meta":{"footnotes":""},"class_list":["post-14","page","type-page","status-publish","hentry"],"_links":{"self":[{"href":"https:\/\/amblussemburgo.esteri.it\/it\/wp-json\/wp\/v2\/pages\/14","targetHints":{"allow":["GET"]}}],"collection":[{"href":"https:\/\/amblussemburgo.esteri.it\/it\/wp-json\/wp\/v2\/pages"}],"about":[{"href":"https:\/\/amblussemburgo.esteri.it\/it\/wp-json\/wp\/v2\/types\/page"}],"author":[{"embeddable":true,"href":"https:\/\/amblussemburgo.esteri.it\/it\/wp-json\/wp\/v2\/users\/1"}],"replies":[{"embeddable":true,"href":"https:\/\/amblussemburgo.esteri.it\/it\/wp-json\/wp\/v2\/comments?post=14"}],"version-history":[{"count":3,"href":"https:\/\/amblussemburgo.esteri.it\/it\/wp-json\/wp\/v2\/pages\/14\/revisions"}],"predecessor-version":[{"id":247,"href":"https:\/\/amblussemburgo.esteri.it\/it\/wp-json\/wp\/v2\/pages\/14\/revisions\/247"}],"wp:attachment":[{"href":"https:\/\/amblussemburgo.esteri.it\/it\/wp-json\/wp\/v2\/media?parent=14"}],"curies":[{"name":"wp","href":"https:\/\/api.w.org\/{rel}","templated":true}]}}