{"id":143,"date":"2023-09-18T14:21:41","date_gmt":"2023-09-18T12:21:41","guid":{"rendered":"https:\/\/amblussemburgo.esteri.it\/?page_id=143"},"modified":"2024-02-16T12:35:58","modified_gmt":"2024-02-16T11:35:58","slug":"bandi-di-gara-e-contratti","status":"publish","type":"page","link":"https:\/\/amblussemburgo.esteri.it\/it\/amministrazione-trasparente\/bandi-di-gara-e-contratti\/","title":{"rendered":"Bandi di gara e contratti\u00a0"},"content":{"rendered":"<p>Esercizio finanziario 2017<\/p>\n<p><a href=\"https:\/\/amblussemburgo.esteri.it\/wp-content\/uploads\/2023\/10\/scheda_fornitori_per_trasparenza.pdf\">Cliccare sul\u00a0link per visualizzare\u00a0<strong>i Bandi di gara e contratti (ex art. 37).<\/strong><\/a><\/p>\n<p><strong>Esercizio finanziario 2018<\/strong><\/p>\n<p><a href=\"https:\/\/amblussemburgo.esteri.it\/wp-content\/uploads\/2023\/10\/trasparenza_2018.pdf\">Cliccare sul link per visualizzare<strong>\u00a0i Bandi di gara e contratti (ex art.37).<\/strong><\/a><\/p>\n<p>&nbsp;<\/p>\n<p><strong>A decorrere dall&#8217;esercizio finanziario 2019,\u00a0i dati relativi ai\u00a0bandi di gara e contratti sono disponibili in questa sezione dedicata del sito web del\u00a0Ministero degli Affari Esteri e della Cooperazione Internazionale:<\/strong><\/p>\n<p><a href=\"https:\/\/www.esteri.it\/MAE\/it\/trasparenza_comunicazioni_legali\/bandi-gara-contratti\/informazioni-sulle-singole-procedure.html?a=2020&amp;localizzazione=E&amp;ricerca_articoli=Visualizza+i+risultati\">https:\/\/www.esteri.it\/MAE\/it\/trasparenza_comunicazioni_legali\/bandi-gara-contratti\/informazioni-sulle-singole-procedure.html?a=2020&amp;localizzazione=E&amp;ricerca_articoli=Visualizza+i+risultati<\/a><\/p>\n<p><a href=\"https:\/\/amblussemburgo.esteri.it\/it\/news\/dall_ambasciata\/2024\/02\/avviso-esplorativo-di-manifestazioni-dinteresse-a-partecipare-alle-procedure-di-affidamento-del-servizio-di-sorveglianza-dellambasciata-ditalia-in-lussemburgo-procedure-di\/\"><strong>Avviso esplorativo di manifestazioni d&#8217;interesse<\/strong><\/a><\/p>\n<p><a href=\"https:\/\/amblussemburgo.esteri.it\/fr\/news\/dall_ambasciata\/2024\/02\/avis-exploratoire-de-manifestations-dinteret-a-participer-aux-procedures-dattribution-du-service-de-surveillance-de-lambassade-ditalie-au-luxembourg-procedures-dattribution-en-vertu-du-dec\/\"><strong>AVIS EXPLORATOIRE DE MANIFESTATIONS D&#8217;INT\u00c9R\u00caT <\/strong><strong>\u00c0<\/strong><strong> PARTICIPER AUX PROC\u00c9DURES D&#8217;ATTRIBUTION DU SERVICE DE SURVEILLANCE DE L&#8217;AMBASSADE D&#8217;ITALIE AU LUXEMBOURG <\/strong><strong>(PROC\u00c9DURES D&#8217;ATTRIBUTION EN VERTU DU D\u00c9CRET MINIST\u00c9RIEL N\u00b0 192\/2017)<\/strong><\/a><\/p>\n<p>&nbsp;<\/p>\n<p>Data di ultimo aggiornamento: 16.02.2024<\/p>\n<p>&nbsp;<\/p>\n","protected":false},"excerpt":{"rendered":"Esercizio finanziario 2017 Cliccare sul\u00a0link per visualizzare\u00a0i Bandi di gara e contratti (ex art. 37). Esercizio finanziario 2018 Cliccare sul link per visualizzare\u00a0i Bandi di gara e contratti (ex art.37). &nbsp; A decorrere dall&#8217;esercizio finanziario 2019,\u00a0i dati relativi ai\u00a0bandi di gara e contratti sono disponibili in questa sezione dedicata del sito web del\u00a0Ministero degli Affari [&hellip;]","protected":false},"author":1,"featured_media":0,"parent":35,"menu_order":6,"comment_status":"closed","ping_status":"closed","template":"","meta":{"footnotes":""},"class_list":["post-143","page","type-page","status-publish","hentry"],"_links":{"self":[{"href":"https:\/\/amblussemburgo.esteri.it\/it\/wp-json\/wp\/v2\/pages\/143","targetHints":{"allow":["GET"]}}],"collection":[{"href":"https:\/\/amblussemburgo.esteri.it\/it\/wp-json\/wp\/v2\/pages"}],"about":[{"href":"https:\/\/amblussemburgo.esteri.it\/it\/wp-json\/wp\/v2\/types\/page"}],"author":[{"embeddable":true,"href":"https:\/\/amblussemburgo.esteri.it\/it\/wp-json\/wp\/v2\/users\/1"}],"replies":[{"embeddable":true,"href":"https:\/\/amblussemburgo.esteri.it\/it\/wp-json\/wp\/v2\/comments?post=143"}],"version-history":[{"count":6,"href":"https:\/\/amblussemburgo.esteri.it\/it\/wp-json\/wp\/v2\/pages\/143\/revisions"}],"predecessor-version":[{"id":1860,"href":"https:\/\/amblussemburgo.esteri.it\/it\/wp-json\/wp\/v2\/pages\/143\/revisions\/1860"}],"up":[{"embeddable":true,"href":"https:\/\/amblussemburgo.esteri.it\/it\/wp-json\/wp\/v2\/pages\/35"}],"wp:attachment":[{"href":"https:\/\/amblussemburgo.esteri.it\/it\/wp-json\/wp\/v2\/media?parent=143"}],"curies":[{"name":"wp","href":"https:\/\/api.w.org\/{rel}","templated":true}]}}