{"id":1797,"date":"2024-02-08T12:11:27","date_gmt":"2024-02-08T11:11:27","guid":{"rendered":"https:\/\/amblussemburgo.esteri.it\/?page_id=1797"},"modified":"2024-02-08T12:21:14","modified_gmt":"2024-02-08T11:21:14","slug":"importante-a-partire-dal-4-marzo-2024-anche-il-giovedi-sara-necessario-prenotare-il-proprio-appuntamento-per-richiedere-la-carta-didentita-elettronica","status":"publish","type":"page","link":"https:\/\/amblussemburgo.esteri.it\/it\/servizi-consolari-e-visti\/servizi-per-il-cittadino-italiano\/passaporti-e-carte-didentita\/carta-di-identita-elettronica-cie\/importante-a-partire-dal-4-marzo-2024-anche-il-giovedi-sara-necessario-prenotare-il-proprio-appuntamento-per-richiedere-la-carta-didentita-elettronica\/","title":{"rendered":"IMPORTANTE &#8211; A partire dal 4 marzo 2024, anche il gioved\u00ec sar\u00e0 necessario prenotare il proprio appuntamento per richiedere la carta d\u2019identit\u00e0 elettronica"},"content":{"rendered":"<p>Il progetto CIE senza appuntamento rester\u00e0 attivo solo fino a fine febbraio, nelle giornate di<br \/>\n<strong>gioved\u00ec 8, gioved\u00ec 15, gioved\u00ec 22 e gioved\u00ec 29 febbraio 2024 (mattina dalle 09:00 alle 12:30 &#8211;<\/strong><br \/>\n<strong>pomeriggio dalle 14:00 alle 16:30)<\/strong> ad ingresso libero ma contingentato fino ad un massimo di 22<br \/>\nticket (<strong>14 la mattina, 8 il pomeriggio<\/strong>).<br \/>\nSi ricorda che la possibilit\u00e0 di richiedere la CIE senza appuntamento (si sottolinea che tale modalit\u00e0<br \/>\nsar\u00e0 possibile solo fino a fine febbraio 2024) resta limitata esclusivamente ai seguenti casi, e<br \/>\nsoltanto se l\u2019utente \u00e8 sprovvisto di altro documento in corso di validit\u00e0 (passaporto):<br \/>\n<strong>\uf0b7 Carta di identit\u00e0 (cartacea o elettronica) gi\u00e0 scaduta;<\/strong><br \/>\n<strong>\uf0b7 Carta di identit\u00e0 in scadenza (al massimo 3 mesi prima della scadenza, ovvero non prima di 90<\/strong><br \/>\n<strong>gg);<\/strong><br \/>\n<strong>\uf0b7 Carta di identit\u00e0 smarrita o rubata, presentando copia della denuncia (*la falsa denuncia di<\/strong><br \/>\n<strong>smarrimento della carta d\u2019identit\u00e0 configura il reato di falsit\u00e0 ideologica commessa dal privato, di<\/strong><br \/>\n<strong>cui all\u2019art. 483 del codice penale (Cass. 33848\/18);<\/strong><br \/>\n<strong>\uf0b7 Carta di identit\u00e0 fortemente deteriorata.<\/strong><br \/>\nIn tutti gli altri casi, l\u2019utente dovr\u00e0 necessariamente prenotare l\u2019appuntamento sul portale<br \/>\nPrenot@mi (<a href=\"https:\/\/prenotami.esteri.it\/\">https:\/\/prenotami.esteri.it\/<\/a>) in base agli slot disponibili nei seguenti giorni: marted\u00ec,<br \/>\nmercoled\u00ec e venerd\u00ec.<br \/>\nSono escluse altre modalit\u00e0 di richiesta appuntamento, ad esempio via e-mail, telefono o allo<br \/>\nsportello.<br \/>\n<strong>N.B:<\/strong> Si sottolinea che per richiedere la CIE il richiedente deve risultare gi\u00e0 iscritto all\u2019AIRE, portare<br \/>\nuna fototessera recente (non pi\u00f9 di sei mesi) e la dichiarazione di non essere destinatario di nessun<br \/>\nprovvedimento di inibitoria al rilascio della carta d\u2019identit\u00e0.<br \/>\nNel caso il richiedente sia un minore occorre il modulo di assenso stampato di entrambi i genitori,<br \/>\noltre a fotocopia dei documenti d\u2019identit\u00e0 degli stessi.<br \/>\nSi ricorda che la CIE non \u00e8 un documento che viene emesso \u201ca vista\u201d dall\u2019Ufficio consolare: al<br \/>\nmomento del rilevamento delle impronte digitali allo sportello, l\u2019operatore potr\u00e0 soltanto validare<br \/>\nla pratica e mandarla \u201cin produzione\u201d in presenza di tutta la documentazione richiesta. La CIE sar\u00e0<br \/>\npoi inviata, dall\u2019Italia a mezzo raccomandata, direttamente presso l\u2019indirizzo estero del richiedente,<br \/>\nche la riceve in media dopo 10 giorni. In presenza di carte di identit\u00e0 ancora valide (elettroniche o<br \/>\ncartacee), si dovr\u00e0 procedere alla loro revoca (per quelle elettroniche) o ritiro (per quelle cartacee)<br \/>\nprima di emetterne una nuova (quindi all&#8217;atto del perfezionamento della pratica presso l&#8217;Ufficio<br \/>\nconsolare)<\/p>\n","protected":false},"excerpt":{"rendered":"Il progetto CIE senza appuntamento rester\u00e0 attivo solo fino a fine febbraio, nelle giornate di gioved\u00ec 8, gioved\u00ec 15, gioved\u00ec 22 e gioved\u00ec 29 febbraio 2024 (mattina dalle 09:00 alle 12:30 &#8211; pomeriggio dalle 14:00 alle 16:30) ad ingresso libero ma contingentato fino ad un massimo di 22 ticket (14 la mattina, 8 il pomeriggio). [&hellip;]","protected":false},"author":8,"featured_media":0,"parent":330,"menu_order":0,"comment_status":"closed","ping_status":"closed","template":"","meta":{"footnotes":""},"class_list":["post-1797","page","type-page","status-publish","hentry"],"_links":{"self":[{"href":"https:\/\/amblussemburgo.esteri.it\/it\/wp-json\/wp\/v2\/pages\/1797","targetHints":{"allow":["GET"]}}],"collection":[{"href":"https:\/\/amblussemburgo.esteri.it\/it\/wp-json\/wp\/v2\/pages"}],"about":[{"href":"https:\/\/amblussemburgo.esteri.it\/it\/wp-json\/wp\/v2\/types\/page"}],"author":[{"embeddable":true,"href":"https:\/\/amblussemburgo.esteri.it\/it\/wp-json\/wp\/v2\/users\/8"}],"replies":[{"embeddable":true,"href":"https:\/\/amblussemburgo.esteri.it\/it\/wp-json\/wp\/v2\/comments?post=1797"}],"version-history":[{"count":2,"href":"https:\/\/amblussemburgo.esteri.it\/it\/wp-json\/wp\/v2\/pages\/1797\/revisions"}],"predecessor-version":[{"id":1801,"href":"https:\/\/amblussemburgo.esteri.it\/it\/wp-json\/wp\/v2\/pages\/1797\/revisions\/1801"}],"up":[{"embeddable":true,"href":"https:\/\/amblussemburgo.esteri.it\/it\/wp-json\/wp\/v2\/pages\/330"}],"wp:attachment":[{"href":"https:\/\/amblussemburgo.esteri.it\/it\/wp-json\/wp\/v2\/media?parent=1797"}],"curies":[{"name":"wp","href":"https:\/\/api.w.org\/{rel}","templated":true}]}}