{"id":270,"date":"2023-09-28T13:00:16","date_gmt":"2023-09-28T11:00:16","guid":{"rendered":"https:\/\/amblussemburgo.esteri.it\/?page_id=270"},"modified":"2023-09-28T13:02:17","modified_gmt":"2023-09-28T11:02:17","slug":"fast-it-il-portale-online-per-i-servizi-consolari","status":"publish","type":"page","link":"https:\/\/amblussemburgo.esteri.it\/it\/servizi-consolari-e-visti\/servizi-per-il-cittadino-italiano\/aire\/fast-it-il-portale-online-per-i-servizi-consolari\/","title":{"rendered":"FAST IT: il portale online per i servizi consolari"},"content":{"rendered":"<p><strong><a href=\"https:\/\/amblussemburgo.esteri.it\/it\/amministrazione-trasparente\/consulenti-e-collaboratori\/aire\/istruzioni-per-il-corretto-inserimento-di-una-pratica-aire-sul-portale-fast-it\/\">***SI PREGA DI LEGGERE LE ISTRUZIONI PRIMA DI ACCEDERE AL PORTALE***<\/a><a href=\"https:\/\/amblussemburgo.esteri.it\/ambasciata_lussemburgo\/resource\/doc\/2019\/10\/istruzioni_per_fast-it.pdf\"><br \/>\n<\/a><\/strong><\/p>\n<p>L&#8217;iscrizione all&#8217;AIRE si pu\u00f2 richiedere<strong>\u00a0<\/strong>tramite il portale<strong>\u00a0&#8220;Fast It&#8221;\u00a0<\/strong>(digitale, rapido, sicuro e\u00a0in continua evoluzione)\u00a0<strong>previa registrazione dell&#8217;utente al seguente link:\u00a0<a href=\"https:\/\/serviziconsolarionline.esteri.it\/\">https:\/\/serviziconsolarionline.esteri.it<\/a><\/strong><\/p>\n<p>Oltre alla\u00a0<strong>prima iscrizione AIRE<\/strong>, il portale Fast It consente di comunicare sia il<strong>\u00a0cambio di indirizzo in Lussemburgo<\/strong>\u00a0sia il\u00a0<strong>trasferimento da un&#8217;altra circoscrizione consolare<\/strong>\u00a0(ad esempio da Bruxelles, Charleroi, Francoforte, Metz) verso quella di Lussemburgo.<\/p>\n<p><strong><img loading=\"lazy\" decoding=\"async\" src=\"https:\/\/amblussemburgo.esteri.it\/ambasciata_lussemburgo\/resource\/template\/img_servizi\/danger.gif\" alt=\"danger\" width=\"51\" height=\"53\" \/>\u00a0 Ai fini della corretta e completa presentazione della domanda, \u00e8 necessario consultare le\u00a0<a href=\"https:\/\/amblussemburgo.esteri.it\/it\/amministrazione-trasparente\/consulenti-e-collaboratori\/aire\/istruzioni-per-il-corretto-inserimento-di-una-pratica-aire-sul-portale-fast-it\/\">ISTRUZIONI<\/a>, avendo cura di rispettarle\u00a0tutte\u00a0scrupolosamente,\u00a0<\/strong>pena la restituzione per le necessarie correzioni o il rifiuto della domanda.<\/p>\n<p>La coppia con figli minori costituita da almeno un genitore extracomunitario, indipendentemente dallo stato civile, per utilizzare il portale Fast it\u00a0dovr\u00e0 presentare la firma autenticata del genitore extracomunitario, altrimenti sar\u00e0 necessario presentarsi di persona all&#8217;Ufficio AIRE durante i normali orari di apertura al pubblico, previo appuntamento.<\/p>\n<p><strong>Questo Ufficio Consolare si impegna a trattare le pratiche nel minor tempo possibile<\/strong>, tenendo comunque presente che il<strong>\u00a0termine di legge per l&#8217;iscrizione e la variazione di indirizzo\u00a0<\/strong>\u00e8 fissato a<strong>\u00a0180 giorni dalla data di presentazione della domanda.\u00a0<\/strong>L&#8217;aggiornamento a seguire della banca dati del Ministero dell&#8217;Interno pu\u00f2 richiedere periodi di tempo variabili.<\/p>\n<p>Per eventuale assistenza, per tutto quello che riguarda il Lussemburgo, si prega di contattare l&#8217;ufficio AIRE al numero +352 44 36 44 333 o via e-mail all&#8217;indirizzo:\u00a0<a href=\"mailto:aire.lux@esteri.it\">aire.lux@esteri.it<\/a>.<\/p>\n<p>&nbsp;<\/p>\n<p>&nbsp;<\/p>\n<p><iframe loading=\"lazy\" src=\"https:\/\/www.youtube.com\/embed\/S7FR2SXF6YA\" width=\"560\" height=\"315\" frameborder=\"0\" allowfullscreen=\"allowfullscreen\" data-mce-fragment=\"1\"><\/iframe><\/p>\n<p><strong>Fast It &#8211; Il nuovo portale per gli Italiani all\u2019Estero<\/strong><\/p>\n<p>Da oggi puoi usare le tue\u00a0<strong>credenziali SPID<\/strong>\u00a0per accedere anche ai servizi consolari online sul portale Fast It:<\/p>\n<p><a href=\"https:\/\/serviziconsolari.esteri.it\/ScoFE\/index.sco\">https:\/\/serviziconsolarionline.esteri.it<\/a>.<\/p>\n<p>Per maggiori informazioni su come ottenere le credenziali SPID:\u00a0<a href=\"https:\/\/www.spid.gov.it\/\">https:\/\/www.spid.gov.it\/<\/a>.<\/p>\n<p><strong>Dal 1 gennaio 2023<\/strong>, in ottemperanza al \u201cDecreto Semplificazioni\u201d,\u00a0<strong>sar\u00e0 possibile accedere al portale\u00a0Fast It con le sole credenziali SPID<\/strong>\u00a0(Sistema Pubblico di Identit\u00e0 Digitale). Chi per\u00f2 si \u00e8 registrato prima di tale data potr\u00e0 continuare ad utilizzare le credenziali di accesso di cui dispone fino al 31 marzo 2023. Si invita pertanto l\u2019utenza a dotarsi delle credenziali SPID: per informazioni sulle modalit\u00e0 di ottenimento, si consiglia di visitare il sito\u00a0<a href=\"http:\/\/www.spid.gov.it\/\">www.spid.gov.it<\/a>. Le date originali del 28\/02\/2021 e del 30\/9\/2021 sono state prorogate, come qui riportato, dal D.L. n.183 del 21\/12\/2020 e dalla L. 26 febbraio 2021, n. 21.<\/p>\n<p>&nbsp;<\/p>\n","protected":false},"excerpt":{"rendered":"***SI PREGA DI LEGGERE LE ISTRUZIONI PRIMA DI ACCEDERE AL PORTALE*** L&#8217;iscrizione all&#8217;AIRE si pu\u00f2 richiedere\u00a0tramite il portale\u00a0&#8220;Fast It&#8221;\u00a0(digitale, rapido, sicuro e\u00a0in continua evoluzione)\u00a0previa registrazione dell&#8217;utente al seguente link:\u00a0https:\/\/serviziconsolarionline.esteri.it Oltre alla\u00a0prima iscrizione AIRE, il portale Fast It consente di comunicare sia il\u00a0cambio di indirizzo in Lussemburgo\u00a0sia il\u00a0trasferimento da un&#8217;altra circoscrizione consolare\u00a0(ad esempio da Bruxelles, Charleroi, [&hellip;]","protected":false},"author":8,"featured_media":0,"parent":263,"menu_order":0,"comment_status":"closed","ping_status":"closed","template":"","meta":{"footnotes":""},"class_list":["post-270","page","type-page","status-publish","hentry"],"_links":{"self":[{"href":"https:\/\/amblussemburgo.esteri.it\/it\/wp-json\/wp\/v2\/pages\/270","targetHints":{"allow":["GET"]}}],"collection":[{"href":"https:\/\/amblussemburgo.esteri.it\/it\/wp-json\/wp\/v2\/pages"}],"about":[{"href":"https:\/\/amblussemburgo.esteri.it\/it\/wp-json\/wp\/v2\/types\/page"}],"author":[{"embeddable":true,"href":"https:\/\/amblussemburgo.esteri.it\/it\/wp-json\/wp\/v2\/users\/8"}],"replies":[{"embeddable":true,"href":"https:\/\/amblussemburgo.esteri.it\/it\/wp-json\/wp\/v2\/comments?post=270"}],"version-history":[{"count":2,"href":"https:\/\/amblussemburgo.esteri.it\/it\/wp-json\/wp\/v2\/pages\/270\/revisions"}],"predecessor-version":[{"id":275,"href":"https:\/\/amblussemburgo.esteri.it\/it\/wp-json\/wp\/v2\/pages\/270\/revisions\/275"}],"up":[{"embeddable":true,"href":"https:\/\/amblussemburgo.esteri.it\/it\/wp-json\/wp\/v2\/pages\/263"}],"wp:attachment":[{"href":"https:\/\/amblussemburgo.esteri.it\/it\/wp-json\/wp\/v2\/media?parent=270"}],"curies":[{"name":"wp","href":"https:\/\/api.w.org\/{rel}","templated":true}]}}