{"id":273,"date":"2023-09-28T13:01:33","date_gmt":"2023-09-28T11:01:33","guid":{"rendered":"https:\/\/amblussemburgo.esteri.it\/?page_id=273"},"modified":"2025-03-11T10:25:42","modified_gmt":"2025-03-11T09:25:42","slug":"istruzioni-per-il-corretto-inserimento-di-una-pratica-aire-sul-portale-fast-it","status":"publish","type":"page","link":"https:\/\/amblussemburgo.esteri.it\/it\/servizi-consolari-e-visti\/servizi-per-il-cittadino-italiano\/aire\/istruzioni-per-il-corretto-inserimento-di-una-pratica-aire-sul-portale-fast-it\/","title":{"rendered":"Istruzioni per il corretto inserimento di una pratica AIRE sul portale FAST-IT."},"content":{"rendered":"<p><strong>Istruzioni per il corretto inserimento di una pratica AIRE sul portale FAST-IT.<\/strong><\/p>\n<p><strong>Documentazione necessaria per l&#8217;iscrizione all&#8217;AIRE:<\/strong><\/p>\n<p>&#8211; per i maggiorenni che si trasferiscono in Lussemburgo da soli: documento italiano in corso di validit\u00e0, certificato di residenza rilasciato dal comune lussemburghese di residenza in data non anteriore a 3 mesi rispetto al momento di presentazione della domanda, richiesta generata automaticamente dal sistema con firma autografa uguale a quella riportata sul documento di riconoscimento;<\/p>\n<p>&#8211; per i nuclei familiari che si trasferiscono in Lussemburgo insieme: documenti italiani in corso di validit\u00e0 per tutti i membri della famiglia, certificato di residenza rilasciato dal comune lussemburghese di residenza in data non anteriore a 3 mesi rispetto al momento di presentazione della domanda (la cosa pi\u00f9 semplice \u00e8 richiedere un certificat de r\u00e9sidence \u00e9largi), richiesta generata automaticamente dal sistema con firma autografa di entrambi i genitori uguale a quella riportata sui documenti di riconoscimento.<\/p>\n<p><strong>Nel caso in cui uno dei genitori sia cittadino straniero, si prega di allegare copia del relativo documento;<\/strong><\/p>\n<p>&#8211; per i minori che si trasferiscono in Lussemburgo con un solo genitore: la documentazione necessaria per i nuclei familiari, pi\u00f9 l&#8217;assenso dell&#8217;altro genitore all&#8217;iscrizione all&#8217;AIRE del minore in questione e il documento di riconoscimento dell&#8217;altro genitore.<\/p>\n<p><strong>Documentazione necessaria per il cambio di indirizzo:<\/strong><\/p>\n<p>&#8211; per i maggiorenni che cambiano indirizzo in Lussemburgo da soli: documento italiano in corso di validit\u00e0, richiesta generata automaticamente dal sistema con firma autografa uguale a quella riportata sul documento di riconoscimento;<\/p>\n<p>&#8211; per i nuclei familiari che cambiano indirizzo in Lussemburgo insieme: documento italiano in corso di validit\u00e0 del dichiarante, richiesta generata automaticamente dal sistema con firma autografa del dichiarante uguale a quella riportata sul documento di riconoscimento;<\/p>\n<p>&#8211; per i minori che cambiano indirizzo in Lussemburgo con un solo genitore: la documentazione necessaria per i nuclei familiari, pi\u00f9 l&#8217;assenso dell&#8217;altro genitore alla variazione di indirizzo del minore in questione e il documento di riconoscimento dell&#8217;altro genitore.<\/p>\n<h2><strong>****Agli utenti che incontrino problemi per fare il cambio di residenza da un&#8217;altra sede consolare a quella di Lussemburgo si suggerisce di cancellare l&#8217;account della precedente sede consolare, per procedere a creare una nuova utenza FAST-IT presso la sede \u201cAmbasciata d\u2019Italia a Lussemburgo\u201d.****<\/strong><\/h2>\n<h2><strong>*Nota: cancellare un account del FAST IT \u00e8 soltanto un&#8217;operazione informatica, ovvero non implica cancellarsi dall&#8217;AIRE*<\/strong><\/h2>\n<p><img loading=\"lazy\" decoding=\"async\" src=\"https:\/\/amblussemburgo.esteri.it\/ambasciata_lussemburgo\/resource\/img\/2023\/03\/fast_it_schermata_def_1.jpg\" alt=\"fast it schermata def 1\" width=\"747\" height=\"387\" \/><\/p>\n<p><strong>Regole generali di compilazione della domanda per tutti i tipi di pratiche<\/strong>:<\/p>\n<p>&#8211; chi dovesse inviare il passaporto come documento di riconoscimento, deve allegare le pagine 2, 3, 4 e 5;<\/p>\n<p>&#8211; nomi e cognomi vanno scritti esattamente come riportati nei documenti di riconoscimento, con le sole iniziali maiuscole;<\/p>\n<p>&#8211; relativamente alla sezione &#8220;Residenza estera&#8221;, il campo &#8220;Indirizzo&#8221; va compilato esattamente come riportato sul certificato di residenza, per cui ad esempio bisogner\u00e0 scrivere &#8220;1a, Route d&#8217;Arlon&#8221; e non &#8220;1a Route d&#8217;Arlon&#8221; o &#8220;1 Route d&#8217;Arlon&#8221; o &#8220;Route d&#8217;Arlon 1&#8221;, ecc.<\/p>\n<p>Non devono essere inseriti i nomi dei quartieri, delle residenze, i piani, ecc. e nel campo &#8220;Localit\u00e0&#8221; va indicato il nome del comune riportato affianco al codice psotale. Chi abita a Lussemburgo citt\u00e0 deve scrivere &#8220;Luxembourg&#8221; e non &#8220;Lussemburgo&#8221; o &#8220;Luxembourg City&#8221; o &#8220;Luxembourg Ville&#8221;, ecc. Nel campo relativo al CAP va inserito solo il numero del codice postale, per cui bisogner\u00e0 scrivere &#8220;1234&#8221; e non &#8220;L-1234&#8221;. I documenti vanno caricati in formato pdf e devono risultare perfettamente leggibili.<\/p>\n<p>&nbsp;<\/p>\n","protected":false},"excerpt":{"rendered":"Istruzioni per il corretto inserimento di una pratica AIRE sul portale FAST-IT. Documentazione necessaria per l&#8217;iscrizione all&#8217;AIRE: &#8211; per i maggiorenni che si trasferiscono in Lussemburgo da soli: documento italiano in corso di validit\u00e0, certificato di residenza rilasciato dal comune lussemburghese di residenza in data non anteriore a 3 mesi rispetto al momento di presentazione [&hellip;]","protected":false},"author":8,"featured_media":0,"parent":263,"menu_order":0,"comment_status":"closed","ping_status":"closed","template":"","meta":{"footnotes":""},"class_list":["post-273","page","type-page","status-publish","hentry"],"_links":{"self":[{"href":"https:\/\/amblussemburgo.esteri.it\/it\/wp-json\/wp\/v2\/pages\/273","targetHints":{"allow":["GET"]}}],"collection":[{"href":"https:\/\/amblussemburgo.esteri.it\/it\/wp-json\/wp\/v2\/pages"}],"about":[{"href":"https:\/\/amblussemburgo.esteri.it\/it\/wp-json\/wp\/v2\/types\/page"}],"author":[{"embeddable":true,"href":"https:\/\/amblussemburgo.esteri.it\/it\/wp-json\/wp\/v2\/users\/8"}],"replies":[{"embeddable":true,"href":"https:\/\/amblussemburgo.esteri.it\/it\/wp-json\/wp\/v2\/comments?post=273"}],"version-history":[{"count":2,"href":"https:\/\/amblussemburgo.esteri.it\/it\/wp-json\/wp\/v2\/pages\/273\/revisions"}],"predecessor-version":[{"id":3091,"href":"https:\/\/amblussemburgo.esteri.it\/it\/wp-json\/wp\/v2\/pages\/273\/revisions\/3091"}],"up":[{"embeddable":true,"href":"https:\/\/amblussemburgo.esteri.it\/it\/wp-json\/wp\/v2\/pages\/263"}],"wp:attachment":[{"href":"https:\/\/amblussemburgo.esteri.it\/it\/wp-json\/wp\/v2\/media?parent=273"}],"curies":[{"name":"wp","href":"https:\/\/api.w.org\/{rel}","templated":true}]}}