{"id":285,"date":"2023-09-28T13:31:43","date_gmt":"2023-09-28T11:31:43","guid":{"rendered":"https:\/\/amblussemburgo.esteri.it\/?page_id=285"},"modified":"2023-09-28T13:31:43","modified_gmt":"2023-09-28T11:31:43","slug":"iscritti-aire-rimpatrio","status":"publish","type":"page","link":"https:\/\/amblussemburgo.esteri.it\/it\/servizi-consolari-e-visti\/servizi-per-il-cittadino-italiano\/aire\/iscritti-aire-rimpatrio\/","title":{"rendered":"ISCRITTI AIRE &#8211; RIMPATRIO"},"content":{"rendered":"<p>A.I.R.E.<\/p>\n<p>Anagrafe degli Italiani Residenti all\u2019Estero<\/p>\n<p><strong>RIMPATRIO<\/strong><\/p>\n<p>In caso di rimpatrio definitivo\u00a0in Italia, il connazionale dovr\u00e0 procedere come segue:<\/p>\n<p>1. Comunicare al Comune lussemburghese di residenza che torna a vivere in Italia (ai sensi della normativa lussemburghese).<\/p>\n<p>2.\u00a0<strong>Presentarsi presso il Comune dove si\u00a0\u00e8 deciso di stabilirsi per dichiarare il nuovo indirizzo di residenza in Italia\u00a0<\/strong>(ai sensi della normativa italiana),<strong>\u00a0avendo cura di menzionare che prima si era iscritti all&#8217;AIRE con sede di appartenenza Lussemburgo.<\/strong><\/p>\n<p>Sar\u00e0 cura del Comune italiano di nuova residenza comunicare ufficialmente a questa Ambasciata la data di\u00a0decorrenza del rimpatrio ai fini della\u00a0cancellazione dall&#8217;anagrafe consolare.<\/p>\n<p>&nbsp;<\/p>\n<p>I nostri uffici sono aperti al pubblico dal luned\u00ec al venerd\u00ec dalle ore 09:00 alle 12:30 e il gioved\u00ec anche dalle 14:00 alla 16:30. Per eventuali chiarimenti sulla procedura:\u00a0<a href=\"mailto:aire.lux@esteri.it\">aire.lux@esteri.it<\/a><\/p>\n","protected":false},"excerpt":{"rendered":"A.I.R.E. Anagrafe degli Italiani Residenti all\u2019Estero RIMPATRIO In caso di rimpatrio definitivo\u00a0in Italia, il connazionale dovr\u00e0 procedere come segue: 1. Comunicare al Comune lussemburghese di residenza che torna a vivere in Italia (ai sensi della normativa lussemburghese). 2.\u00a0Presentarsi presso il Comune dove si\u00a0\u00e8 deciso di stabilirsi per dichiarare il nuovo indirizzo di residenza in Italia\u00a0(ai [&hellip;]","protected":false},"author":8,"featured_media":0,"parent":263,"menu_order":0,"comment_status":"closed","ping_status":"closed","template":"","meta":{"footnotes":""},"class_list":["post-285","page","type-page","status-publish","hentry"],"_links":{"self":[{"href":"https:\/\/amblussemburgo.esteri.it\/it\/wp-json\/wp\/v2\/pages\/285","targetHints":{"allow":["GET"]}}],"collection":[{"href":"https:\/\/amblussemburgo.esteri.it\/it\/wp-json\/wp\/v2\/pages"}],"about":[{"href":"https:\/\/amblussemburgo.esteri.it\/it\/wp-json\/wp\/v2\/types\/page"}],"author":[{"embeddable":true,"href":"https:\/\/amblussemburgo.esteri.it\/it\/wp-json\/wp\/v2\/users\/8"}],"replies":[{"embeddable":true,"href":"https:\/\/amblussemburgo.esteri.it\/it\/wp-json\/wp\/v2\/comments?post=285"}],"version-history":[{"count":1,"href":"https:\/\/amblussemburgo.esteri.it\/it\/wp-json\/wp\/v2\/pages\/285\/revisions"}],"predecessor-version":[{"id":286,"href":"https:\/\/amblussemburgo.esteri.it\/it\/wp-json\/wp\/v2\/pages\/285\/revisions\/286"}],"up":[{"embeddable":true,"href":"https:\/\/amblussemburgo.esteri.it\/it\/wp-json\/wp\/v2\/pages\/263"}],"wp:attachment":[{"href":"https:\/\/amblussemburgo.esteri.it\/it\/wp-json\/wp\/v2\/media?parent=285"}],"curies":[{"name":"wp","href":"https:\/\/api.w.org\/{rel}","templated":true}]}}