{"id":288,"date":"2023-09-28T13:34:47","date_gmt":"2023-09-28T11:34:47","guid":{"rendered":"https:\/\/amblussemburgo.esteri.it\/?page_id=288"},"modified":"2023-09-28T13:35:53","modified_gmt":"2023-09-28T11:35:53","slug":"trasferimento-in-altro-paese-estero","status":"publish","type":"page","link":"https:\/\/amblussemburgo.esteri.it\/it\/servizi-consolari-e-visti\/servizi-per-il-cittadino-italiano\/aire\/trasferimento-in-altro-paese-estero\/","title":{"rendered":"TRASFERIMENTO IN ALTRO PAESE ESTERO"},"content":{"rendered":"<p><strong>TRASFERIMENTO IN ALTRO PAESE ESTERO<\/strong><\/p>\n<p>In caso di trasferimento dal Lussemburgo ad un altro paese estero, il connazionale dovr\u00e0 procedere come segue:<\/p>\n<p>1. Comunicare al comune lussemburghese di residenza che lascia il paese<\/p>\n<p>2. Dichiarare, entro 90 giorni, il trasferimento presso la nuova rappresentanza diplomatico-consolare italiana di competenza, avendo cura di menzionare che prima si era iscritti all&#8217;AIRE con sede di appartenenza Lussemburgo.<\/p>\n<p>Se lo si desidera, si potr\u00e0 inviare per posta o all&#8217;indirizzo email\u00a0<a href=\"mailto:aire.lux@esteri.it\">aire.lux@esteri.it<\/a>\u00a0il modulo per il cambio di indirizzo presente nella sezione Modulistica del nostro sito web, assieme a una copia del documento di riconoscimento.<\/p>\n<p>La cancellazione dal registro consolare avverr\u00e0 per trasferimento, in seguito alla ricezione da parte della nuova rappresentanza diplomatico-consolare competente o del comune italiano di iscrizione AIRE dell&#8217;apposita comunicazione, o per irreperibilit\u00e0, in mancanza di detta comunicazione trascorsi 180 giorni dal trasferimento.<\/p>\n<p>I nostri uffici sono aperti al pubblico dal luned\u00ec al venerd\u00ec dalle 9.00 alle 12.30 e il gioved\u00ec anche dalle 14.00 alla 16.30.<\/p>\n<p>Il nostro indirizzo \u00e8:<\/p>\n<p>5-7, rue Marie Ad\u00e9la\u00efde,<\/p>\n<p>L-2128 Luxembourg.<\/p>\n<p>Tel. 443644333<\/p>\n<p>E-mail : aire.lux@esteri.it<\/p>\n","protected":false},"excerpt":{"rendered":"TRASFERIMENTO IN ALTRO PAESE ESTERO In caso di trasferimento dal Lussemburgo ad un altro paese estero, il connazionale dovr\u00e0 procedere come segue: 1. Comunicare al comune lussemburghese di residenza che lascia il paese 2. Dichiarare, entro 90 giorni, il trasferimento presso la nuova rappresentanza diplomatico-consolare italiana di competenza, avendo cura di menzionare che prima si [&hellip;]","protected":false},"author":8,"featured_media":0,"parent":263,"menu_order":0,"comment_status":"closed","ping_status":"closed","template":"","meta":{"footnotes":""},"class_list":["post-288","page","type-page","status-publish","hentry"],"_links":{"self":[{"href":"https:\/\/amblussemburgo.esteri.it\/it\/wp-json\/wp\/v2\/pages\/288","targetHints":{"allow":["GET"]}}],"collection":[{"href":"https:\/\/amblussemburgo.esteri.it\/it\/wp-json\/wp\/v2\/pages"}],"about":[{"href":"https:\/\/amblussemburgo.esteri.it\/it\/wp-json\/wp\/v2\/types\/page"}],"author":[{"embeddable":true,"href":"https:\/\/amblussemburgo.esteri.it\/it\/wp-json\/wp\/v2\/users\/8"}],"replies":[{"embeddable":true,"href":"https:\/\/amblussemburgo.esteri.it\/it\/wp-json\/wp\/v2\/comments?post=288"}],"version-history":[{"count":2,"href":"https:\/\/amblussemburgo.esteri.it\/it\/wp-json\/wp\/v2\/pages\/288\/revisions"}],"predecessor-version":[{"id":291,"href":"https:\/\/amblussemburgo.esteri.it\/it\/wp-json\/wp\/v2\/pages\/288\/revisions\/291"}],"up":[{"embeddable":true,"href":"https:\/\/amblussemburgo.esteri.it\/it\/wp-json\/wp\/v2\/pages\/263"}],"wp:attachment":[{"href":"https:\/\/amblussemburgo.esteri.it\/it\/wp-json\/wp\/v2\/media?parent=288"}],"curies":[{"name":"wp","href":"https:\/\/api.w.org\/{rel}","templated":true}]}}