{"id":292,"date":"2023-09-28T13:37:04","date_gmt":"2023-09-28T11:37:04","guid":{"rendered":"https:\/\/amblussemburgo.esteri.it\/?page_id=292"},"modified":"2023-09-28T13:37:04","modified_gmt":"2023-09-28T11:37:04","slug":"certificazione-di-iscrizione-nello-schedario-consolare","status":"publish","type":"page","link":"https:\/\/amblussemburgo.esteri.it\/it\/servizi-consolari-e-visti\/servizi-per-il-cittadino-italiano\/aire\/certificazione-di-iscrizione-nello-schedario-consolare\/","title":{"rendered":"CERTIFICAZIONE DI ISCRIZIONE NELLO SCHEDARIO CONSOLARE"},"content":{"rendered":"<p><strong>A.I.R.E.<\/strong><\/p>\n<p>Anagrafe degli Italiani Residenti all\u2019Estero<\/p>\n<p><strong>CERTIFICAZIONE DI ISCRIZIONE NELLO SCHEDARIO CONSOLARE<\/strong><\/p>\n<p>Il certificato si pu\u00f2 richiedere e ritirare direttamente presentandosi con un documento d&#8217;identit\u00e0 presso i nostri uffici, senza appuntamento. Al momento della richiesta bisogner\u00e0 indicare se deve essere presentato in Italia o all\u2019estero e se si desidera singolo o per tutta la famiglia. Si precisa che tale certificato, redatto in lingua italiana, attesta l\u2019iscrizione nello schedario consolare di questa Cancelleria e non \u00e8 di carattere storico (per intenderci, non segnala da quando si \u00e8 iscritti). Il costo del documento \u00e8 di 6 euro in contanti.<\/p>\n<p>Il certificato di iscrizione all\u2019AIRE vero e proprio o di residenza storico va richiesto al proprio comune italiano di iscrizione AIRE.<\/p>\n<p><strong>NON SI INVIANO CERTIFICATI PER EMAIL O POSTA ORDINARIA<\/strong><\/p>\n<p>I nostri uffici sono aperti al pubblico dal luned\u00ec al venerd\u00ec dalle 9.00 alle 12.30 e il gioved\u00ec anche dalle 14.00 alla 16.30.<\/p>\n<p>Il nostro indirizzo \u00e8:<\/p>\n<p>5-7, rue Marie Ad\u00e9la\u00efde,<\/p>\n<p>L-2128 Luxembourg.<\/p>\n<p>Tel. 443644333<\/p>\n<p>E-mail :\u00a0<a href=\"mailto:aire.lux@esteri.it\">aire.lux@esteri.it<\/a><\/p>\n","protected":false},"excerpt":{"rendered":"A.I.R.E. Anagrafe degli Italiani Residenti all\u2019Estero CERTIFICAZIONE DI ISCRIZIONE NELLO SCHEDARIO CONSOLARE Il certificato si pu\u00f2 richiedere e ritirare direttamente presentandosi con un documento d&#8217;identit\u00e0 presso i nostri uffici, senza appuntamento. Al momento della richiesta bisogner\u00e0 indicare se deve essere presentato in Italia o all\u2019estero e se si desidera singolo o per tutta la famiglia. [&hellip;]","protected":false},"author":8,"featured_media":0,"parent":263,"menu_order":0,"comment_status":"closed","ping_status":"closed","template":"","meta":{"footnotes":""},"class_list":["post-292","page","type-page","status-publish","hentry"],"_links":{"self":[{"href":"https:\/\/amblussemburgo.esteri.it\/it\/wp-json\/wp\/v2\/pages\/292","targetHints":{"allow":["GET"]}}],"collection":[{"href":"https:\/\/amblussemburgo.esteri.it\/it\/wp-json\/wp\/v2\/pages"}],"about":[{"href":"https:\/\/amblussemburgo.esteri.it\/it\/wp-json\/wp\/v2\/types\/page"}],"author":[{"embeddable":true,"href":"https:\/\/amblussemburgo.esteri.it\/it\/wp-json\/wp\/v2\/users\/8"}],"replies":[{"embeddable":true,"href":"https:\/\/amblussemburgo.esteri.it\/it\/wp-json\/wp\/v2\/comments?post=292"}],"version-history":[{"count":1,"href":"https:\/\/amblussemburgo.esteri.it\/it\/wp-json\/wp\/v2\/pages\/292\/revisions"}],"predecessor-version":[{"id":293,"href":"https:\/\/amblussemburgo.esteri.it\/it\/wp-json\/wp\/v2\/pages\/292\/revisions\/293"}],"up":[{"embeddable":true,"href":"https:\/\/amblussemburgo.esteri.it\/it\/wp-json\/wp\/v2\/pages\/263"}],"wp:attachment":[{"href":"https:\/\/amblussemburgo.esteri.it\/it\/wp-json\/wp\/v2\/media?parent=292"}],"curies":[{"name":"wp","href":"https:\/\/api.w.org\/{rel}","templated":true}]}}