{"id":295,"date":"2023-09-28T13:38:58","date_gmt":"2023-09-28T11:38:58","guid":{"rendered":"https:\/\/amblussemburgo.esteri.it\/?page_id=295"},"modified":"2025-12-17T15:41:12","modified_gmt":"2025-12-17T14:41:12","slug":"cambio-comune-di-riferimento-aire-in-italia","status":"publish","type":"page","link":"https:\/\/amblussemburgo.esteri.it\/it\/servizi-consolari-e-visti\/servizi-per-il-cittadino-italiano\/aire\/cambio-comune-di-riferimento-aire-in-italia\/","title":{"rendered":"CAMBIO COMUNE DI RIFERIMENTO AIRE IN ITALIA"},"content":{"rendered":"<p>A.I.R.E.<\/p>\n<p>Anagrafe degli Italiani Residenti all\u2019Estero<\/p>\n<p><strong>CAMBIO COMUNE DI RIFERIMENTO AIRE IN ITALIA<\/strong><\/p>\n<p>Si pu\u00f2 cambiare Comune italiano di riferimento AIRE per motivi di famiglia, richiedere cio\u00e8 il trasferimento all&#8217;AIRE di un familiare di primo grado (consorte, figli minorenni) gi\u00e0 iscritto o residente nel Comune.<\/p>\n<p><strong>Non sono previsti altri casi.<\/strong><\/p>\n<p>Non ci sono formulari da compilare. Bisogna fare una richiesta in carta semplice motivandola, unita a copia del documento d&#8217;identit\u00e0, e consegnarla presso i nostri uffici o, di preferenza, inviarla via email.<\/p>\n<p>I nostri uffici sono aperti al pubblico dal luned\u00ec al venerd\u00ec dalle 9.00 alle 12.30 e il gioved\u00ec anche dalle 14.00 alla 16.30.<\/p>\n<p>Il nostro indirizzo \u00e8:<\/p>\n<p>5-7, rue Marie Ad\u00e9la\u00efde,<\/p>\n<p>L-2128 Luxembourg.<\/p>\n<p>Tel. 443644333<\/p>\n<p>E-mail :\u00a0<a href=\"mailto:aire.lux@esteri.it\">aire.lux@esteri.it<\/a><\/p>\n","protected":false},"excerpt":{"rendered":"A.I.R.E. Anagrafe degli Italiani Residenti all\u2019Estero CAMBIO COMUNE DI RIFERIMENTO AIRE IN ITALIA Si pu\u00f2 cambiare Comune italiano di riferimento AIRE per motivi di famiglia, richiedere cio\u00e8 il trasferimento all&#8217;AIRE di un familiare di primo grado (consorte, figli minorenni) gi\u00e0 iscritto o residente nel Comune. Non sono previsti altri casi. Non ci sono formulari da [&hellip;]","protected":false},"author":8,"featured_media":0,"parent":263,"menu_order":0,"comment_status":"closed","ping_status":"closed","template":"","meta":{"footnotes":""},"class_list":["post-295","page","type-page","status-publish","hentry"],"_links":{"self":[{"href":"https:\/\/amblussemburgo.esteri.it\/it\/wp-json\/wp\/v2\/pages\/295","targetHints":{"allow":["GET"]}}],"collection":[{"href":"https:\/\/amblussemburgo.esteri.it\/it\/wp-json\/wp\/v2\/pages"}],"about":[{"href":"https:\/\/amblussemburgo.esteri.it\/it\/wp-json\/wp\/v2\/types\/page"}],"author":[{"embeddable":true,"href":"https:\/\/amblussemburgo.esteri.it\/it\/wp-json\/wp\/v2\/users\/8"}],"replies":[{"embeddable":true,"href":"https:\/\/amblussemburgo.esteri.it\/it\/wp-json\/wp\/v2\/comments?post=295"}],"version-history":[{"count":3,"href":"https:\/\/amblussemburgo.esteri.it\/it\/wp-json\/wp\/v2\/pages\/295\/revisions"}],"predecessor-version":[{"id":4153,"href":"https:\/\/amblussemburgo.esteri.it\/it\/wp-json\/wp\/v2\/pages\/295\/revisions\/4153"}],"up":[{"embeddable":true,"href":"https:\/\/amblussemburgo.esteri.it\/it\/wp-json\/wp\/v2\/pages\/263"}],"wp:attachment":[{"href":"https:\/\/amblussemburgo.esteri.it\/it\/wp-json\/wp\/v2\/media?parent=295"}],"curies":[{"name":"wp","href":"https:\/\/api.w.org\/{rel}","templated":true}]}}