{"id":299,"date":"2023-09-28T13:53:49","date_gmt":"2023-09-28T11:53:49","guid":{"rendered":"https:\/\/amblussemburgo.esteri.it\/?page_id=299"},"modified":"2026-02-26T16:36:05","modified_gmt":"2026-02-26T15:36:05","slug":"passaporti","status":"publish","type":"page","link":"https:\/\/amblussemburgo.esteri.it\/it\/servizi-consolari-e-visti\/servizi-per-il-cittadino-italiano\/passaporti-e-carte-didentita\/passaporti\/","title":{"rendered":"PASSAPORTI"},"content":{"rendered":"<div class=\"row\">\n<div style=\"text-align: justify;\">Si informano i connazionali che il passaporto viene rilasciato previo appuntamento da richiedere esclusivamente tramite la piattaforma <strong><a href=\"https:\/\/prenotami.esteri.it\/\">Prenot@mi<\/a><\/strong> (sono, pertanto, escluse altre modalit\u00e0 di richiesta appuntamento, ad esempio via e-mail, telefono o allo sportello).<\/div>\n<\/div>\n<div><\/div>\n<div>Si sottolinea che l\u2019appuntamento \u00e8 <strong>individuale e nominale, anche per i figli minorenni.<\/strong><\/div>\n<div class=\"row\">\n<div>\n<p><strong>N.B.:<\/strong>\u00a0L\u2019Ambasciata\u00a0<strong>non fornisce assistenza informatica<\/strong>\u00a0in caso di problemi relativi all\u2019accesso al portale o alla corretta fruibilit\u00e0 di tutti i contenuti, pertanto si raccomanda di rispettare i requisiti minimi per l\u2019utilizzo dell\u2019applicativo:<\/p>\n<ul>\n<li><strong>Google Chrome \u2013 versione 88 e superiori;<\/strong><\/li>\n<li><strong>Microsoft Edge.<\/strong><\/li>\n<\/ul>\n<p><strong>****Per i possessori di apparecchiature di tipo IOS (IPhone, IPad, MacOs) dovranno scaricare gratuitamente Google Chrome \u2013 versione 88 e superiori per poter usare correttamente il portale\u00a0<a href=\"https:\/\/prenotami.esteri.it\/\">Prenot@mi<\/a>!!!!!****<\/strong><\/p>\n<\/div>\n<div><\/div>\n<div style=\"text-align: justify;\"><strong>Nei casi di comprovata urgenza<\/strong>, che saranno sempre valutati dal responsabile dell\u2019Ufficio, il cittadino italiano iscritto all\u2019AIRE in questa circoscrizione potr\u00e0 richiedere il passaporto scrivendo una email all\u2019indirizzo <a href=\"mailto:passaporti.lux@esteri.it\">passaporti.lux@esteri.it<\/a>. segnalando nell\u2019oggetto \u201cRICHIESTA PASSAPORTO PROCEDURA D\u2019URGENZA\u201d e descrivendo il proprio caso, allegando idonea documentazione giustificativa.<\/div>\n<\/div>\n<div>\n<p style=\"text-align: justify;\"><strong>L\u2019urgenza deve necessariamente essere giustificata da<\/strong>:<\/p>\n<ul style=\"text-align: justify;\">\n<li><strong><em>gravi motivi familiari o di salute personale<\/em><\/strong>, certificati da strutture o autorit\u00e0 competenti pubbliche o private. Qualora l\u2019urgenza sia quella di assistere un familiare, dal certificato dovr\u00e0 emergere tale esigenza. Il richiedente dovr\u00e0 presentare allo sportello la prenotazione del volo o altro titolo di viaggio;<\/li>\n<li><strong><em>improrogabili necessit\u00e0 di lavoro<\/em><\/strong>, comprovate da una richiesta <u>motivata e firmata da chi ricopre incarichi dirigenziali<\/u> (completa di nominativo, ruolo e numero di telefono di chi firma) e redatta su carta intestata del datore di lavoro. Inoltre il richiedente dovr\u00e0 presentare allo sportello la prenotazione del volo o altro titolo di viaggio.<\/li>\n<\/ul>\n<p style=\"text-align: justify;\">Si ricorda che i benefici della procedura d\u2019urgenza per motivi di lavoro e salute NON potranno in alcun modo essere estesi anche ai familiari del titolare.<\/p>\n<p style=\"text-align: justify;\">Si informa che <strong>NON SARANNO CONSIDERATE VALIDE PROVE D\u2019URGENZA\/EMERGENZA<\/strong>:<\/p>\n<p style=\"text-align: justify;\">\u2013 Lettere o comunicazioni generiche da cui non risulti chiaramente la necessit\u00e0 di rientrare in Italia per assistere un familiare, o per altri impegni ufficiali o per gravi motivi;<\/p>\n<p style=\"text-align: justify;\">\u2013 Il possesso di biglietti aerei o la prenotazione di vacanze;<\/p>\n<p style=\"text-align: justify;\">\u2013 Dimostrazione di impegni lavorativi urgenti riportati in messaggi ricevuti via email o su dispositivi mobili;<\/p>\n<p style=\"text-align: justify;\">\u2013 Autocertificazioni del richiedente su situazioni di urgenza\/emergenza non comprovate da adeguata documentazione in supporto;<\/p>\n<\/div>\n<p><span style=\"text-decoration: underline;\"><strong>Novit<\/strong><strong>\u00e0:<\/strong><strong> Dal\u00a013 agosto 2024<\/strong><\/span>\u00a0i connazionali <strong>iscritti all\u2019AIRE<\/strong> presso questa circoscrizione consolare che\u00a0<strong><u>hanno compiuto 75 anni<\/u><\/strong>\u00a0potranno\u00a0<strong><u>prenotare telefonicamente<\/u><\/strong> l\u2019appuntamento per la richiesta o per il rinnovo del passaporto. Resta in ogni caso possibile la prenotazione tramite il portale Prenot@mi. Il servizio di prenotazione telefonica sar\u00e0 attivo <strong>esclusivamente<\/strong>\u00a0il\u00a0<strong>marted\u00ec<\/strong>\u00a0e il\u00a0<strong>mercoled\u00ec dalle 13:30 alle 15, <\/strong>contattando il numero (+352) 44 36 44 336.<\/p>\n<div>\n<p style=\"text-align: justify;\">&#8212;&#8212;&#8212;&#8212;&#8212;&#8212;&#8212;&#8212;&#8212;&#8212;&#8212;&#8212;&#8212;&#8212;&#8212;&#8212;&#8211;<\/p>\n<p style=\"text-align: justify;\">Si ricorda ai connazionali che presso questa Cancelleria Consolare \u00e8 possibile effettuare pagamenti anche con carta di debito (<strong>circuito V PAY lussemburghese<\/strong>).<\/p>\n<p style=\"text-align: justify;\"><strong>ATTENZIONE: <\/strong>Per motivi di contabilit\u00e0 interna, nell\u2019ultimo giorno lavorativo di ogni trimestre<strong> (Marted\u00ec 31 marzo 2026; marted\u00ec 30 giugno 2026; mercoled\u00ec 30 settembre 2026; gioved\u00ec 31 dicembre 2026), \u00e8 consentito il pagamento esclusivamente in contanti.<\/strong><\/p>\n<p style=\"text-align: justify;\">Il pagamento in contanti rimane comunque possibile, a scelta dell\u2019utente, per tutti i servizi consolari.<\/p>\n<p style=\"text-align: justify;\"><strong>PASSAPORTI<\/strong><\/p>\n<p style=\"text-align: justify;\"><strong>IMPORTANTE ***Avvertiamo la gentile utenza che per poter procedere a qualsiasi pratica, l\u2019indirizzo deve essere aggiornato all\u2019albo consolare (AIRE). Si prega di comunicare per tempo tramite FAST IT o per via postale***<\/strong><\/p>\n<p style=\"text-align: justify;\">Il passaporto \u00e8 un documento sia\u00a0<strong>di viaggio che di riconoscimento<\/strong>.<\/p>\n<p style=\"text-align: justify;\"><strong>**Di norma la domanda di rilascio del passaporto va presentata all\u2019Ufficio Consolare del luogo dove il richiedente ha la residenza.**<\/strong><\/p>\n<p style=\"text-align: justify;\"><strong>Dal 1 dicembre 2025<\/strong>, il costo del passaporto elettronico ordinario \u00e8 pari a <strong>Euro 116,20<\/strong> (comprensivo di un contributo amministrativo di Euro 73,50 per il rilascio del passaporto ordinario, e del costo del libretto pari ad Euro 42,70).<\/p>\n<p style=\"text-align: justify;\"><strong>Il totale (116,20 Euro) \u00e9 da pagare al momento della presentazione della domanda direttamente allo sportello (Ufficio Passaporti).<\/strong><\/p>\n<p style=\"text-align: justify;\"><strong>Per informazioni circa la documentazione necessaria all\u2019emissione del passaporto e alla relativa procedura di rilascio, selezionare una delle voci in elenco.<\/strong><\/p>\n<p>&nbsp;<\/p>\n<ul>\n<li><a href=\"https:\/\/amblussemburgo.esteri.it\/it\/amministrazione-trasparente\/consulenti-e-collaboratori\/aire\/documentazione-necessaria-al-rilascio-del-passaporto\/\"><strong>DOCUMENTAZIONE NECESSARIA AL RILASCIO DEL PASSAPORTO<\/strong><\/a><\/li>\n<li><a href=\"https:\/\/amblussemburgo.esteri.it\/it\/amministrazione-trasparente\/consulenti-e-collaboratori\/aire\/costi-del-passaporto\/\"><strong>COSTI DEL PASSAPORTO<\/strong><\/a><\/li>\n<li><a href=\"https:\/\/amblussemburgo.esteri.it\/it\/amministrazione-trasparente\/consulenti-e-collaboratori\/aire\/furto-o-smarrimento\/\"><strong>FURTO O SMARRIMENTO<\/strong><\/a><\/li>\n<li><a href=\"https:\/\/amblussemburgo.esteri.it\/it\/amministrazione-trasparente\/consulenti-e-collaboratori\/aire\/documento-di-viaggio-provvisorio-etd-emergency-travel-document\/\"><strong>DOCUMENTO DI VIAGGIO PROVVISORIO (ETD &#8211; EMERGENCY TRAVEL DOCUMENT)<\/strong><\/a><\/li>\n<\/ul>\n<p>Per ulteriori informazioni, si prega di chiamare il numero: (+352)<strong>\u00a0443644-336<\/strong>, preferibilmente dal luned\u00ec al venerd\u00ec dalle 13:00 alle 15:00.<\/p>\n<p>In alternativa, \u00e8 possibile scrivere all\u2019indirizzo:\u00a0<a href=\"mailto:passaporti.lux@esteri.it\">passaporti.lux@esteri.it<\/a><\/p>\n<p>&nbsp;<\/p>\n<\/div>\n","protected":false},"excerpt":{"rendered":"Si informano i connazionali che il passaporto viene rilasciato previo appuntamento da richiedere esclusivamente tramite la piattaforma Prenot@mi (sono, pertanto, escluse altre modalit\u00e0 di richiesta appuntamento, ad esempio via e-mail, telefono o allo sportello). Si sottolinea che l\u2019appuntamento \u00e8 individuale e nominale, anche per i figli minorenni. N.B.:\u00a0L\u2019Ambasciata\u00a0non fornisce assistenza informatica\u00a0in caso di problemi relativi [&hellip;]","protected":false},"author":8,"featured_media":1721,"parent":49,"menu_order":0,"comment_status":"closed","ping_status":"closed","template":"","meta":{"footnotes":""},"class_list":["post-299","page","type-page","status-publish","has-post-thumbnail","hentry"],"_links":{"self":[{"href":"https:\/\/amblussemburgo.esteri.it\/it\/wp-json\/wp\/v2\/pages\/299","targetHints":{"allow":["GET"]}}],"collection":[{"href":"https:\/\/amblussemburgo.esteri.it\/it\/wp-json\/wp\/v2\/pages"}],"about":[{"href":"https:\/\/amblussemburgo.esteri.it\/it\/wp-json\/wp\/v2\/types\/page"}],"author":[{"embeddable":true,"href":"https:\/\/amblussemburgo.esteri.it\/it\/wp-json\/wp\/v2\/users\/8"}],"replies":[{"embeddable":true,"href":"https:\/\/amblussemburgo.esteri.it\/it\/wp-json\/wp\/v2\/comments?post=299"}],"version-history":[{"count":6,"href":"https:\/\/amblussemburgo.esteri.it\/it\/wp-json\/wp\/v2\/pages\/299\/revisions"}],"predecessor-version":[{"id":4417,"href":"https:\/\/amblussemburgo.esteri.it\/it\/wp-json\/wp\/v2\/pages\/299\/revisions\/4417"}],"up":[{"embeddable":true,"href":"https:\/\/amblussemburgo.esteri.it\/it\/wp-json\/wp\/v2\/pages\/49"}],"wp:featuredmedia":[{"embeddable":true,"href":"https:\/\/amblussemburgo.esteri.it\/it\/wp-json\/wp\/v2\/media\/1721"}],"wp:attachment":[{"href":"https:\/\/amblussemburgo.esteri.it\/it\/wp-json\/wp\/v2\/media?parent=299"}],"curies":[{"name":"wp","href":"https:\/\/api.w.org\/{rel}","templated":true}]}}