{"id":304,"date":"2023-09-28T13:59:46","date_gmt":"2023-09-28T11:59:46","guid":{"rendered":"https:\/\/amblussemburgo.esteri.it\/?page_id=304"},"modified":"2025-11-26T14:18:45","modified_gmt":"2025-11-26T13:18:45","slug":"documentazione-necessaria-al-rilascio-del-passaporto","status":"publish","type":"page","link":"https:\/\/amblussemburgo.esteri.it\/it\/servizi-consolari-e-visti\/servizi-per-il-cittadino-italiano\/passaporti-e-carte-didentita\/passaporti\/documentazione-necessaria-al-rilascio-del-passaporto\/","title":{"rendered":"DOCUMENTAZIONE NECESSARIA AL RILASCIO DEL PASSAPORTO"},"content":{"rendered":"<p style=\"text-align: justify;\"><strong>Il passaporto \u00e8 un documento sia di viaggio che di riconoscimento.\u00a0Ha una validit\u00e0 di 10 anni, <\/strong><strong>alla scadenza dei quali bisogna richiedere un nuovo libretto, non essendo pi\u00f9 possibile la proroga.<\/strong><\/p>\n<p style=\"text-align: justify;\">Il costo \u00e8 di\u00a0<strong>116,20 euro<\/strong>,\u00a0da versare (in contanti o bancomat) al momento della presentazione della domanda presso lo\u00a0sportello (Ufficio Passaporti) della Cancelleria Consolare di questa Ambasciata.<\/p>\n<p style=\"text-align: justify;\"><strong><u>Il passaporto viene rilasciato previo appuntamento<\/u><\/strong>\u00a0da richiedere esclusivamente tramite la piattaforma <a href=\"https:\/\/prenotami.esteri.it\/\">Prenot@mi<\/a> (sono, pertanto, escluse altre modalit\u00e0 di richiesta appuntamento, ad esempio via e-mail, telefono o allo sportello).<\/p>\n<p><strong>N.B.:<\/strong>\u00a0L\u2019Ambasciata\u00a0<strong>non fornisce assistenza informatica<\/strong>\u00a0in caso di problemi relativi all\u2019accesso al portale o alla corretta fruibilit\u00e0 di tutti i contenuti, pertanto si raccomanda di rispettare i requisiti minimi per l\u2019utilizzo dell\u2019applicativo:<\/p>\n<ul>\n<li><strong>Google Chrome \u2013 versione 88 e superiori;<\/strong><\/li>\n<li><strong>Microsoft Edge.<\/strong><\/li>\n<\/ul>\n<p><strong>****Per i possessori di apparecchiature di tipo IOS (IPhone, IPad, MacOs) dovranno scaricare gratuitamente Google Chrome \u2013 versione 88 e superiori per poter usare correttamente il portale\u00a0<a href=\"https:\/\/prenotami.esteri.it\/\">Prenot@mi<\/a>!!!!!****<\/strong><\/p>\n<p style=\"text-align: justify;\"><strong>N.B.: il formulario di domanda\u00a0<\/strong>(\u201cdichiarazione sostitutiva di atto di notoriet\u00e0\u201d),<strong>\u00a0sar\u00e0 compilato e firmato dal richiedente\u00a0davanti all\u2019operatore,\u00a0<\/strong>che provveder\u00e0 a caricare i dati sul sistema, di conseguenza non esiste la possibilit\u00e0 di compilarlo o di scaricarlo da questo sito web.<\/p>\n<p style=\"text-align: justify;\">Per quanto riguarda la<strong>\u00a0documentazione aggiuntiva<\/strong>\u00a0(da esibire all\u2019operatore al momento della domanda, il giorno dell\u2019appuntamento) per il rilascio del passaporto nelle diverse situazioni:<\/p>\n<p style=\"text-align: justify;\"><strong>MINORI DI ETA\u2019<\/strong><\/p>\n<p style=\"text-align: justify;\">Il passaporto viene rilasciato anche\u00a0<strong>ai minori di anni 18<\/strong>.<\/p>\n<p style=\"text-align: justify;\"><strong>\u2013 la validit\u00e0<\/strong>\u00a0del passaporto per i minori \u00e8 di\u00a0<strong>tre anni<\/strong>\u00a0per i bambini da 0 a 3 anni di et\u00e0:\u00a0<strong>cinque anni<\/strong>\u00a0per quelli dai 3 ai 18 anni di et\u00e0;<\/p>\n<p style=\"text-align: justify;\">\u2013\u00a0l\u2019istanza deve essere firmata\u00a0<strong>da entrambi i genitori<\/strong> e accompagnata dalla copia dei relativi documenti d\u2019identit\u00e0, sui quali sia ben visibile la firma; se uno dei genitori non pu\u00f2 essere presente, dovr\u00e0 firmare l\u2019<strong><u><a href=\"https:\/\/amblussemburgo.esteri.it\/wp-content\/uploads\/2024\/02\/form1_-_atto_di_assenso_in_favore_dei_figli_minori-4.docx\">ATTO DI ASSENSO PER MINORI.<\/a> <\/u><\/strong><\/p>\n<p style=\"text-align: justify;\">\u00a0Nel caso in cui non sia possibile ottenere tale atto di assenso, il genitore richiedente potr\u00e0 presentare una specifica\u00a0istanza al\u00a0<strong>Capo dell\u2019Ufficio Consolare,<\/strong>\u00a0che all\u2019estero riveste le funzioni di\u00a0<strong>Giudice Tutelare<\/strong> e come tale potr\u00e0, nell\u2019esclusivo interesse del minore, autorizzare l\u2019emissione del passaporto;<\/p>\n<p style=\"text-align: justify;\">\u2013\u00a0<strong>la presenza dei\u00a0 minori<\/strong>\u00a0\u00e8 sempre\u00a0<strong>obbligatoria<\/strong>\u00a0 per quelli che hanno compiuto<strong> i 12 anni di et\u00e0<\/strong>;<\/p>\n<p style=\"text-align: justify;\">\u2013\u00a0<strong>ai neonati<\/strong>\u00a0potr\u00e0 essere rilasciato un passaporto solo dopo che sia stato avviato, e preferibilmente concluso, l\u2019iter di\u00a0<strong>trascrizione dell\u2019atto di nascita<\/strong>\u00a0e, se del caso, l\u2019iscrizione all\u2019A.I.R.E.<\/p>\n<p style=\"text-align: justify;\">Si ricorda che <strong>i minori di 14 anni<\/strong>\u00a0possono viaggiare in compagnia di uno dei genitori o di chi ne fa le veci, oppure se in possesso di un\u2019apposita dichiarazione di accompagnamento,\u00a0rilasciata dalla competente autorit\u00e0, italiana o lussemburghese, attestante il nome della persona\/dell\u2019ente\/della compagnia di trasporto a cui i minori sono affidati;<\/p>\n<p style=\"text-align: justify;\"><strong>COME RICHIEDERE UN PASSAPORTO<\/strong><\/p>\n<p style=\"text-align: justify;\"><strong>Il passaporto elettronico contiene i dati biometrici del titolare (impronte digitali e fotografia).<\/strong>\u00a0Il connazionale che chiede il rilascio del passaporto deve quindi, dopo aver fissato l\u2019appuntamento sul portale Prenot@mi, recarsi di persona presso la Cancelleria Consolare per produrre la documentazione necessaria, le impronte digitali ed essere identificato dall\u2019operatore consolare delegato.<\/p>\n<p style=\"text-align: justify;\"><strong>Prima di fissare l\u2019appuntamento<\/strong>\u00a0con l\u2019Ufficio Passaporti, \u00e8 necessario accertarsi che il proprio\u00a0<strong>dossier consolare sia aggiornato<\/strong> e che tutte le variazioni anagrafiche (indirizzo, stato civile, nascita di figli, matrimoni, divorzi, ecc.) siano state gi\u00e0\u00a0comunicate ai competenti Uffici di questa Cancelleria Consolare (AIRE\u00a0e\u00a0Stato Civile).<\/p>\n<p style=\"text-align: justify;\"><strong>DOCUMENTAZIONE RICHIESTA<\/strong><\/p>\n<p style=\"text-align: justify;\">\u2013 <strong>Formulario di richiesta<\/strong> (che verr\u00e0 compilato dal richiedente di fronte all\u2019operatore il giorno dell\u2019appuntamento);<\/p>\n<p><strong> \u2013Per i minori<\/strong>\u00a0di anni 18, apposito modulo di richiesta firmato\u00a0<strong>da entrambi i genitori<\/strong>;<\/p>\n<p style=\"text-align: justify;\"><strong>\u2013\u00a0ATTO DI ASSENSO<\/strong> nel caso di richiedente minorenne non\u00a0 sia accompagnato da entrambi i genitori;<\/p>\n<p style=\"text-align: justify;\">\u2013 passaporto italiano di cui si \u00e8 gi\u00e0 titolari o, in assenza, fotocopia di altro documento identificativo (ad es., carta d\u2019identit\u00e0 italiana o di altro Stato, in caso di doppia cittadinanza).<\/p>\n<p style=\"text-align: justify;\">&#8211; Esclusivamente in caso di smarrimento o furto del precedente passaporto, relativa denuncia sporta presso l\u2019Autorit\u00e0 di Polizia;<\/p>\n<p style=\"text-align: justify;\"><strong>Si segnala che sar\u00e0 possibile scattare la foto direttamente allo sportello. <\/strong><\/p>\n<p style=\"text-align: justify;\"><strong>Tuttavia, <u>per i minori al di sotto dei 12 anni<\/u> \u00e8 necessario portare 1 foto-tessera recente<\/strong>\u00a0(meno di 6 mesi), formato ICAO (biometrico), a colori, su sfondo chiaro, con espressione neutra;<\/p>\n<p>&nbsp;<\/p>\n","protected":false},"excerpt":{"rendered":"Il passaporto \u00e8 un documento sia di viaggio che di riconoscimento.\u00a0Ha una validit\u00e0 di 10 anni, alla scadenza dei quali bisogna richiedere un nuovo libretto, non essendo pi\u00f9 possibile la proroga. Il costo \u00e8 di\u00a0116,20 euro,\u00a0da versare (in contanti o bancomat) al momento della presentazione della domanda presso lo\u00a0sportello (Ufficio Passaporti) della Cancelleria Consolare di [&hellip;]","protected":false},"author":8,"featured_media":0,"parent":299,"menu_order":0,"comment_status":"closed","ping_status":"closed","template":"","meta":{"footnotes":""},"class_list":["post-304","page","type-page","status-publish","hentry"],"_links":{"self":[{"href":"https:\/\/amblussemburgo.esteri.it\/it\/wp-json\/wp\/v2\/pages\/304","targetHints":{"allow":["GET"]}}],"collection":[{"href":"https:\/\/amblussemburgo.esteri.it\/it\/wp-json\/wp\/v2\/pages"}],"about":[{"href":"https:\/\/amblussemburgo.esteri.it\/it\/wp-json\/wp\/v2\/types\/page"}],"author":[{"embeddable":true,"href":"https:\/\/amblussemburgo.esteri.it\/it\/wp-json\/wp\/v2\/users\/8"}],"replies":[{"embeddable":true,"href":"https:\/\/amblussemburgo.esteri.it\/it\/wp-json\/wp\/v2\/comments?post=304"}],"version-history":[{"count":6,"href":"https:\/\/amblussemburgo.esteri.it\/it\/wp-json\/wp\/v2\/pages\/304\/revisions"}],"predecessor-version":[{"id":4024,"href":"https:\/\/amblussemburgo.esteri.it\/it\/wp-json\/wp\/v2\/pages\/304\/revisions\/4024"}],"up":[{"embeddable":true,"href":"https:\/\/amblussemburgo.esteri.it\/it\/wp-json\/wp\/v2\/pages\/299"}],"wp:attachment":[{"href":"https:\/\/amblussemburgo.esteri.it\/it\/wp-json\/wp\/v2\/media?parent=304"}],"curies":[{"name":"wp","href":"https:\/\/api.w.org\/{rel}","templated":true}]}}