{"id":330,"date":"2023-09-28T15:41:51","date_gmt":"2023-09-28T13:41:51","guid":{"rendered":"https:\/\/amblussemburgo.esteri.it\/?page_id=330"},"modified":"2026-02-27T09:40:59","modified_gmt":"2026-02-27T08:40:59","slug":"carta-di-identita-elettronica-cie","status":"publish","type":"page","link":"https:\/\/amblussemburgo.esteri.it\/it\/servizi-consolari-e-visti\/servizi-per-il-cittadino-italiano\/passaporti-e-carte-didentita\/carta-di-identita-elettronica-cie\/","title":{"rendered":"CARTA DI IDENTIT\u00c0 ELETTRONICA (CIE)"},"content":{"rendered":"<p>Si informa che\u00a0<strong>le carte d\u2019identit\u00e0 cartacee (CIC) italiane\u00a0<\/strong><strong>cesseranno di essere valide<\/strong><strong>\u00a0il 3 agosto 2026, indipendentemente dalla data di scadenza riportata sul singolo documento,<\/strong>\u00a0in quanto non pi\u00f9 rispondenti ai requisiti di sicurezza dei documenti d\u2019identit\u00e0 e di viaggio previsti dalla normativa europea.<\/p>\n<p>Tenuto conto del prevedibile aumento delle richieste del documento in parola,<strong>\u00a0si suggerisce a tutti i connazionali residenti in Lussemburgo e in possesso esclusivamente di carta d\u2019identit\u00e0 cartacea (CIC)\u00a0<\/strong><strong>di provvedere sin d\u2019ora a prenotare un appuntamento tramite la piattaforma PRENOT@MI<\/strong>\u00a0<strong>per richiedere il rilascio di una Carta d\u2019identit\u00e0 elettronica (CIE) o, in alternativa, del passaporto.<\/strong><\/p>\n<p><span style=\"text-decoration: underline;\"><strong>IMPORTANTE<\/strong><\/span><\/p>\n<p>Con la pubblicazione in Gazzetta Ufficiale della L<span style=\"text-decoration: underline;\"><strong>egge n.19 del 19 gennaio 2026<\/strong><\/span>, sono intervenute alcune rilevanti modifiche alla normativa primaria, volte ad aggiornare l\u2019erogazione di servizi per i cittadini e le imprese all\u2019estero.<br \/>\nPer quanto riguarda le disposizioni in materia di Carte di Identit\u00e0, la novit\u00e0 pi\u00f9 importante riguarda l<strong>a possibilit\u00e0 per il cittadino iscritto all\u2019Anagrafe degli Italiani Residenti all\u2019Estero (AIRE)<\/strong> \u2013 <span style=\"text-decoration: underline;\">a decorrere dal 1\u00b0 giugno 2026<\/span> \u2013 <strong>di presentare domanda per il rilascio della carta d&#8217;identit\u00e0 elettronica presso qualsiasi Comune italiano<\/strong>. La carta d\u2019identit\u00e0 sar\u00e0 consegnata con le medesime modalit\u00e0 previste in caso di domanda presentata tramite l\u2019Ufficio consolare, con facolt\u00e0 per l\u2019interessato di ritirarla personalmente presso il Comune ovvero di richiederne la spedizione all\u2019estero.<\/p>\n<p>&#8212;&#8212;&#8212;&#8212;&#8212;&#8212;&#8212;&#8212;&#8212;&#8212;&#8212;&#8212;&#8212;&#8212;&#8212;&#8212;&#8212;&#8212;&#8212;&#8212;&#8212;&#8212;&#8212;&#8212;&#8212;&#8212;&#8212;&#8212;&#8212;&#8212;&#8212;&#8212;&#8212;&#8212;&#8212;&#8212;&#8212;&#8212;&#8212;&#8212;&#8212;&#8212;&#8212;&#8212;&#8212;&#8211;<\/p>\n<p style=\"text-align: justify;\">La nuova Carta di identit\u00e0 elettronica si pu\u00f2 richiedere,\u00a0<strong>previo appuntamento<\/strong>, esclusivamente\u00a0<strong>tramite la piattaforma<\/strong>\u00a0<a href=\"https:\/\/prenotami.esteri.it\/\">Prenot@mi<\/a>\u00a0(sono pertanto<strong>\u00a0escluse<\/strong>\u00a0altre modalit\u00e0 di richiesta appuntamento, ad esempio\u00a0via e-mail, telefono o allo sportello).<\/p>\n<p style=\"text-align: justify;\"><strong>N.B.:<\/strong>\u00a0L\u2019Ambasciata\u00a0<strong>non fornisce assistenza informatica<\/strong>\u00a0in caso di problemi relativi all\u2019accesso al portale o alla corretta fruibilit\u00e0 di tutti i contenuti, pertanto si raccomanda di rispettare i requisiti minimi per l\u2019utilizzo dell\u2019applicativo:<\/p>\n<ul style=\"text-align: justify;\">\n<li><strong>Google Chrome \u2013 versione 88 e superiori;<\/strong><\/li>\n<li><strong>Microsoft Edge.<\/strong><\/li>\n<\/ul>\n<p><strong>****Per i possessori di apparecchiature di tipo IOS (IPhone, IPad, MacOs) dovranno scaricare gratuitamente Google Chrome \u2013 versione 88 e superiori per poter usare correttamente il portale <a href=\"https:\/\/prenotami.esteri.it\/\">Prenot@mi<\/a>!!!!!****<\/strong><\/p>\n<p style=\"text-align: justify;\">In caso di comprovata necessit\u00e0, si invitano i connazionali a scrivere all\u2019indirizzo <a href=\"mailto:ci_ambluss@esteri.it\">ci_ambluss@esteri.it<\/a>. I singoli casi verranno valutati dal responsabile dell\u2019Ufficio. Nell\u2019email si dovr\u00e0 descrivere il proprio caso allegando, in caso di urgenza, idonea documentazione giustificativa. <strong><span style=\"text-decoration: underline;\">Si sottolinea che tali procedure non potranno essere estese anche ai familiari del richiedente.<\/span><\/strong><\/p>\n<p><span style=\"text-decoration: underline;\"><strong>Novit<\/strong><strong>\u00e0:<\/strong><strong> Dal\u00a013 agosto 2024<\/strong><\/span>\u00a0i connazionali <strong>iscritti all\u2019AIRE<\/strong> presso questa circoscrizione consolare che\u00a0<strong><u>hanno compiuto 75 anni<\/u><\/strong>\u00a0potranno\u00a0<strong><u>prenotare telefonicamente<\/u><\/strong> l\u2019appuntamento per la richiesta o per il rinnovo della carta d\u2019identit\u00e0 elettronica. Resta in ogni caso possibile la prenotazione tramite il portale <a href=\"https:\/\/prenotami.esteri.it\/\">Prenot@mi.<\/a><\/p>\n<p>Il servizio di prenotazione telefonica sar\u00e0 attivo\u00a0<strong>esclusivamente<\/strong>\u00a0il\u00a0<strong>marted\u00ec<\/strong>\u00a0e il\u00a0<strong>mercoled\u00ec dalle 13:30 alle 15, <\/strong>contattando il numero (+352) 44 36 44 333\/334.<\/p>\n<p style=\"text-align: justify;\">&#8212;&#8212;&#8212;&#8212;&#8212;&#8212;&#8212;&#8212;&#8212;&#8212;&#8212;&#8212;&#8212;&#8212;&#8212;&#8212;&#8212;&#8212;&#8212;-<\/p>\n<p style=\"text-align: justify;\">Si ricorda ai connazionali che presso questa Cancelleria Consolare \u00e8 possibile effettuare pagamenti anche con carta di debito (<strong>circuito V PAY lussemburghese<\/strong>).<\/p>\n<p style=\"text-align: justify;\"><strong>ATTENZIONE:<\/strong>\u00a0Per motivi di contabilit\u00e0 interna, <strong>nell\u2019ultimo giorno lavorativo di ogni trimestre (Marted\u00ec 31 marzo 2026; marted\u00ec 30 giugno 2026; mercoled\u00ec 30 settembre 2026; gioved\u00ec 31 dicembre 2026), <\/strong><strong>\u00e8 consentito il pagamento esclusivamente in contanti<\/strong>. Il pagamento in contanti rimane possibile, a scelta dell\u2019utente, per tutti i servizi consolari.<\/p>\n<p style=\"text-align: justify;\"><strong>Quando \u00e8 possibile fissare un appuntamento per l\u2019avvio della pratica di rilascio della CIE?<\/strong><\/p>\n<ul style=\"text-align: justify;\">\n<li>alla\u00a0<strong>scadenza<\/strong>\u00a0della propria Carta d\u2019identit\u00e0 (a partire dal 180\u00b0 giorno che precede la scadenza,\u00a0<strong>ovvero 6 mesi prima<\/strong>);<\/li>\n<li>in seguito a\u00a0<strong>smarrimento<\/strong>,<strong>\u00a0furto<\/strong>\u00a0o\u00a0<strong>deterioramento<\/strong>\u00a0della carta di identit\u00e0 (circostanza da documentare il giorno dell\u2019appuntamento).<\/li>\n<\/ul>\n<p style=\"text-align: justify;\"><em>N.B.: la falsa denuncia di smarrimento della carta d\u2019identit\u00e0\u00a0configura il reato di falsit\u00e0 ideologica commessa dal privato, di cui all\u2019art. 483 del codice penale (Cass. 33848\/18).<\/em><\/p>\n<ul style=\"text-align: justify;\">\n<li>anche se si \u00e8 gi\u00e0 in possesso di una carta di identit\u00e0 (cartacea o elettronica di vecchia generazione)\u00a0<strong>ancora in corso di validit\u00e0<\/strong>\u00a0(e quindi prima dei 180 giorni anteriori alla scadenza), applicando in tali casi la tariffa prevista per il \u201crilascio\u201d e non per il \u201cduplicato\u201d (art. 24 comma 3 del DL 76\/2020 c.d. \u201cDecreto semplificazione\u201d).<\/li>\n<\/ul>\n<p style=\"text-align: justify;\">La CIE potr\u00e0 essere rilasciata esclusivamente ai cittadini italiani regolarmente residenti nella propria circoscrizione consolare, che siano gi\u00e0 registrati nello schedario consolare e\u00a0<strong>i cui dati anagrafici siano gi\u00e0 presenti nella banca dati A.I.R.E<\/strong>\u00a0(Anagrafe degli Italiani Residenti all\u2019Estero).<\/p>\n<p style=\"text-align: justify;\">\u2013 Ai fini dell\u2019emissione della CIE \u00e8 indispensabile, per i cittadini italiani nati all\u2019estero, che il relativo<strong>\u00a0atto di nascita<\/strong>\u00a0risulti\u00a0<strong>gi\u00e0 trascritto nei registri di Stato Civile del Comune di riferimento<\/strong>, in quanto gli estremi della trascrizione devono essere riportati sulla CIE.<\/p>\n<p style=\"text-align: justify;\">\u00a0<strong>1 \u2013 VALIDIT\u00c0 TEMPORALE DELLA CARTA DI IDENTIT\u00c0 ELETTRONICA (CIE)<\/strong><\/p>\n<p style=\"text-align: justify;\">La validit\u00e0 della CIE varia a seconda all\u2019et\u00e0 del titolare:<\/p>\n<ul style=\"text-align: justify;\">\n<li>3 anni per minori di et\u00e0 inferiore a 3 anni;<\/li>\n<li>5 anni per i minori di et\u00e0 compresa tra i 3 e i 18 anni;<\/li>\n<li>10 anni per i maggiorenni.<\/li>\n<\/ul>\n<p style=\"text-align: justify;\"><strong>2 \u2013 MODALIT\u00c0 DI RICHIESTA<\/strong><\/p>\n<p style=\"text-align: justify;\">La richiesta della carta di identit\u00e0 elettronica (che non \u00e8 un documento che pu\u00f2 essere rilasciato a vista) deve essere presentata\u00a0<strong>utilizzando\u00a0il portale\u00a0<\/strong><a href=\"https:\/\/prenotami.esteri.it\/\"><strong>Prenot@mi<\/strong><\/a>, portale che richiede di registrarsi prima di presentare la richiesta di appuntamento.<\/p>\n<h2 style=\"text-align: justify;\"><strong>Non saranno accolte domande di appuntamento\u00a0 via e-mail, al telefono o allo sportello.<\/strong><\/h2>\n<p style=\"text-align: justify;\"><em>Spiace constatare che, nonostante la forte richiesta per ottenere\u00a0la CIE,\u00a0molti utenti alla fine\u00a0<strong>non si presentino il giorno dell\u2019appuntamento<\/strong>\u00a0<strong>prescelto<\/strong>, senza minimamente avvisare l\u2019ufficio consolare di eventuali imprevisti, togliendo di fatto il posto a un altro potenziale utente. Se non puoi rispettare il tuo appuntamento per svariati motivi,\u00a0<strong>annulla in anticipo il tuo \u201cslot\u201d collegandoti\u00a0al portale\u00a0\u00a0<\/strong>oppure\u00a0<strong>invia\u00a0una mail<\/strong>, in caso di problemi tecnici,<strong>\u00a0anche il giorno prima all\u2019indirizzo:<\/strong>\u00a0<\/em><a href=\"mailto:ci_ambluss@esteri.it\"><em>ci_ambluss@esteri.it<\/em><\/a><em>\u00a0(indicando nome e cognome, risaliamo noi alla data dell\u2019appuntamento).<\/em><\/p>\n<p style=\"text-align: justify;\">Vanno sempre inseriti i dati del richiedente, anche qualora la registrazione sia eseguita materialmente da un\u2019altra persona. All\u2019interno del portale,\u00a0\u00e8 disponibile un\u00a0<strong>Manuale Utente<\/strong>\u00a0da leggere con attenzione. E\u2019 possibile effettuare\u00a0<strong>prenotazioni di appuntamento multiple<\/strong>\u00a0<strong>nello stesso giorno<\/strong>\u00a0per i componenti del proprio nucleo familiare (fino a 5 persone) che necessitano della CIE, ove gli slot siano disponibili.<\/p>\n<p style=\"text-align: justify;\"><strong>N.B.:<\/strong>\u00a0L\u2019Ambasciata\u00a0<strong>non fornisce assistenza informatica<\/strong>\u00a0in caso di problemi relativi all\u2019accesso al portale o alla corretta fruibilit\u00e0 di tutti i contenuti, pertanto si raccomanda di rispettare i requisiti minimi per l\u2019utilizzo dell\u2019applicativo:<\/p>\n<ul style=\"text-align: justify;\">\n<li><strong>Google Chrome \u2013 versione 88 e superiori;<\/strong><\/li>\n<li><strong>Microsoft Edge.<\/strong><\/li>\n<\/ul>\n<p style=\"text-align: justify;\">L\u2019appuntamento \u00e8\u00a0<strong>individuale e nominale, anche per i figli minorenni<\/strong>.<\/p>\n<p style=\"text-align: justify;\">Il giorno dell\u2019appuntamento in Ambasciata saranno acquisite le impronte digitali (<strong>salvo per i minori di anni 12<\/strong>) e verr\u00e0 validata la pratica (mandando la CIE \u201cin produzione\u201d), provvedendo contestualmente alla riscossione del pagamento in contanti o bancomat.<\/p>\n<p style=\"text-align: justify;\"><strong>Si fa presente che la CIE non\u00a0\u00e8 un documento rilasciato \u201ca vista\u201d<\/strong>\u00a0(in quanto stampato e spedito dall\u2019Italia)\u00a0<strong>e che,\u00a0in presenza di carte di identit\u00e0 ancora valide (elettroniche o cartacee), si dovr\u00e0 procedere alla loro revoca\u00a0<\/strong>(per quelle elettroniche)<strong>\u00a0o ritiro\u00a0<\/strong>(per quelle cartacee)<strong>\u00a0prima di emetterne una nuova<\/strong>\u00a0(quindi all\u2019atto del perfezionamento della pratica presso l\u2019Ufficio consolare).<\/p>\n<p style=\"text-align: justify;\"><strong>Quanto costa la carta di identit\u00e0 elettronica?<\/strong><\/p>\n<ul style=\"text-align: justify;\">\n<li>Euro<strong>\u00a021,95<\/strong>\u00a0in caso di primo rilascio o rinnovo;<\/li>\n<li>Euro<strong>\u00a027,11<\/strong>\u00a0in caso di duplicato per furto, smarrimento o deterioramento.<\/li>\n<\/ul>\n<h5 style=\"text-align: justify;\">\u00a0<strong>3 \u2013 REQUISITI PER RICHIEDERE LA CIE<\/strong><\/h5>\n<ul style=\"text-align: justify;\">\n<li>\n<h5>Posizione AIRE aggiornata (in particolare l\u2019indirizzo di residenza in Lussemburgo all&#8217;albo consolare);<\/h5>\n<\/li>\n<li>\n<h5><span style=\"color: #ff0000;\"><strong><span style=\"text-decoration: underline;\">Una fototessera a norma biometrica recente<\/span> (non pi\u00f9 vecchia di 6 mesi)<\/strong><\/span>\u00a0(aventi le stesse caratteristiche di quelle previste per il passaporto),\u00a0da portare il giorno dell\u2019appuntamento;<\/h5>\n<\/li>\n<li>\n<h5><strong>Documento di riconoscimento<\/strong>\u00a0(anche scaduto,\u00a0da portare il giorno dell\u2019appuntamento) o due testimoni<\/h5>\n<\/li>\n<\/ul>\n<p style=\"text-align: justify;\"><strong><u>***LE RICHIESTE INCOMPLETE VERRANNO RESPINTE<\/u><\/strong><u>.***<\/u><\/p>\n<p>&nbsp;<\/p>\n<p style=\"text-align: justify;\"><strong>(NOVITA\u2019 \u2013 RICHIESTA CIE DA PARTE DEL GENITORE DI PROLE MINORE)<\/strong><a href=\"https:\/\/amblussemburgo.esteri.it\/Ambasciata_Lussemburgo\/resource\/doc\/2021\/09\/form_2_-atto_di_assenso_tra_genitori.docx\"><strong><br \/>\n<\/strong><\/a><\/p>\n<p style=\"text-align: justify;\">Si informano i connazionali, genitori di figli minori, che\u00a0<strong>a partire dal 14 giugno 2023 non sar\u00e0 pi\u00f9 necessario presentare l\u2019atto di assenso dell\u2019altro genitore ai fini del rilascio del proprio documento d\u2019identit\u00e0<\/strong>\u00a0(passaporto e CIE), ai sensi del D.L. 69\/2023.<\/p>\n<p style=\"text-align: justify;\">Sar\u00e0 sufficiente che l\u2019interessato autocertifichi di non essere sottoposto a inibitoria al rilascio del passaporto rendendo, sotto la propria responsabilit\u00e0 e a norma degli artt. 46 e 47 del DPR 445\/2000, una dichiarazione in tal senso\u00a0<a href=\"https:\/\/amblussemburgo.esteri.it\/wp-content\/uploads\/2023\/12\/Dichiarazione-assensa-cause-ostative.docx\"><strong>(utilizzando il modello allegato)<\/strong>.<\/a><\/p>\n<p style=\"text-align: justify;\">Nello specifico il novellato articolo 3-bis della L. 1185\/1967 indica che, quando vi \u00e8 concreto e attuale pericolo che a causa del trasferimento all\u2019estero questo possa sottrarsi all\u2019adempimento dei suoi obblighi verso i figli, sar\u00e0 possibile per l\u2019altro genitore richiedere una inibitoria al rilascio del documento.<\/p>\n<p style=\"text-align: justify;\">L\u2019istanza potr\u00e0 essere presentata al giudice competente presso il Tribunale ordinario in cui il minore ha la residenza abituale ovvero, se il minore \u00e8 residente all\u2019estero, il Tribunale nel cui circondario si trova il suo Comune di iscrizione AIRE<\/p>\n<p style=\"text-align: justify;\"><strong>N.B<\/strong>.\u00a0<u>Ai fini del rilascio dei\u00a0<strong>documenti per i minori<\/strong>, invece, resta l\u2019obbligo dell\u2019assenso firmato da entrambi i genitori o da chi esercita la responsabilit\u00e0 genitoriale.)<\/u><\/p>\n<ul style=\"text-align: justify;\">\n<li><a href=\"https:\/\/amblussemburgo.esteri.it\/wp-content\/uploads\/2025\/03\/ATTO-DI-ASSENSO-PER-RILASCIO-CIE-29.05.2024.pdf\"><strong>Atto di assenso di entrambi genitori nel caso in cui il richiedente sia un minore di 18 anni\u00a0<\/strong><\/a>(da esibire il giorno dell\u2019appuntamento\u00a0in formato cartaceo\u00a0e corredato da una <strong><span style=\"text-decoration: underline;\">fotocopia firmata dei documenti di identit\u00e0<\/span>);<\/strong><\/li>\n<\/ul>\n<p style=\"text-align: justify;\"><strong>ATTO DI ASSENSO<\/strong>: cos\u2019\u00e8 e perch\u00e9 occorre in base alla normativa italiana? Clicca\u00a0<a href=\"https:\/\/amblussemburgo.esteri.it\/it\/servizi-consolari-e-visti\/servizi-per-il-cittadino-italiano\/passaporti-e-carte-didentita\/passaporti\/atto-di-assenso\/\"><strong>QUI<\/strong><\/a><\/p>\n<p style=\"text-align: justify;\"><strong>4 \u2013 CONSEGNA DELLA CARTA D\u2019IDENTIT\u00c0 ELETTRONICA<\/strong><\/p>\n<p style=\"text-align: justify;\">La CIE viene prodotta dall\u2019Istituto Poligrafico e Zecca dello Stato e\u00a0<strong>successivamente spedita, a mezzo posta raccomandata, presso l\u2019indirizzo estero di residenza (o recapito) dichiarato dal richiedente<\/strong>. In caso di mancata consegna per indirizzo errato, \u00e8 prevista una giacenza di 15 giorni presso l\u2019ufficio postale locale. Al termine di questo periodo, il plico torna al mittente in Italia (l\u2019Istituto Poligrafico) che provveder\u00e0 \u2013 a quel punto \u2013 a rispedirlo non pi\u00f9 al titolare della CIE ma a questa Ambasciata, per la\u00a0 consegna a mano presso i nostri Uffici.<\/p>\n<p style=\"text-align: justify;\"><strong>PER ULTERIORI CHIARIMENTI: <\/strong>Si prega di chiamare preferibilmente al di fuori degli orari di apertura al pubblico (quindi tra le 13 e le 15:30)<\/p>\n<p style=\"text-align: justify;\">Ufficio Carte di identit\u00e0 (CIE)<br \/>\nTelefono: 44 36 44 333<br \/>\nE-mail:\u00a0<a href=\"mailto:ci_ambluss@esteri.it\">ci_ambluss@esteri.it<\/a><\/p>\n<p style=\"text-align: justify;\">\n","protected":false},"excerpt":{"rendered":"Si informa che\u00a0le carte d\u2019identit\u00e0 cartacee (CIC) italiane\u00a0cesseranno di essere valide\u00a0il 3 agosto 2026, indipendentemente dalla data di scadenza riportata sul singolo documento,\u00a0in quanto non pi\u00f9 rispondenti ai requisiti di sicurezza dei documenti d\u2019identit\u00e0 e di viaggio previsti dalla normativa europea. Tenuto conto del prevedibile aumento delle richieste del documento in parola,\u00a0si suggerisce a tutti [&hellip;]","protected":false},"author":8,"featured_media":0,"parent":49,"menu_order":0,"comment_status":"closed","ping_status":"closed","template":"","meta":{"footnotes":""},"class_list":["post-330","page","type-page","status-publish","hentry"],"_links":{"self":[{"href":"https:\/\/amblussemburgo.esteri.it\/it\/wp-json\/wp\/v2\/pages\/330","targetHints":{"allow":["GET"]}}],"collection":[{"href":"https:\/\/amblussemburgo.esteri.it\/it\/wp-json\/wp\/v2\/pages"}],"about":[{"href":"https:\/\/amblussemburgo.esteri.it\/it\/wp-json\/wp\/v2\/types\/page"}],"author":[{"embeddable":true,"href":"https:\/\/amblussemburgo.esteri.it\/it\/wp-json\/wp\/v2\/users\/8"}],"replies":[{"embeddable":true,"href":"https:\/\/amblussemburgo.esteri.it\/it\/wp-json\/wp\/v2\/comments?post=330"}],"version-history":[{"count":7,"href":"https:\/\/amblussemburgo.esteri.it\/it\/wp-json\/wp\/v2\/pages\/330\/revisions"}],"predecessor-version":[{"id":4426,"href":"https:\/\/amblussemburgo.esteri.it\/it\/wp-json\/wp\/v2\/pages\/330\/revisions\/4426"}],"up":[{"embeddable":true,"href":"https:\/\/amblussemburgo.esteri.it\/it\/wp-json\/wp\/v2\/pages\/49"}],"wp:attachment":[{"href":"https:\/\/amblussemburgo.esteri.it\/it\/wp-json\/wp\/v2\/media?parent=330"}],"curies":[{"name":"wp","href":"https:\/\/api.w.org\/{rel}","templated":true}]}}