{"id":332,"date":"2023-09-28T15:46:56","date_gmt":"2023-09-28T13:46:56","guid":{"rendered":"https:\/\/amblussemburgo.esteri.it\/?page_id=332"},"modified":"2026-02-26T16:37:11","modified_gmt":"2026-02-26T15:37:11","slug":"notarile-e-sociale","status":"publish","type":"page","link":"https:\/\/amblussemburgo.esteri.it\/it\/servizi-consolari-e-visti\/servizi-per-il-cittadino-italiano\/servizi-notarili\/notarile-e-sociale\/","title":{"rendered":"NOTARILE E SOCIALE"},"content":{"rendered":"<p>Si ricorda ai connazionali che presso questa Cancelleria Consolare \u00e8 possibile effettuare pagamenti anche con carta di debito (<strong>circuito V PAY lussemburghese<\/strong>).<\/p>\n<p><strong>ATTENZIONE: Per motivi di contabilit\u00e0 interna, nell\u2019ultimo giorno lavorativo di ogni trimestre (Marted\u00ec 31 marzo 2026; marted\u00ec 30 giugno 2026; mercoled\u00ec 30 settembre 2026; gioved\u00ec 31 dicembre 2026),<\/strong> \u00e8 consentito il pagamento <strong><u>esclusivamente in contanti<\/u><\/strong>.<\/p>\n<p>Il pagamento in contanti rimane possibile, a scelta dell\u2019utente, per tutti i servizi consolari.<\/p>\n<p><strong>***Si possono richiedere solo le Funzioni indicate nel link***<\/strong><\/p>\n<p><strong>NOTARILE<\/strong><\/p>\n<ul>\n<li><a href=\"https:\/\/amblussemburgo.esteri.it\/it\/servizi-consolari-e-visti\/servizi-per-il-cittadino-italiano\/servizi-notarili\/notarile-e-sociale\/procure-generali-e-speciali\/\"><strong>Procure generali e speciali<\/strong><\/a><\/li>\n<li><strong><a href=\"https:\/\/amblussemburgo.esteri.it\/wp-admin\/post.php?post=2775&amp;action=edit&amp;lang=it\">Donazioni<\/a><\/strong><\/li>\n<li><a href=\"https:\/\/amblussemburgo.esteri.it\/it\/servizi-consolari-e-visti\/servizi-per-il-cittadino-italiano\/servizi-notarili\/notarile-e-sociale\/traduzioni-legalizzazioni-autentiche\/\"><strong>Traduzioni &#8211; Legalizzazioni<\/strong> &#8211;<strong> Autentiche<\/strong><\/a><\/li>\n<li><a href=\"https:\/\/amblussemburgo.esteri.it\/it\/servizi-consolari-e-visti\/servizi-per-il-cittadino-italiano\/aire\/convenzioni-matrimoniali\/\"><strong>Convenzioni matrimoniali<\/strong><\/a><\/li>\n<li><a href=\"https:\/\/amblussemburgo.esteri.it\/it\/news\/dall_ambasciata\/2024\/10\/adozioni\/\"><strong>Adozioni<\/strong><\/a><\/li>\n<li><a href=\"https:\/\/amblussemburgo.esteri.it\/it\/news\/dall_ambasciata\/2024\/10\/riconoscimenti\/\"><strong>Riconoscimenti<\/strong><\/a><\/li>\n<li><a href=\"https:\/\/amblussemburgo.esteri.it\/it\/servizi-consolari-e-visti\/servizi-per-il-cittadino-italiano\/servizi-notarili\/notarile-e-sociale\/dichiarazione-di-valore\/\"><strong>Dichiarazione di valore<\/strong><\/a><\/li>\n<\/ul>\n<p>SOCIALE<\/p>\n<ul>\n<li><a href=\"https:\/\/amblussemburgo.esteri.it\/it\/servizi-consolari-e-visti\/servizi-per-il-cittadino-straniero\/cittadinanza\/acquisto-cittadinanza-per-matrimonio\/radiazione-dal-pra-nuova-disciplina-in-vigore-dal-1-gennaio-2020\/\"><strong>RADIAZIONE DAL PRA &#8211; NUOVA DISCIPLINA IN VIGORE DAL 1 GENNAIO 2020<\/strong><\/a><\/li>\n<li><a href=\"https:\/\/amblussemburgo.esteri.it\/it\/servizi-consolari-e-visti\/servizi-per-il-cittadino-italiano\/servizi-notarili\/notarile-e-sociale\/assistenza-ai-cittadini-sanita-rimpatrio-salme-o-ceneri\/\"><strong>Assistenza ai cittadini &#8211; Sanit\u00e0 &#8211; Rimpatrio salme o ceneri<\/strong><\/a><\/li>\n<li><a href=\"https:\/\/amblussemburgo.esteri.it\/it\/servizi-consolari-e-visti\/servizi-per-il-cittadino-italiano\/servizi-notarili\/notarile-e-sociale\/c-e-l-certificazione-esecuzione-lavori-eseguiti-allestero\/\"><strong>C.E.L. &#8211; Certificazione Esecuzione Lavori eseguiti all&#8217;estero<\/strong><\/a><\/li>\n<li><a href=\"https:\/\/amblussemburgo.esteri.it\/it\/servizi-consolari-e-visti\/servizi-per-il-cittadino-italiano\/servizi-notarili\/notarile-e-sociale\/381-2\/\"><strong>Dichiarazione di accompagnamento<\/strong><\/a><\/li>\n<li><a href=\"https:\/\/amblussemburgo.esteri.it\/it\/servizi-consolari-e-visti\/servizi-per-il-cittadino-italiano\/servizi-notarili\/notarile-e-sociale\/codice-fiscale-pin-code-incentivi-fiscali\/\"><strong>Codice fiscale \u2013 Pin Code &#8211; Incentivi fiscali\u00a0<\/strong><\/a><\/li>\n<\/ul>\n<p>INFO<\/p>\n<ul>\n<li><a href=\"https:\/\/amblussemburgo.esteri.it\/it\/servizi-consolari-e-visti\/servizi-per-il-cittadino-italiano\/servizi-notarili\/notarile-e-sociale\/certificato-del-casellario-giudiziale\/\"><strong>Certificato del casellario giudiziale<\/strong><\/a><\/li>\n<li><a href=\"https:\/\/amblussemburgo.esteri.it\/it\/servizi-consolari-e-visti\/servizi-per-il-cittadino-italiano\/servizi-notarili\/notarile-e-sociale\/spid-sistema-pubblico-di-identita-digitale\/\"><strong>SPID &#8211; Sistema Pubblico di Identit\u00e0 Digitale<\/strong><\/a><\/li>\n<\/ul>\n<h4><strong><a href=\"https:\/\/amblussemburgo.esteri.it\/wp-content\/uploads\/2024\/04\/LISTA-DEGLI-AVVOCATI-ultima-versione-alpha.pdf\">Lista avvocati\u00a0<\/a><\/strong><\/h4>\n<p>Tel. (+352) 443644 &#8211; 339<\/p>\n<p>Email:\u00a0<a href=\"mailto:notarile.lux@esteri.it\">notarile.lux@esteri.it<\/a><\/p>\n","protected":false},"excerpt":{"rendered":"Si ricorda ai connazionali che presso questa Cancelleria Consolare \u00e8 possibile effettuare pagamenti anche con carta di debito (circuito V PAY lussemburghese). ATTENZIONE: Per motivi di contabilit\u00e0 interna, nell\u2019ultimo giorno lavorativo di ogni trimestre (Marted\u00ec 31 marzo 2026; marted\u00ec 30 giugno 2026; mercoled\u00ec 30 settembre 2026; gioved\u00ec 31 dicembre 2026), \u00e8 consentito il pagamento esclusivamente [&hellip;]","protected":false},"author":8,"featured_media":0,"parent":71,"menu_order":0,"comment_status":"closed","ping_status":"closed","template":"","meta":{"footnotes":""},"class_list":["post-332","page","type-page","status-publish","hentry"],"_links":{"self":[{"href":"https:\/\/amblussemburgo.esteri.it\/it\/wp-json\/wp\/v2\/pages\/332","targetHints":{"allow":["GET"]}}],"collection":[{"href":"https:\/\/amblussemburgo.esteri.it\/it\/wp-json\/wp\/v2\/pages"}],"about":[{"href":"https:\/\/amblussemburgo.esteri.it\/it\/wp-json\/wp\/v2\/types\/page"}],"author":[{"embeddable":true,"href":"https:\/\/amblussemburgo.esteri.it\/it\/wp-json\/wp\/v2\/users\/8"}],"replies":[{"embeddable":true,"href":"https:\/\/amblussemburgo.esteri.it\/it\/wp-json\/wp\/v2\/comments?post=332"}],"version-history":[{"count":6,"href":"https:\/\/amblussemburgo.esteri.it\/it\/wp-json\/wp\/v2\/pages\/332\/revisions"}],"predecessor-version":[{"id":4418,"href":"https:\/\/amblussemburgo.esteri.it\/it\/wp-json\/wp\/v2\/pages\/332\/revisions\/4418"}],"up":[{"embeddable":true,"href":"https:\/\/amblussemburgo.esteri.it\/it\/wp-json\/wp\/v2\/pages\/71"}],"wp:attachment":[{"href":"https:\/\/amblussemburgo.esteri.it\/it\/wp-json\/wp\/v2\/media?parent=332"}],"curies":[{"name":"wp","href":"https:\/\/api.w.org\/{rel}","templated":true}]}}