{"id":373,"date":"2023-09-29T11:48:31","date_gmt":"2023-09-29T09:48:31","guid":{"rendered":"https:\/\/amblussemburgo.esteri.it\/?page_id=373"},"modified":"2023-09-29T11:48:54","modified_gmt":"2023-09-29T09:48:54","slug":"radiazione-dal-pra-nuova-disciplina-in-vigore-dal-1-gennaio-2020","status":"publish","type":"page","link":"https:\/\/amblussemburgo.esteri.it\/it\/servizi-consolari-e-visti\/servizi-per-il-cittadino-italiano\/servizi-notarili\/notarile-e-sociale\/radiazione-dal-pra-nuova-disciplina-in-vigore-dal-1-gennaio-2020\/","title":{"rendered":"RADIAZIONE DAL PRA &#8211; NUOVA DISCIPLINA IN VIGORE DAL 1\u00b0 GENNAIO 2020"},"content":{"rendered":"<p><strong>L\u2019Automobile Club d&#8217;Italia (ACI) <\/strong>ha informato che, a seguito di modifica normativa, dal 1\u00b0 gennaio 2020 entrer\u00e0 in vigore una nuova disciplina che regolamenta la radiazione di veicoli dal Pubblico Registro Automobilistico (PRA) per definitiva esportazione all&#8217;estero.<\/p>\n<p>Il nuovo art. 103 del Codice della Strada prevede che la cancellazione dal PRA per definitiva esportazione all&#8217;estero di autoveicoli, motoveicoli o rimorchi sia disposta a condizione che i suddetti siano stati sottoposti a revisione, con esito positivo, in data non anteriore a sei mesi rispetto alla data di richiesta di radiazione. Pertanto, dal 1 gennaio 2020, la radiazione dovr\u00e0 essere richiesta PRIMA che il veicolo venga esportato, in modo da consentire il controllo dell&#8217;avvenuta revisione nei tempi stabiliti dalla legge. Una volta effettuata la radiazione, il veicolo cancellato potr\u00e0 circolare su strada per raggiungere i transiti di confine per l&#8217;esportazione solo se munito del foglio di via e della targa provvisoria prevista dall&#8217;art. 99 del Codice della Strada. In fase di prima applicazione della nuova disciplina il veicolo radiato sar\u00e0 munito anche della carta di circolazione originale annullata per esportazione e non valida per la circolazione.<\/p>\n<p>Si ricorda che fino alla fine del corrente anno, ai sensi della normativa attualmente vigente e che rester\u00e0 per l&#8217;appunto in vigore fino al 31 dicembre 2019, la richiesta di radiazione deve invece essere effettuata successivamente all&#8217;esportazione all&#8217;estero del veicolo, prevendo quindi degli aspetti operativi di competenza delle Sedi estere, secondo le modalit\u00e0 finora seguite e richiamate dai messaggi citati in riferimento. Sar\u00e0 pertanto ancora ammessa la possibilit\u00e0, per il tramite degli Uffici Consolari, di richiedere la cancellazione successivamente alla effettiva re-immatricolazione del veicolo all&#8217;estero, allegando copia della carta di circolazione estera rilasciata in data anteriore al 1\u00b0 gennaio 2020.<\/p>\n","protected":false},"excerpt":{"rendered":"L\u2019Automobile Club d&#8217;Italia (ACI) ha informato che, a seguito di modifica normativa, dal 1\u00b0 gennaio 2020 entrer\u00e0 in vigore una nuova disciplina che regolamenta la radiazione di veicoli dal Pubblico Registro Automobilistico (PRA) per definitiva esportazione all&#8217;estero. Il nuovo art. 103 del Codice della Strada prevede che la cancellazione dal PRA per definitiva esportazione all&#8217;estero [&hellip;]","protected":false},"author":8,"featured_media":0,"parent":332,"menu_order":0,"comment_status":"closed","ping_status":"closed","template":"","meta":{"footnotes":""},"class_list":["post-373","page","type-page","status-publish","hentry"],"_links":{"self":[{"href":"https:\/\/amblussemburgo.esteri.it\/it\/wp-json\/wp\/v2\/pages\/373","targetHints":{"allow":["GET"]}}],"collection":[{"href":"https:\/\/amblussemburgo.esteri.it\/it\/wp-json\/wp\/v2\/pages"}],"about":[{"href":"https:\/\/amblussemburgo.esteri.it\/it\/wp-json\/wp\/v2\/types\/page"}],"author":[{"embeddable":true,"href":"https:\/\/amblussemburgo.esteri.it\/it\/wp-json\/wp\/v2\/users\/8"}],"replies":[{"embeddable":true,"href":"https:\/\/amblussemburgo.esteri.it\/it\/wp-json\/wp\/v2\/comments?post=373"}],"version-history":[{"count":1,"href":"https:\/\/amblussemburgo.esteri.it\/it\/wp-json\/wp\/v2\/pages\/373\/revisions"}],"predecessor-version":[{"id":374,"href":"https:\/\/amblussemburgo.esteri.it\/it\/wp-json\/wp\/v2\/pages\/373\/revisions\/374"}],"up":[{"embeddable":true,"href":"https:\/\/amblussemburgo.esteri.it\/it\/wp-json\/wp\/v2\/pages\/332"}],"wp:attachment":[{"href":"https:\/\/amblussemburgo.esteri.it\/it\/wp-json\/wp\/v2\/media?parent=373"}],"curies":[{"name":"wp","href":"https:\/\/api.w.org\/{rel}","templated":true}]}}