{"id":376,"date":"2023-09-29T11:52:28","date_gmt":"2023-09-29T09:52:28","guid":{"rendered":"https:\/\/amblussemburgo.esteri.it\/?page_id=376"},"modified":"2023-09-29T11:52:28","modified_gmt":"2023-09-29T09:52:28","slug":"assistenza-ai-cittadini-sanita-rimpatrio-salme-o-ceneri","status":"publish","type":"page","link":"https:\/\/amblussemburgo.esteri.it\/it\/servizi-consolari-e-visti\/servizi-per-il-cittadino-italiano\/servizi-notarili\/notarile-e-sociale\/assistenza-ai-cittadini-sanita-rimpatrio-salme-o-ceneri\/","title":{"rendered":"ASSISTENZA AI CITTADINI &#8211; SANIT\u00c0 &#8211; RIMPATRIO SALME O CENERI"},"content":{"rendered":"<div class=\"sr-only\">L&#8217;assistenza che l&#8217;Ufficio Consolare pu\u00f2 fornire in favore di un cittadino italiano che si trova in difficolt\u00e0 all&#8217;estero pu\u00f2 assumere varie forme. Possibili interventi includono:<\/div>\n<div>\n<p>\u00b7 assistenza ai detenuti<\/p>\n<p>\u00b7 assistenza economica (nei casi previsti dalle disposizioni vigenti)<\/p>\n<p>\u00b7 assistenza indiretta attraverso enti ed associazioni assistenziali<\/p>\n<p>\u00b7 assistenza legale mediante l&#8217;indicazione di professionisti di riferimento<\/p>\n<p>\u00b7 assistenza in caso di furto o smarrimento di documenti<\/p>\n<p>\u00b7 assistenza nella ricerca di connazionali<\/p>\n<p>\u00b7 rimpatrio di salme o ceneri<\/p>\n<p>\u00b7 rimpatrio di connazionali in stato di indigenza o per gravi motivi di salute, e dei minori italiani in stato di abbandono<\/p>\n<p><strong>Assistenza ai detenuti<\/strong><\/p>\n<p>In caso di arresto di un cittadino italiano si ha il diritto di chiedere la protezione consolare, quindi il Consolato competente pu\u00f2:<br \/>\n\u00b7 visitare il detenuto<br \/>\n\u00b7 fornire nominativi di legali in loco<br \/>\n\u00b7 mantenere contatti con la famiglia<br \/>\n\u00b7 garantire, quando \u00e8 necessario e consentito dalle norme locali, forniture mediche o altro<\/p>\n<p>L&#8217;ufficio consolare non pu\u00f2 intervenire in giudizio per conto dei cittadini e \/ o di pagare le spese legali.<\/p>\n<p><strong>Ricerche di connazionali all&#8217;estero<\/strong><\/p>\n<p>Sulla base della Legge 675\/96 sulla riservatezza dei dati personali, nessun ente pubblico pu\u00f2 diffondere informazioni su persone a privati cittadini senza il consenso degli interessati.<\/p>\n<p>Pertanto, una volta individuata la persona cercata, l&#8217;ufficio &#8220;assistenza consolare e previdenza sociale&#8221; della Cancelleria Consolare di Lussemburgo, otterr\u00e0 il consenso dell&#8217;interessato\/a ad informare chi ha inoltrato la richiesta di notizie.<\/p>\n<p>Nei limiti normativi sar\u00e0 possibile attivare una ricerca in uno dei modi seguenti:<\/p>\n<p>inviando un fax all&#8217;Ufficio IV della Direzione Generale Italiani all&#8217;estero ai numeri(+39) 06 3691 8609 oppure (+39)\u00a006 3691 8628;inviando un<a href=\"mailto:amb.lussemburgo@cert.esteri.it\">\u00a0messaggio PEC<\/a>\u00a0alla Cancelleria Consolare di Lussemburgo o un fax al numero (00352)455523;telefonando al numero (+39)06 3691 2930 dalle 9.30 alle 16.00 specificando i propri dati, quelli della persona che si sta cercando e il motivo per il quale la si vuole rintracciare.<\/p>\n<p><strong>La Sottrazione internazionale di minori<\/strong><\/p>\n<p>La problematica della sottrazione internazionale di minori ha assunto negli ultimi tempi una rilevanza crescente, sia per l&#8217;aumento di separazioni, spesso conflittuali, fra persone di diversa o doppia cittadinanza, sia per la maggiore sensibilit\u00e0 con la quale il problema \u00e8 avvertito nel nostro Paese.<\/p>\n<p>Il contatto prioritario per il genitore connazionale interessato al recupero di un minore \u00e8 l&#8217;Autorit\u00e0 Centrale presso il Ministero della Giustizia che opera in collaborazione con la DGIT (Direzione Generale Italiani all&#8217;estero) Uff. IV del Ministero degli Affari Esteri e della Cooperazione Internazionale.<\/p>\n<p><strong>Sanit\u00e0<\/strong><\/p>\n<p>Gli Uffici Consolari non hanno competenza diretta in materia sanitaria. I cittadini italiani che viaggiano in Lussemburgo, iscritti al &#8220;Servizio Sanitario Nazionale&#8221;, hanno accesso ai servizi sanitari gratuiti se in possesso della tessera europea di assicurazione malattia (TEAM). Gli ospedali pubblici e servizi di &#8220;Urgenza&#8221; lussemburghesi forniscono assistenza medica di emergenza. Per ulteriori informazioni sulla tessera TEAM si consiglia di visitare il sito web della Commissione Europea: http:\/\/ec.europa.eu\/social\/<\/p>\n<p>La Cancelleria Consolare dell&#8217;Ambasciata Italiana di Lussemburgo ha anche un elenco di medici di riferimento &gt; *******<\/p>\n<p><strong>Rimpatrio della salma o delle ceneri<\/strong><\/p>\n<p>L&#8217;Ufficio Consolare fornisce assistenza e consulenza in caso di rimpatrio di salme o ceneri di cittadini italiani deceduti in Lussemburgo. In questo contesto, il lavoro dell&#8217;Ufficio Consolare \u00e8 quello di chiedere l&#8217;autorizzazione del comune italiano per la sepoltura del corpo (o delle ceneri) e rilasciare il passaporto mortuario.<\/p>\n<p>Per il rilascio di tale passaporto si deve presentare la seguente documentazione:<\/p>\n<p>1.\u00a0<strong>certificato di morte integrale e certificato di morte internazionale<\/strong>\u00a0(<strong><em>Modello \u201cC\u201d internazionale<\/em><\/strong>) rilasciato dal &#8220;Comune lussemburghese&#8221; che ha registrato il decesso<\/p>\n<p>2.\u00a0<strong>copia del documento di identit\u00e0<\/strong>\u00a0del defunto<\/p>\n<p>3.\u00a0<strong>ricevuta di versamento o bonifico bancario di Euro 41,00<\/strong>\u00a0per il rilascio del passaporto mortuario (art. 66h dei diritti consolari) (nota: le tariffe consolari possono cambiare o aumentare senza preavviso)<\/p>\n<p>4. inoltre:<\/p>\n<p>o\u00a0<strong>nell&#8217;ipotesi di rimpatrio di ceneri<\/strong>: certificato di cremazione<\/p>\n<p>o\u00a0<strong>nell\u2019ipotesi invece di rimpatrio di salma<\/strong>:<\/p>\n<p>&#8211; Proc\u00e8s-verbal de Mise en bi\u00e8re<br \/>\n&#8211; Laissez-passer mortuaire<br \/>\n&#8211; certificat m\u00e9dical officiel<\/p>\n<\/div>\n","protected":false},"excerpt":{"rendered":"L&#8217;assistenza che l&#8217;Ufficio Consolare pu\u00f2 fornire in favore di un cittadino italiano che si trova in difficolt\u00e0 all&#8217;estero pu\u00f2 assumere varie forme. Possibili interventi includono: \u00b7 assistenza ai detenuti \u00b7 assistenza economica (nei casi previsti dalle disposizioni vigenti) \u00b7 assistenza indiretta attraverso enti ed associazioni assistenziali \u00b7 assistenza legale mediante l&#8217;indicazione di professionisti di riferimento [&hellip;]","protected":false},"author":8,"featured_media":0,"parent":332,"menu_order":0,"comment_status":"closed","ping_status":"closed","template":"","meta":{"footnotes":""},"class_list":["post-376","page","type-page","status-publish","hentry"],"_links":{"self":[{"href":"https:\/\/amblussemburgo.esteri.it\/it\/wp-json\/wp\/v2\/pages\/376","targetHints":{"allow":["GET"]}}],"collection":[{"href":"https:\/\/amblussemburgo.esteri.it\/it\/wp-json\/wp\/v2\/pages"}],"about":[{"href":"https:\/\/amblussemburgo.esteri.it\/it\/wp-json\/wp\/v2\/types\/page"}],"author":[{"embeddable":true,"href":"https:\/\/amblussemburgo.esteri.it\/it\/wp-json\/wp\/v2\/users\/8"}],"replies":[{"embeddable":true,"href":"https:\/\/amblussemburgo.esteri.it\/it\/wp-json\/wp\/v2\/comments?post=376"}],"version-history":[{"count":1,"href":"https:\/\/amblussemburgo.esteri.it\/it\/wp-json\/wp\/v2\/pages\/376\/revisions"}],"predecessor-version":[{"id":377,"href":"https:\/\/amblussemburgo.esteri.it\/it\/wp-json\/wp\/v2\/pages\/376\/revisions\/377"}],"up":[{"embeddable":true,"href":"https:\/\/amblussemburgo.esteri.it\/it\/wp-json\/wp\/v2\/pages\/332"}],"wp:attachment":[{"href":"https:\/\/amblussemburgo.esteri.it\/it\/wp-json\/wp\/v2\/media?parent=376"}],"curies":[{"name":"wp","href":"https:\/\/api.w.org\/{rel}","templated":true}]}}