{"id":39,"date":"2023-04-11T17:55:33","date_gmt":"2023-04-11T15:55:33","guid":{"rendered":"https:\/\/ambasciatapraga.esteri.it\/?page_id=39"},"modified":"2026-01-15T09:33:31","modified_gmt":"2026-01-15T08:33:31","slug":"la-sede","status":"publish","type":"page","link":"https:\/\/amblussemburgo.esteri.it\/it\/chi-siamo\/la-sede\/","title":{"rendered":"La Sede"},"content":{"rendered":"<p align=\"center\"><strong>5, rue Marie-Ad\u00e9la\u00efde L-2128 Lussemburgo<\/strong><\/p>\n<p>L\u2019Ambasciata d\u2019Italia a Lussemburgo \u00e8 stata istituita da oltre un secolo. Dal 1933 ha sede nello stesso edificio, nel quartiere di Belair. Nell&#8217;ottobre 2016 \u00e8 stata trasferita in questo edificio anche la Cancelleria Consolare.<\/p>\n<p>In base alla Convenzione di Vienna sulle relazioni diplomatiche del 18 aprile 1961, le funzioni dell\u2019Ambasciata riguardano in particolare:<\/p>\n<p>\u2022 rappresentare l\u2019Italia nel Granducato;<\/p>\n<p>\u2022 proteggere gli interessi dell\u2019Italia e dei suoi cittadini, nei limiti ammessi dal diritto internazionale;<\/p>\n<p>\u2022 negoziare con il governo del Granducato;<\/p>\n<p>\u2022 informarsi, con ogni mezzo lecito, delle condizioni e dell\u2019evoluzione degli avvenimenti nel Granducato e riferire allo Stato italiano;<\/p>\n<p>\u2022 promuovere relazioni amichevoli e sviluppare le relazioni economiche, culturali e scientifiche tra l\u2019Italia ed il Granducato.<\/p>\n<p>L\u2019Ambasciata coordina le attivit\u00e0 di promozione dell\u2019Italia svolte nel Granducato dagli Uffici ICE-Agenzia e ENIT, e dalla Camera di Commercio Italo-Lussemburghese.<\/p>\n<p>Il personale dell\u2019Ambasciata \u00e8 composto sia da dipendenti di ruolo\u00a0del Ministero degli Affari Esteri e della Cooperazione Internazionale sia da impiegato a contratto regolato dalla legge locale o italiana.<\/p>\n<p>&nbsp;<\/p>\n<p align=\"center\"><strong>Contatti<\/strong><\/p>\n<p>5, rue Marie-Ad\u00e9la\u00efde L-2128 Lussemburgo<\/p>\n<p><strong>Centralino Ambasciata<\/strong>: (+352)\u00a0<strong>44 36 44-1<\/strong><\/p>\n<p><strong>Informazioni Consolari<\/strong>: (+352)\u00a0<strong>44 36 44-334<\/strong><\/p>\n<p><strong>ORARIO DI APERTURA AL PUBBLICO: Dal luned\u00ec al venerd\u00ec: ore 09:00 &#8211; 12:30 + gioved\u00ec pomeriggio: 14:00 &#8211; 16:30<\/strong><\/p>\n<p><strong>ORARIO DI SERVIZIO TELEFONICO<\/strong>: Dal luned\u00ec al venerd\u00ec: ore 09:00 &#8211; 13:00 e 14:00 &#8211; 16:30<\/p>\n<p>&nbsp;<\/p>\n<p><strong>Numero di reperibilit\u00e0:<\/strong>\u00a0(+352) 621 131 566\u00a0<strong>esclusivamente in caso di comprovata emergenza:<\/strong><\/p>\n<p>nei giorni feriali dalle ore 17:00 alle 22:00 &#8211; sabato, domenica e giorni festivi dalle ore 08:00 alle 22:00<\/p>\n<p>Il cellulare di reperibilit\u00e0 \u00e8 adibito\u00a0esclusivamente alla segnalazione di situazioni di grave e comprovata emergenza, che richiedano interventi immediati e non differibili (quali: incidenti, arresti, decessi, pericolo per l&#8217;incolumit\u00e0 fisica delle persone e simili, calamit\u00e0 naturali).<\/p>\n<p>Non si potr\u00e0 dare seguito a chiamate per pratiche consolari ordinarie (passaporti, AIRE, ecc.) o per informazioni di carattere generale.<\/p>\n<p>&nbsp;<\/p>\n<p><strong>Calendario delle festivit\u00e0 2026 \u2013 (Chiusura della Sede)<\/strong><\/p>\n<p>\u2022 Capodanno \u2013 1 gennaio<\/p>\n<p>\u2022 Lunedi dell\u2019Angelo \u2013 6 aprile<\/p>\n<p>\u2022 Festa del Lavoro \u2013 1 maggio<\/p>\n<p>\u2022 Ascensione \u2013 14 maggio<\/p>\n<p>\u2022 Lunedi di Pentecoste \u2013 25 maggio<\/p>\n<p>\u2022 Festa della Repubblica Italiana \u2013 2 giugno<\/p>\n<p>\u2022 Festa Nazionale Lussemburghese \u2013 23 giugno<\/p>\n<p>\u2022 Assunzione \u2013 15 agosto<\/p>\n<p>\u2022 Tutti i Santi \u2013 1 novembre<\/p>\n<p>\u2022 Natale \u2013 25 dicembre<\/p>\n<p>\u2022 Santo Stefano \u2013 26 dicembre<\/p>\n","protected":false},"excerpt":{"rendered":"5, rue Marie-Ad\u00e9la\u00efde L-2128 Lussemburgo L\u2019Ambasciata d\u2019Italia a Lussemburgo \u00e8 stata istituita da oltre un secolo. Dal 1933 ha sede nello stesso edificio, nel quartiere di Belair. Nell&#8217;ottobre 2016 \u00e8 stata trasferita in questo edificio anche la Cancelleria Consolare. In base alla Convenzione di Vienna sulle relazioni diplomatiche del 18 aprile 1961, le funzioni dell\u2019Ambasciata [&hellip;]","protected":false},"author":1,"featured_media":0,"parent":13,"menu_order":2,"comment_status":"closed","ping_status":"closed","template":"","meta":{"footnotes":""},"class_list":["post-39","page","type-page","status-publish","hentry"],"_links":{"self":[{"href":"https:\/\/amblussemburgo.esteri.it\/it\/wp-json\/wp\/v2\/pages\/39","targetHints":{"allow":["GET"]}}],"collection":[{"href":"https:\/\/amblussemburgo.esteri.it\/it\/wp-json\/wp\/v2\/pages"}],"about":[{"href":"https:\/\/amblussemburgo.esteri.it\/it\/wp-json\/wp\/v2\/types\/page"}],"author":[{"embeddable":true,"href":"https:\/\/amblussemburgo.esteri.it\/it\/wp-json\/wp\/v2\/users\/1"}],"replies":[{"embeddable":true,"href":"https:\/\/amblussemburgo.esteri.it\/it\/wp-json\/wp\/v2\/comments?post=39"}],"version-history":[{"count":6,"href":"https:\/\/amblussemburgo.esteri.it\/it\/wp-json\/wp\/v2\/pages\/39\/revisions"}],"predecessor-version":[{"id":4232,"href":"https:\/\/amblussemburgo.esteri.it\/it\/wp-json\/wp\/v2\/pages\/39\/revisions\/4232"}],"up":[{"embeddable":true,"href":"https:\/\/amblussemburgo.esteri.it\/it\/wp-json\/wp\/v2\/pages\/13"}],"wp:attachment":[{"href":"https:\/\/amblussemburgo.esteri.it\/it\/wp-json\/wp\/v2\/media?parent=39"}],"curies":[{"name":"wp","href":"https:\/\/api.w.org\/{rel}","templated":true}]}}