{"id":40,"date":"2023-04-11T18:01:19","date_gmt":"2023-04-11T16:01:19","guid":{"rendered":"https:\/\/ambasciatapraga.esteri.it\/?page_id=40"},"modified":"2026-02-25T11:52:26","modified_gmt":"2026-02-25T10:52:26","slug":"gli-uffici","status":"publish","type":"page","link":"https:\/\/amblussemburgo.esteri.it\/it\/chi-siamo\/gli-uffici\/","title":{"rendered":"Gli Uffici"},"content":{"rendered":"<p><strong>INDIRIZZO: 5, rue Marie-Ad\u00e9la\u00efde L-2128 Lussemburgo<\/strong><\/p>\n<p><strong>ORARIO DI APERTURA AL PUBBLICO (Cancelleria Consolare)<\/strong>:<\/p>\n<p>Dal luned\u00ec al venerd\u00ec: ore 9:00 &#8211; 12:30 + gioved\u00ec pomeriggio: 14:00 &#8211; 16:30<\/p>\n<p><em>Si fa presente che nelle fasce orarie chiuse al pubblico, gli operatori consolari sono impegnati nella trattazione delle pratiche in back office (esame di ogni singola pratica, contatti con i Comuni\/Questure, riunioni interne ecc.), mentre se non rispondono con assiduit\u00e0 ai numeri diretti, in particolare la mattina, \u00e8 perch\u00e9 sono occupati ad assistere l&#8217;utente allo sportello, che ha la priorit\u00e0 assoluta durante l&#8217;apertura al pubblico.<\/em><\/p>\n<p>&nbsp;<\/p>\n<p><strong>CONTATTI<\/strong><\/p>\n<p><strong>Email per la Cancelleria Diplomatica :<\/strong>\u00a0<a href=\"mailto:ambasciata.lussemburgo@esteri.it\">ambasciata.lussemburgo@esteri.it<\/a><\/p>\n<p><strong>Email per la Cancelleria Consolare:<\/strong>\u00a0<a href=\"mailto:ambasciata.lussemburgo@esteri.it\">consolare.lux@esteri.it<\/a><\/p>\n<p><a href=\"https:\/\/amblussemburgo.esteri.it\/wp-content\/uploads\/2024\/07\/Netiquette.pdf\"><strong>Netiquette \u2013 Social media Ambasciata<\/strong> <\/a><\/p>\n<p>&nbsp;<\/p>\n<p><strong>Centralino Ambasciata<\/strong>\u00a0: (+352) 44 36 44-1<\/p>\n<p><strong>N.B. :<\/strong> l&#8217;Ambasciata \u00e9 dotata di un solo centralinista a tempo pieno, che risponde potenzialmente a un&#8217;utenza composta da circa 38.000 connazionali. Si ringrazia per la comprensione, potendo contattare anche i singoli uffici via mail\/telefono dopo aver consultato con attenzione il nostro sito web!<\/p>\n<p><strong>Informazioni Consolari :<\/strong>\u00a0(+352) 44 36 44-334\u00a0(oppure:<strong>\u00a0<\/strong>44 36 44-1)<\/p>\n<p><strong>ORARIO DI SERVIZIO TELEFONICO<\/strong>: Dal luned\u00ec al venerd\u00ec: ore 09:00 &#8211; 13:00 e 14:00 &#8211; 16:00<\/p>\n<p>&nbsp;<\/p>\n<p><strong>Numero di reperibilit\u00e0:\u00a0<\/strong>(+352) 621 131 566\u00a0<strong>esclusivamente in caso di\u00a0comprovata emergenza:<\/strong><\/p>\n<p><strong>Fasce coperte<\/strong>: giorni feriali dalle ore 17:00 alle 22:00 &#8211; sabato, domenica e giorni festivi dalle ore 08:00 alle 22:00<\/p>\n<p>N.B.\u00a0<strong>Il numero di reperibilit\u00e0 \u00e8 adibito\u00a0<\/strong><strong>esclusivamente alla segnalazione di situazioni di grave e comprovata emergenza<\/strong>, che richiedano interventi immediati e non differibili (quali: incidenti, arresti, decessi, pericolo per l&#8217;incolumit\u00e0 fisica delle persone e simili, calamit\u00e0 naturali). Non si potr\u00e0 dare seguito a chiamate per pratiche consolari ordinarie (passaporti, AIRE, ecc.) o per informazioni di carattere generale.<\/p>\n<p>*****************************************************************************************************************<\/p>\n<p>&nbsp;<\/p>\n<p><strong>\u2022 AMBASCIATORE : S.E. Carmine ROBUSTELLI<\/strong><\/p>\n<p>Tel. segreteria: (+352) 44 36 44 &#8211; 322 \/ (+352) 44 36 44 &#8211; 317<\/p>\n<p>Email:\u00a0<a href=\"mailto:segreteria.lussemburgo@esteri.it\">segreteria.lussemburgo@esteri.it<\/a><\/p>\n<p>&nbsp;<\/p>\n<p><strong>CANCELLERIA DIPLOMATICA<\/strong><\/p>\n<p>&nbsp;<\/p>\n<p><strong>Vice Capo Missione<\/strong><\/p>\n<p><strong>Dott. Damiano Rampini<\/strong><\/p>\n<p>Email:\u00a0<a href=\"mailto:ambasciata.lussemburgo@esteri.it\">ambasciata.lussemburgo@esteri.it<\/a><\/p>\n<p>&nbsp;<\/p>\n<p><strong>Ufficio Amministrativo &#8211; Contabile<\/strong><strong><br \/>\n<\/strong><\/p>\n<p>Tel.: (+352) 44 36 44 &#8211; 328<\/p>\n<p>Email:\u00a0<a href=\"mailto:contabile.lussemburgo@esteri.it\">contabile.lussemburgo@esteri.it<\/a><\/p>\n<p>&nbsp;<\/p>\n<p><strong>Ufficio per la promozione integrata<\/strong><strong>\u00a0(Attivit\u00e0 culturali e sostegno alle imprese)<\/strong><\/p>\n<p><strong>Settori Economia e Scienza<\/strong><\/p>\n<p>Tel.: (+352) 44 36 44 -340<\/p>\n<p>Email:\u00a0<a href=\"mailto:commerciale.lussemburgo@esteri.it\">commerciale.lussemburgo@esteri.it<\/a><\/p>\n<p><strong>Settore Cultura<\/strong><\/p>\n<p>Tel.: (+352) 44 36 44 -340\u00a0 \/ (+352) 44 36 44 -345<\/p>\n<p>Email:\u00a0<a href=\"mailto:culturale.lussemburgo@esteri.it\">culturale.lussemburgo@esteri.it<\/a><\/p>\n<p>&nbsp;<\/p>\n<p><strong>Archivio<\/strong><\/p>\n<p>Tel.: (+352) 44 36 44 -316<\/p>\n<p><a href=\"mailto:archivio.lussemburgo@esteri.it\">archivio.lussemburgo@esteri.it<\/a><\/p>\n<p>&nbsp;<\/p>\n<p>&nbsp;<\/p>\n<p><strong>CANCELLERIA CONSOLARE<\/strong><\/p>\n<p>&nbsp;<\/p>\n<p><strong>\u2022 Capo della Cancelleria Consolare<\/strong><\/p>\n<p><strong>Dott. Damiano Rampini<\/strong><\/p>\n<p>Email:\u00a0<a href=\"mailto:consolare.lux@esteri.it\">consolare.lux@esteri.it<\/a><\/p>\n<p>&nbsp;<\/p>\n<p><strong>\u2022 AIRE (nuove iscrizioni e\/o variazioni di indirizzo)<\/strong><\/p>\n<p>Tel. (+352) 44 36 44 &#8211; 333\u00a0(preferibilmente, dalle ore 14:00 alle 16:00\u00a0fuori orario di sportello)<\/p>\n<p>Email:\u00a0<a href=\"mailto:aire.lux@esteri.it\">aire.lux@esteri.it<\/a><\/p>\n<p>&nbsp;<\/p>\n<p><strong>\u2022 Carte d&#8217;identit\u00e0 elettroniche (CIE)<\/strong><\/p>\n<p>Tel. (+352) 44 36 44 &#8211; 337\u00a0(preferibilmente, dalle ore 14:00 alle 16:00\u00a0fuori orario di sportello)<\/p>\n<p>Email:\u00a0<a href=\"mailto:ci_ambluss@esteri.it\">ci_ambluss@esteri.it<\/a><\/p>\n<p>&nbsp;<\/p>\n<p><strong>\u2022 Cittadinanza<\/strong><\/p>\n<p>Tel. (+352) 44 36 44 &#8211; 337 (preferibimente, dalle ore 14:00 alle 16:00\u00a0fuori orario di sportello)<\/p>\n<p>Email:\u00a0<a href=\"mailto:consolare.lux@esteri.it\">lux.cittadinanza@esteri.it<\/a><\/p>\n<p>&nbsp;<\/p>\n<p><strong>\u2022 Stato Civile<\/strong><\/p>\n<p>Tel. (+352) 44 36 44 &#8211; 423 (preferibilmente, dalle ore 14:00 alle 16:00\u00a0fuori orario di sportello)<\/p>\n<p>Email:\u00a0<a href=\"mailto:lux.statocivile@esteri.it\">lux.statocivile@esteri.it<\/a><\/p>\n<p>&nbsp;<\/p>\n<p><strong>\u2022 Passaporti<\/strong><\/p>\n<p>Tel. (+352) 44 36 44 &#8211; 336 (preferibilmente, dalle ore 14:00 alle 16:00\u00a0fuori orario di sportello)<\/p>\n<p>Email:\u00a0<a href=\"mailto:passaporti.lux@esteri.it\">passaporti.lux@esteri.it<\/a><\/p>\n<p>&nbsp;<\/p>\n<p><strong>\u2022 Notarile, assistenza sociale e altri servizi\u00a0<\/strong>(elettorale, codici fiscali, autentiche di firma, notifiche,\u00a0ecc.)<\/p>\n<p>Tel. (+352) 44 36 44 &#8211; 339 (preferibilmente, dalle ore 14:00 alle 16:00 fuori orario di sportello)<\/p>\n<p>Email:\u00a0<a href=\"mailto:notarile.lux@esteri.it\">notarile.lux@esteri.it<\/a><\/p>\n<p>&nbsp;<\/p>\n<p><strong>Sportello polivalente e informazioni consolari<\/strong><\/p>\n<p>Tel. (+352) 44 36 44 &#8211; 334 (preferibilmente, dalle ore 09:00 alle 13:00)<\/p>\n<p>E-mail:\u00a0<a href=\"mailto:consolare.lux@esteri.it\">consolare.lux@esteri.it<\/a><\/p>\n<p>In alternativa, anche il centralino potr\u00e0 fornire informazioni sui servizi consolari\u00a0<strong>al numero (+352) 44 36 44 1<\/strong><\/p>\n<p>&nbsp;<\/p>\n<p>&nbsp;<\/p>\n<p><strong>Data di ultimo aggiornamento: 01\/07\/2024\u00a0<\/strong><\/p>\n","protected":false},"excerpt":{"rendered":"INDIRIZZO: 5, rue Marie-Ad\u00e9la\u00efde L-2128 Lussemburgo ORARIO DI APERTURA AL PUBBLICO (Cancelleria Consolare): Dal luned\u00ec al venerd\u00ec: ore 9:00 &#8211; 12:30 + gioved\u00ec pomeriggio: 14:00 &#8211; 16:30 Si fa presente che nelle fasce orarie chiuse al pubblico, gli operatori consolari sono impegnati nella trattazione delle pratiche in back office (esame di ogni singola pratica, contatti [&hellip;]","protected":false},"author":1,"featured_media":0,"parent":13,"menu_order":4,"comment_status":"closed","ping_status":"closed","template":"","meta":{"footnotes":""},"class_list":["post-40","page","type-page","status-publish","hentry"],"_links":{"self":[{"href":"https:\/\/amblussemburgo.esteri.it\/it\/wp-json\/wp\/v2\/pages\/40","targetHints":{"allow":["GET"]}}],"collection":[{"href":"https:\/\/amblussemburgo.esteri.it\/it\/wp-json\/wp\/v2\/pages"}],"about":[{"href":"https:\/\/amblussemburgo.esteri.it\/it\/wp-json\/wp\/v2\/types\/page"}],"author":[{"embeddable":true,"href":"https:\/\/amblussemburgo.esteri.it\/it\/wp-json\/wp\/v2\/users\/1"}],"replies":[{"embeddable":true,"href":"https:\/\/amblussemburgo.esteri.it\/it\/wp-json\/wp\/v2\/comments?post=40"}],"version-history":[{"count":6,"href":"https:\/\/amblussemburgo.esteri.it\/it\/wp-json\/wp\/v2\/pages\/40\/revisions"}],"predecessor-version":[{"id":4399,"href":"https:\/\/amblussemburgo.esteri.it\/it\/wp-json\/wp\/v2\/pages\/40\/revisions\/4399"}],"up":[{"embeddable":true,"href":"https:\/\/amblussemburgo.esteri.it\/it\/wp-json\/wp\/v2\/pages\/13"}],"wp:attachment":[{"href":"https:\/\/amblussemburgo.esteri.it\/it\/wp-json\/wp\/v2\/media?parent=40"}],"curies":[{"name":"wp","href":"https:\/\/api.w.org\/{rel}","templated":true}]}}