{"id":41,"date":"2023-04-11T18:07:19","date_gmt":"2023-04-11T16:07:19","guid":{"rendered":"https:\/\/ambasciatapraga.esteri.it\/?page_id=41"},"modified":"2023-11-27T09:52:44","modified_gmt":"2023-11-27T08:52:44","slug":"numeri-di-emergenza","status":"publish","type":"page","link":"https:\/\/amblussemburgo.esteri.it\/it\/chi-siamo\/numeri-di-emergenza\/","title":{"rendered":"Numeri di emergenza"},"content":{"rendered":"<p>Per informazioni generali ed operative sulla sicurezza in Lussemburgo, consulta il sito dell\u2019Unit\u00e0 di crisi della Farnesina &#8220;<a href=\"http:\/\/www.viaggiaresicuri.it\/paesi\/dettaglio\/lussemburgo.html?no_cache=1\"><strong>Viaggiare Sicuri<\/strong>&#8220;.<\/a><\/p>\n<p>Se programmi un viaggio o risiedi in Lussemburgo, non dimenticare di registrarti al sito &#8220;<a href=\"https:\/\/www.dovesiamonelmondo.it\/home.html\"><strong>Dove siamo nel Mondo<\/strong><\/a>&#8221; per essere rintracciato in caso di emergenza.<\/p>\n<p><strong>Cellulare di reperibilit\u00e0:\u00a0<\/strong>+352 621 131 566<\/p>\n<p>Da utilizzare solo in caso di\u00a0<strong>comprovata emergenza<\/strong>:<\/p>\n<p><strong>Fasce coperte<\/strong>: dal luned\u00ec al venerd\u00ec dalle ore 17:00 alle 22:00 \u2013 sabato, domenica e giorni festivi dalle ore 08:00 alle 22:00<\/p>\n<p>N.B.\u00a0<strong>Il numero di reperibilit\u00e0 \u00e8 adibito\u00a0<\/strong><strong>esclusivamente alla segnalazione di situazioni di grave e comprovata emergenza<\/strong>, che richiedano interventi immediati e non differibili (quali: incidenti, arresti, decessi, pericolo per l\u2019incolumit\u00e0 fisica delle persone e simili, calamit\u00e0 naturali). Non si potr\u00e0 dare seguito a chiamate per pratiche consolari ordinarie (passaporti, AIRE, ecc.) o per informazioni di carattere generale.<\/p>\n<p>*****************************************************************************************************************<\/p>\n<p>&nbsp;<\/p>\n","protected":false},"excerpt":{"rendered":"Per informazioni generali ed operative sulla sicurezza in Lussemburgo, consulta il sito dell\u2019Unit\u00e0 di crisi della Farnesina &#8220;Viaggiare Sicuri&#8220;. Se programmi un viaggio o risiedi in Lussemburgo, non dimenticare di registrarti al sito &#8220;Dove siamo nel Mondo&#8221; per essere rintracciato in caso di emergenza. Cellulare di reperibilit\u00e0:\u00a0+352 621 131 566 Da utilizzare solo in caso [&hellip;]","protected":false},"author":1,"featured_media":0,"parent":13,"menu_order":6,"comment_status":"closed","ping_status":"closed","template":"","meta":{"footnotes":""},"class_list":["post-41","page","type-page","status-publish","hentry"],"_links":{"self":[{"href":"https:\/\/amblussemburgo.esteri.it\/it\/wp-json\/wp\/v2\/pages\/41","targetHints":{"allow":["GET"]}}],"collection":[{"href":"https:\/\/amblussemburgo.esteri.it\/it\/wp-json\/wp\/v2\/pages"}],"about":[{"href":"https:\/\/amblussemburgo.esteri.it\/it\/wp-json\/wp\/v2\/types\/page"}],"author":[{"embeddable":true,"href":"https:\/\/amblussemburgo.esteri.it\/it\/wp-json\/wp\/v2\/users\/1"}],"replies":[{"embeddable":true,"href":"https:\/\/amblussemburgo.esteri.it\/it\/wp-json\/wp\/v2\/comments?post=41"}],"version-history":[{"count":6,"href":"https:\/\/amblussemburgo.esteri.it\/it\/wp-json\/wp\/v2\/pages\/41\/revisions"}],"predecessor-version":[{"id":1520,"href":"https:\/\/amblussemburgo.esteri.it\/it\/wp-json\/wp\/v2\/pages\/41\/revisions\/1520"}],"up":[{"embeddable":true,"href":"https:\/\/amblussemburgo.esteri.it\/it\/wp-json\/wp\/v2\/pages\/13"}],"wp:attachment":[{"href":"https:\/\/amblussemburgo.esteri.it\/it\/wp-json\/wp\/v2\/media?parent=41"}],"curies":[{"name":"wp","href":"https:\/\/api.w.org\/{rel}","templated":true}]}}