{"id":414,"date":"2023-10-04T09:51:52","date_gmt":"2023-10-04T07:51:52","guid":{"rendered":"https:\/\/amblussemburgo.esteri.it\/?page_id=414"},"modified":"2023-10-04T09:54:38","modified_gmt":"2023-10-04T07:54:38","slug":"spid-sistema-pubblico-di-identita-digitale","status":"publish","type":"page","link":"https:\/\/amblussemburgo.esteri.it\/it\/servizi-consolari-e-visti\/servizi-per-il-cittadino-italiano\/servizi-notarili\/notarile-e-sociale\/spid-sistema-pubblico-di-identita-digitale\/","title":{"rendered":"SPID &#8211; Sistema Pubblico di Identit\u00e0 Digitale"},"content":{"rendered":"<p>SPID, il Sistema Pubblico di Identit\u00e0 Digitale, \u00e8 la soluzione che permette di accedere ai servizi online della Pubblica Amministrazione e dei soggetti privati aderenti con un&#8217;unica Identit\u00e0 Digitale (username e password) utilizzabile da computer, tablet e smartphone.<\/p>\n<p>L\u2019utilizzo dello SPID \u00e8 gratuito.<\/p>\n<p>Anche richiedere SPID \u00e8 gratuito, ma alcune forme di riconoscimento da parte degli operatori potrebbero essere a pagamento.<\/p>\n<p>SPID \u00e8 semplice: prenotazioni sanitarie, iscrizioni scolastiche, accesso alla rete wi-fi pubblica, pratiche d&#8217;impresa, etc. con un\u2019unica password.<\/p>\n<p>SPID \u00e8 sicuro: Il sistema SPID assicura la piena protezione dei tuoi dati personali, non \u00e8 consentito alcun tipo di profilazione; la tua privacy \u00e8 garantita.<\/p>\n<p>SPID \u00e8 veloce: \u00e8 possibile accedere velocemente ai servizi online della pubblica amministrazione e dei soggetti privati aderenti ovunque ti trovi e da qualsiasi dispositivo.<\/p>\n<p>&nbsp;<\/p>\n<p><strong>Richiedi SPID<\/strong><\/p>\n<p>Per richiedere e ottenere le tue credenziali SPID, il Sistema Pubblico di Identit\u00e0 Digitale, devi esser maggiorenne.<\/p>\n<p>Avrai bisogno di:<\/p>\n<p>\u2022 un indirizzo e-mail<br \/>\n\u2022 il numero di telefono del cellulare che usi normalmente (anche straniero)<br \/>\n\u2022 un documento di identit\u00e0 italiano valido (uno tra: carta di identit\u00e0 o passaporto).Puo essere accettata anche la patente. Durante la registrazione pu\u00f2 esser necessario fotografarli e allegarli al form che compilerai<br \/>\n\u2022 il codice fiscale (in assenza di codice fiscale, \u00e8 possibile farne richiesta all\u2019ufficio consolare. Far\u00e0 fede il foglio dell\u2019Agenzia delle Entrate vidimato dall\u2019ufficio consolare).\u00a0<strong>Se sei residente in Lussemburgo e iscritto all&#8217;AIRE, per ottenere il codice fiscale, <a href=\"https:\/\/amblussemburgo.esteri.it\/it\/servizi-consolari-e-visti\/servizi-per-il-cittadino-italiano\/servizi-notarili\/notarile-e-sociale\/codice-fiscale-pin-code-incentivi-fiscali\/\">clicca\u00a0QUI.<\/a>\u00a0<\/strong><\/p>\n<p><strong>Cosa fare per ottenere SPID<\/strong><\/p>\n<p>Scegli uno tra gli Identity provider (<a href=\"https:\/\/www.spid.gov.it\/richiedi-spid\">https:\/\/www.spid.gov.it\/richiedi-spid<\/a>)\u00a0e registrati sul loro sito.<\/p>\n<p>La registrazione consiste in 3 step:<br \/>\n1. Inserisci i dati anagrafici;<br \/>\n2. Crea le tue credenziali SPID;<br \/>\n3. Effettua il riconoscimento a scelta tra: di persona (solo in Italia)\u00a0\/ online \/ tramite\u00a0<strong>CIE<\/strong>, CNS,\u00a0<strong>passaporto<\/strong>\u00a0o firma digitale.<\/p>\n<p>I tempi di rilascio dell&#8217;identit\u00e0 digitale dipendono dai singoli Identity Provider.<\/p>\n<p><strong>Come scegliere tra i diversi Identity Provider<\/strong><\/p>\n<p>Gli Identity Provider forniscono diverse modalit\u00e0 di registrazione gratuitamente o a pagamento e i rispettivi SPID hanno diversi livelli di sicurezza.<\/p>\n<p>La tabella qui riportata (<a href=\"https:\/\/www.spid.gov.it\/richiedi-spid\">https:\/\/www.spid.gov.it\/richiedi-spid<\/a>) fornisce un quadro aggiornato della situazione. In particolare, si consiglia di soffermarsi sui seguenti parametri.<\/p>\n<p>\u2022 Scegli la modalit\u00e0 di riconoscimento che ti risulta pi\u00f9 comoda (di persona, tramite Carta d\u2019Identit\u00e0 Elettronica (CIE), Carta Nazionale dei Servizi (CNS), Passaporto biometrico, Firma Digitale o tramite webcam)<br \/>\n\u2022 Scegli sulla base del livello di sicurezza di SPID che ti serve<br \/>\n\u2022 Se sei gi\u00e0 cliente di uno degli Identity Provider, potresti avere un flusso di registrazione semplificato<\/p>\n<p>\u2022\u00a0\u00a0<img loading=\"lazy\" decoding=\"async\" src=\"https:\/\/amblussemburgo.esteri.it\/ambasciata_lussemburgo\/resource\/template\/img_servizi\/danger.gif\" alt=\"danger\" width=\"53\" height=\"52\" \/>\u00a0\u00a0<strong>Se sei un cittadino italiano residente all\u2019estero, fai attenzione a chi offre il servizio per l\u2019estero: scegli l\u2019Identity Provider che mostra l\u2019icona \u201cMondo\u201d o \u201cEU\u201d<\/strong><\/p>\n<p>\u2022 Ricorda che anche usando la CIE, la CNS, il Passaporto biometrico e la firma digitale puoi ottenere SPID da remoto (a distanza). Visita i siti dei diversi gestori per verificare le condizioni di rilascio e scegliere quella pi\u00f9 utile per te.<\/p>\n<p><strong>Dove puoi usare SPID<\/strong><\/p>\n<p>A questo link puoi cercare tra i servizi abilitati SPID di oltre 4000 amministrazioni e trovare l\u2019elenco dei fornitori di servizi privati. Puoi accedere al portale \u201cFast It\u201d della Farnesina dedicato ai servizi consolari con le credenziali SPID (<a href=\"https:\/\/serviziconsolarionline.esteri.it\/\">https:\/\/serviziconsolarionline.esteri.it<\/a>)<\/p>\n<p><strong>Domande frequenti:<\/strong>\u00a0<a href=\"https:\/\/www.spid.gov.it\/domande-frequenti\">https:\/\/www.spid.gov.it\/domande-frequenti<\/a><\/p>\n<p><strong>Video tutorial:<\/strong>\u00a0visita il sito istituzionale\u00a0<a href=\"http:\/\/www.spid.gov.it\/\">www.spid.gov.it<\/a>\u00a0per video tutorial sul riconoscimento via webcam, sul riconoscimento di persona e sul riconoscimento online.<\/p>\n<p><strong>Per aggiornamenti ed approfondimenti:<\/strong>\u00a0<a href=\"http:\/\/www.spid.gov.it\/\">www.spid.gov.it<\/a><\/p>\n","protected":false},"excerpt":{"rendered":"SPID, il Sistema Pubblico di Identit\u00e0 Digitale, \u00e8 la soluzione che permette di accedere ai servizi online della Pubblica Amministrazione e dei soggetti privati aderenti con un&#8217;unica Identit\u00e0 Digitale (username e password) utilizzabile da computer, tablet e smartphone. L\u2019utilizzo dello SPID \u00e8 gratuito. Anche richiedere SPID \u00e8 gratuito, ma alcune forme di riconoscimento da parte [&hellip;]","protected":false},"author":8,"featured_media":0,"parent":332,"menu_order":0,"comment_status":"closed","ping_status":"closed","template":"","meta":{"footnotes":""},"class_list":["post-414","page","type-page","status-publish","hentry"],"_links":{"self":[{"href":"https:\/\/amblussemburgo.esteri.it\/it\/wp-json\/wp\/v2\/pages\/414","targetHints":{"allow":["GET"]}}],"collection":[{"href":"https:\/\/amblussemburgo.esteri.it\/it\/wp-json\/wp\/v2\/pages"}],"about":[{"href":"https:\/\/amblussemburgo.esteri.it\/it\/wp-json\/wp\/v2\/types\/page"}],"author":[{"embeddable":true,"href":"https:\/\/amblussemburgo.esteri.it\/it\/wp-json\/wp\/v2\/users\/8"}],"replies":[{"embeddable":true,"href":"https:\/\/amblussemburgo.esteri.it\/it\/wp-json\/wp\/v2\/comments?post=414"}],"version-history":[{"count":2,"href":"https:\/\/amblussemburgo.esteri.it\/it\/wp-json\/wp\/v2\/pages\/414\/revisions"}],"predecessor-version":[{"id":417,"href":"https:\/\/amblussemburgo.esteri.it\/it\/wp-json\/wp\/v2\/pages\/414\/revisions\/417"}],"up":[{"embeddable":true,"href":"https:\/\/amblussemburgo.esteri.it\/it\/wp-json\/wp\/v2\/pages\/332"}],"wp:attachment":[{"href":"https:\/\/amblussemburgo.esteri.it\/it\/wp-json\/wp\/v2\/media?parent=414"}],"curies":[{"name":"wp","href":"https:\/\/api.w.org\/{rel}","templated":true}]}}