{"id":45,"date":"2023-04-11T18:10:55","date_gmt":"2023-04-11T16:10:55","guid":{"rendered":"https:\/\/ambasciatapraga.esteri.it\/?page_id=45"},"modified":"2024-11-12T11:58:24","modified_gmt":"2024-11-12T10:58:24","slug":"diplomazia-scientifica","status":"publish","type":"page","link":"https:\/\/amblussemburgo.esteri.it\/it\/italia-e-lussemburgo\/diplomazia-scientifica\/","title":{"rendered":"Diplomazia scientifica"},"content":{"rendered":"<h1>Cooperazione scientifica e tecnologica<\/h1>\n<h4>Il portale Innovitalia \u00e9 il principale punto di riferimento per i ricercatori italiani all&#8217;estero e per le attivit\u00e0 di Diplomazia Scientifica della Farnesina.<\/h4>\n<p>Se sei un connazionale impegnato in attivit\u00e0 scientifiche e tecnologiche all&#8217;estero, puoi\u00a0consultare e iscriverti\u00a0al portale Innovitalia che contiene notizie,\u00a0opportunit\u00e0, incarichi e bandi\u00a0MAECI, eventi e molto altro nei settori della ricerca e dell&#8217;innovazione:<\/p>\n<p><a href=\"https:\/\/innovitalia.esteri.it\/\">https:\/\/innovitalia.esteri.it\/<\/a><\/p>\n<p>Si segnala che fino al 31 gennaio 2025 sar\u00e0 possibile presentare candidature per i seguenti premi:<\/p>\n<ul>\n<li>Italian bilateral scientific cooperation award<\/li>\n<li>L&#8217;innovazione che parla italiano<\/li>\n<li>Science, she says!<\/li>\n<\/ul>\n<p>I tre bandi e le informazioni sono disponibili al seguente link:<\/p>\n<p><a href=\"https:\/\/amblussemburgo.esteri.it\/it\/news\/dall_ambasciata\/2024\/11\/raccolta-candidature-per-i-premi-farnesina-italian-bilateral-scientific-cooperation-award-linnovazione-che-parla-italiano-e-science-she-says\/\">RACCOLTA CANDIDATURE PER I PREMI \u201cFARNESINA \u2013 ITALIAN BILATERAL SCIENTIFIC COOPERATION AWARD\u201d, \u201cL\u2019INNOVAZIONE CHE PARLA ITALIANO\u201d E \u201cSCIENCE, SHE SAYS!\u201d. \u2013 Ambasciata d&#8217; Italia Lussemburgo<\/a><\/p>\n","protected":false},"excerpt":{"rendered":"Cooperazione scientifica e tecnologica Il portale Innovitalia \u00e9 il principale punto di riferimento per i ricercatori italiani all&#8217;estero e per le attivit\u00e0 di Diplomazia Scientifica della Farnesina. Se sei un connazionale impegnato in attivit\u00e0 scientifiche e tecnologiche all&#8217;estero, puoi\u00a0consultare e iscriverti\u00a0al portale Innovitalia che contiene notizie,\u00a0opportunit\u00e0, incarichi e bandi\u00a0MAECI, eventi e molto altro nei settori [&hellip;]","protected":false},"author":1,"featured_media":0,"parent":14,"menu_order":4,"comment_status":"closed","ping_status":"closed","template":"","meta":{"footnotes":""},"class_list":["post-45","page","type-page","status-publish","hentry"],"_links":{"self":[{"href":"https:\/\/amblussemburgo.esteri.it\/it\/wp-json\/wp\/v2\/pages\/45","targetHints":{"allow":["GET"]}}],"collection":[{"href":"https:\/\/amblussemburgo.esteri.it\/it\/wp-json\/wp\/v2\/pages"}],"about":[{"href":"https:\/\/amblussemburgo.esteri.it\/it\/wp-json\/wp\/v2\/types\/page"}],"author":[{"embeddable":true,"href":"https:\/\/amblussemburgo.esteri.it\/it\/wp-json\/wp\/v2\/users\/1"}],"replies":[{"embeddable":true,"href":"https:\/\/amblussemburgo.esteri.it\/it\/wp-json\/wp\/v2\/comments?post=45"}],"version-history":[{"count":3,"href":"https:\/\/amblussemburgo.esteri.it\/it\/wp-json\/wp\/v2\/pages\/45\/revisions"}],"predecessor-version":[{"id":2948,"href":"https:\/\/amblussemburgo.esteri.it\/it\/wp-json\/wp\/v2\/pages\/45\/revisions\/2948"}],"up":[{"embeddable":true,"href":"https:\/\/amblussemburgo.esteri.it\/it\/wp-json\/wp\/v2\/pages\/14"}],"wp:attachment":[{"href":"https:\/\/amblussemburgo.esteri.it\/it\/wp-json\/wp\/v2\/media?parent=45"}],"curies":[{"name":"wp","href":"https:\/\/api.w.org\/{rel}","templated":true}]}}