{"id":68,"date":"2023-04-11T18:18:08","date_gmt":"2023-04-11T16:18:08","guid":{"rendered":"https:\/\/ambasciatapraga.esteri.it\/?page_id=68"},"modified":"2026-02-27T13:44:12","modified_gmt":"2026-02-27T12:44:12","slug":"stato-civile","status":"publish","type":"page","link":"https:\/\/amblussemburgo.esteri.it\/it\/servizi-consolari-e-visti\/servizi-per-il-cittadino-italiano\/stato-civile\/","title":{"rendered":"STATO CIVILE"},"content":{"rendered":"<p><strong>***Avvertiamo la gentile utenza che per poter procedere a qualsiasi pratica, l\u2019indirizzo deve essere aggiornato all\u2019albo consolare (AIRE). Si prega di comunicare per tempo tramite FAST IT o per via postale***<\/strong><\/p>\n<p>Si ricorda ai connazionali che presso questa Cancelleria Consolare \u00e8 possibile effettuare pagamenti anche con carta di debito (<strong>circuito V PAY lussemburghese<\/strong>).<\/p>\n<p><strong>ATTENZIONE: Per motivi di contabilit\u00e0 interna, nell\u2019ultimo giorno lavorativo di ogni trimestre (Marted\u00ec 31 marzo 2026; marted\u00ec 30 giugno 2026; mercoled\u00ec 30 settembre 2026; gioved\u00ec 31 dicembre 2026),<\/strong> \u00e8 consentito il pagamento <strong><u>esclusivamente in contanti<\/u><\/strong>.<\/p>\n<p>Il pagamento in contanti rimane possibile, a scelta dell\u2019utente, per tutti i servizi consolari.<\/p>\n<p><strong>N.B.<\/strong> Per qualsiasi richiesta di trascrizione di atti in Italia, gli estratti da richiedere sono i modelli internazionali (<strong>mod. A<\/strong> per le nascite, <strong>mod. B<\/strong> per i matrimoni, <strong>mod. C<\/strong> per i decessi), da fornire in originale all\u2019ufficio di Stato Civile (inviandoli tramite posta ordinaria o portandoli personalmente senza appuntamento durante gli orari di apertura al pubblico). I casi specifici richiedenti altri modelli o documentazione aggiuntiva da allegare sono spiegati qui di seguito.<\/p>\n<h4><a href=\"https:\/\/amblussemburgo.esteri.it\/it\/servizi-consolari-e-visti\/servizi-per-il-cittadino-italiano\/stato-civile\/trascrizione-atti-di-nascita\/\"><strong>Trascrizione atti di nascita<\/strong><\/a><\/h4>\n<p><strong>*************<\/strong><\/p>\n<h3><strong>Matrimonio in Italia<\/strong><\/h3>\n<p><a href=\"https:\/\/amblussemburgo.esteri.it\/wp-content\/uploads\/2025\/10\/1_-_pubb__istruzioni__richiesta_pubb__autocertif-1-1.pdf\">\u2192 Istruzioni e autocertificazione<\/a><\/p>\n<p><a href=\"https:\/\/amblussemburgo.esteri.it\/wp-content\/uploads\/2023\/09\/richiesta_pubblicazioni_per_matrimonio-2.docx\">\u2192 Formulario richiesta pubblicazioni in Italia<\/a><\/p>\n<h3><strong>Matrimonio in Lussemburgo<\/strong><\/h3>\n<p><a href=\"https:\/\/amblussemburgo.esteri.it\/wp-content\/uploads\/2025\/10\/documenti_da_produrre_per_capacita_matrimoniale.pdf\">\u2192 Elenco documenti da produrre per la capacit\u00e0 matrimoniale<\/a><\/p>\n<p><a href=\"https:\/\/amblussemburgo.esteri.it\/wp-content\/uploads\/2023\/09\/richiesta_capacit_matrimoniale_per_matrimonio_in_lussemburgo.pdf\">\u2192 Formulario richiesta capacit\u00e0 matrimoniale<\/a><\/p>\n<h3><strong>TRASCRIZIONE MATRIMONI <\/strong><\/h3>\n<p>In caso di matrimonio celebrato in <strong>Lussemburgo<\/strong>, occorre inviare l\u2019originale dell\u2019estratto di matrimonio modello B\/internazionale (rilasciato dal Comune dove ha avuto luogo l\u2019evento) tramite posta ordinaria o consegnarlo di persona (senza appuntamento, durante gli orari di apertura al pubblico).<\/p>\n<p>In caso di matrimonio celebrato in <strong>Italia<\/strong>, occorre inviare via email all\u2019ufficio di Stato Civile (<span style=\"text-decoration: underline;\">lux.statocivile@esteri.it<\/span>) una copia dell\u2019estratto di matrimonio rilasciato dal Comune italiano dove si \u00e8 celebrato l\u2019evento, riportante gli estremi di trascrizione dell\u2019atto.<\/p>\n<p>In caso di matrimonio <strong>in un Paese che non rilascia l\u2019estratto di matrimonio modello B\/internazionale<\/strong>, occorre inviare l\u2019originale dell\u2019estratto di matrimonio tradotto e apostillato. Nel caso la traduzione venga effettuata in Lussemburgo da un traduttore giurato che ha depositato la firma presso questa Ambasciata, la firma andr\u00e0 legalizzata dietro pagamento di una percezione consolare di 24 euro.<\/p>\n<p><strong>*************<\/strong><\/p>\n<h3><strong>PACS<\/strong><\/h3>\n<p><a href=\"https:\/\/amblussemburgo.esteri.it\/wp-content\/uploads\/2023\/09\/modulo_dichiarazione_pacs.pdf\">\u2192 Modulo dichiarazione PACS<\/a><\/p>\n<p><strong>N.B:<\/strong> anticipare il modulo dichiarazione PACS a <span style=\"text-decoration: underline;\">lux.statocivile@esteri.it<\/span> allegando la seguente documentazione: <strong>fotocopia dell&#8217;atto di nascita<\/strong> <strong>MOD.A\/internazionale <\/strong>(datato da non pi\u00f9 di 6 mesi); <strong>foto<\/strong><strong>copia del documento di riconoscimento<\/strong>\u00a0(passaporto o carta di identit\u00e0);\u00a0<strong>certificato di residenza lussemburghese<\/strong>\u00a0(datato da non pi\u00f9 di 3 mesi). L&#8217;utente sar\u00e0 poi convocato per il rilascio del\u00a0<strong>&#8220;certificato di stato civile&#8221;<\/strong>, documento necessario a dichiarare il\u00a0<a href=\"https:\/\/guichet.public.lu\/fr\/citoyens\/famille\/vie-maritale\/partenariat-pacs\/declaration-partenariat.html\">PACS in Lussemburgo.<\/a><\/p>\n<p>Per il rilascio di certificati di<strong>\u00a0capacit\u00e0 matrimoniale e PACS<\/strong>, occorre anticipare\u00a0via e-mail (in formato PDF) all&#8217;Ufficio Stato Civile\u00a0(\u00a0<a href=\"mailto:lux.statocivile@esteri.it\">lux.statocivile@esteri.it<\/a>)***\u00a0la documentazione sopra indicata (&#8220;Formulario richiesta capacit\u00e0 matrimoniale&#8221; o &#8220;Modulo dichiarazione PACS&#8221; corredato della documentazione richiesta, a seconda dei casi).\u00a0<strong>Successivamente, l&#8217;Ufficio inviter\u00e0 l&#8217;utente a presentarsi per il ritiro dell&#8217;atto<\/strong>\u00a0<strong>una volta predisposto<\/strong>.<\/p>\n<p><strong>!!! PER PACS E CAPACITA&#8217; MATRIMONIALE !!!<\/strong><\/p>\n<p>Unitamente alla suddetta modulistica, le autorit\u00e0 lussemburghesi richiederanno <strong>l\u2019originale dell\u2019estratto di nascita mod. A internazionale, non pi\u00f9 vecchio di 6 mesi<\/strong>.\u00a0Tale documento va richiesto (o fatto richiedere tramite delega accompagnata da un documento di riconoscimento dell\u2019interessato\/a) direttamente presso il comune di nascita (o d\u2019iscrizione all\u2019AIRE, se diverso); in alternativa, \u00e8 possibile richiedere al Comune in Italia di inviarlo via PEC all&#8217;Ambasciata (<strong><span style=\"text-decoration: underline;\">amb.lussemburgo@cert.esteri.it),<\/span><\/strong> ai fini del rilascio di una copia conforme, dietro percezione consolare di \u20ac 10,00.<\/p>\n<h3><strong>CERTIFICATO DI STATO CIVILE<\/strong><\/h3>\n<p>Il certificato di stato civile (contestuale o di conformit\u00e0) indicante la residenza, la cittadinanza e lo stato civile dell\u2019interessato\/a (ed eventualmente, su richiesta specifica, anche paternit\u00e0 e maternit\u00e0) pu\u00f2 essere rilasciato in italiano o in francese.<\/p>\n<p>Pu\u00f2 essere richiesto presso i nostri uffici in orario di apertura al pubblico senza appuntamento. La pratica prevede il pagamento di una percezione consolare di 6 euro.<\/p>\n<p>Si prega di avere l\u2019indirizzo di residenza aggiornato su FAST-IT prima di recarsi in sede.<\/p>\n<p>&nbsp;<\/p>\n<h3><strong>Trascrizione divorzio in Italia<\/strong><\/h3>\n<p>\u2192 Sentenza pronunciata prima del 1 marzo 2001:\u00a0<a href=\"https:\/\/amblussemburgo.esteri.it\/wp-content\/uploads\/2025\/10\/divorzio_prima_del_2001_info_e_istanza-1-06102025.doc\">elenco documenti da presentare e istanza<\/a><\/p>\n<p>\u2192 Sentenza pronunciata dopo il 1 marzo 2001:\u00a0<a href=\"https:\/\/amblussemburgo.esteri.it\/wp-content\/uploads\/2025\/10\/divorzio_dopo_il_2001_info_e_istanza-1-06102025.doc\">elenco documenti da presentare e istanza<\/a><\/p>\n<p>Per trascrizioni di divorzio, pratiche di riconoscimento di figlio naturale e pubblicazioni di matrimonio, l&#8217;Ufficio Stato Civile riceve\u00a0<strong>SOLO su appuntamento<\/strong>, da richiedere via mail a:\u00a0<a href=\"mailto:lux.statocivile@esteri.it\">lux.statocivile@esteri.it<\/a>.<\/p>\n<p>Per la trascrizione di atti (matrimonio, decesso, nascita), la documentazione originale va trasmessa<strong> per posta cartacea (preferibilmente raccomandata con ricevuta di ritorno).<\/strong><\/p>\n<h3><strong>CAMBIO\/AGGIUNTA DI NOME\/COGNOME<\/strong><\/h3>\n<p>Scaricare dal sito della Prefettura competente rispetto al comune di iscrizione AIRE i formulari specifici, compilarli e firmarli (in caso di minore devono firmare entrambi i genitori). *<\/p>\n<p>Redigere una dichiarazione ben circostanziata indicando le motivazioni che si adducono a sostegno della richiesta;<\/p>\n<p>Compilare e firmare la <strong>dichiarazione sostitutiva dell\u2019atto di notoriet\u00e0<\/strong> (<a href=\"https:\/\/amblussemburgo.esteri.it\/wp-content\/uploads\/2025\/10\/Dichiarazione-sostitutiva-di-certificazione.docx\">dich. sostitutiva<\/a>)<\/p>\n<p>Allegare, se del caso, atto di nascita, certificato di residenza, certificato del casellario giudiziale dell\u2019interessato\/a o dei genitori del\/la minore, copia del passaporto o carta di identit\u00e0 delle persone coinvolte nel cambio\/aggiunta cognome\/nome.<\/p>\n<p>In caso di possesso di doppia cittadinanza, ove sia gi\u00e0 stato effettuato il cambio\/aggiunta di nome\/cognome, presentare anche il decreto emesso dalle autorit\u00e0 dell\u2019altro paese, tradotto da un traduttore giurato (la cui firma dovr\u00e0 essere legalizzata)<\/p>\n<p>La suddetta documentazione in originale potr\u00e0 essere presentata a sportello senza appuntamento o inviata tramite posta ordinaria.<\/p>\n<p>*\u00a0 All&#8217;atto della presentazione della documentazione, \u00e8 necessario produrre la ricevuta di <strong>pagamento dell&#8217;imposta di bollo di 16\u20ac<\/strong>.<\/p>\n<p>Di seguito le coordinate per poter effettuare il bonifico:<\/p>\n<p>BENEFICIARIO: Ministero dell\u2019Economia e delle Finanze<br \/>\nIBAN: IT79Z0100003245BE00000000QK<br \/>\nBIC: BITAITRRENT<br \/>\nCAUSALE: \u2018codice fiscale del contribuente\u2019 \u2013 Bollo su istanza Prefettura \u2013 anno di riferimento (AAAA) oppure mese\/anno (MM\/AAAA)<br \/>\nIMPORTO: 16 euro<\/p>\n<h3><strong>CORREZIONE D\u2019UFFICIO<\/strong><\/h3>\n<p>In caso di inesattezze imputabili ad errori del comune italiano in fase di trascrizione, \u00e8 possibile fare richiesta di <strong>correzione d\u2019ufficio,<\/strong>\u00a0allegando la documentazione comprovante l\u2019errata registrazione da parte del comune (anticipandola via email all\u2019indirizzo <a href=\"mailto:lux.statocivile@esteri.it\">lux.statocivile@esteri.it<\/a>).<\/p>\n<p>&nbsp;<\/p>\n<p>Per eventuali chiarimenti: +352 443644 423\/338 (preferibilmente, dalle ore 14:00 alle 16:30).<\/p>\n","protected":false},"excerpt":{"rendered":"***Avvertiamo la gentile utenza che per poter procedere a qualsiasi pratica, l\u2019indirizzo deve essere aggiornato all\u2019albo consolare (AIRE). Si prega di comunicare per tempo tramite FAST IT o per via postale*** Si ricorda ai connazionali che presso questa Cancelleria Consolare \u00e8 possibile effettuare pagamenti anche con carta di debito (circuito V PAY lussemburghese). ATTENZIONE: Per [&hellip;]","protected":false},"author":1,"featured_media":0,"parent":47,"menu_order":4,"comment_status":"closed","ping_status":"closed","template":"","meta":{"footnotes":""},"class_list":["post-68","page","type-page","status-publish","hentry"],"_links":{"self":[{"href":"https:\/\/amblussemburgo.esteri.it\/it\/wp-json\/wp\/v2\/pages\/68","targetHints":{"allow":["GET"]}}],"collection":[{"href":"https:\/\/amblussemburgo.esteri.it\/it\/wp-json\/wp\/v2\/pages"}],"about":[{"href":"https:\/\/amblussemburgo.esteri.it\/it\/wp-json\/wp\/v2\/types\/page"}],"author":[{"embeddable":true,"href":"https:\/\/amblussemburgo.esteri.it\/it\/wp-json\/wp\/v2\/users\/1"}],"replies":[{"embeddable":true,"href":"https:\/\/amblussemburgo.esteri.it\/it\/wp-json\/wp\/v2\/comments?post=68"}],"version-history":[{"count":8,"href":"https:\/\/amblussemburgo.esteri.it\/it\/wp-json\/wp\/v2\/pages\/68\/revisions"}],"predecessor-version":[{"id":4436,"href":"https:\/\/amblussemburgo.esteri.it\/it\/wp-json\/wp\/v2\/pages\/68\/revisions\/4436"}],"up":[{"embeddable":true,"href":"https:\/\/amblussemburgo.esteri.it\/it\/wp-json\/wp\/v2\/pages\/47"}],"wp:attachment":[{"href":"https:\/\/amblussemburgo.esteri.it\/it\/wp-json\/wp\/v2\/media?parent=68"}],"curies":[{"name":"wp","href":"https:\/\/api.w.org\/{rel}","templated":true}]}}